{"id":76470,"date":"2025-07-29T12:40:18","date_gmt":"2025-07-29T12:40:18","guid":{"rendered":"https:\/\/skinstudio.ee\/?post_type=product&#038;p=76470"},"modified":"2026-01-28T14:16:30","modified_gmt":"2026-01-28T14:16:30","slug":"advanced-c-infusion-moisturiser","status":"publish","type":"product","link":"https:\/\/skinstudio.ee\/lv\/catalog\/dermaquest\/advanced-c-infusion-moisturiser\/","title":{"rendered":"Advanced C Infusion Moisturiser"},"content":{"rendered":"<p data-start=\"167\" data-end=\"369\"><strong data-start=\"167\" data-end=\"216\">Advanced C Infusion Moisturiser no Dermaquest<\/strong> ir \u0101tri ies\u016bco\u0161s, daudzfunkcion\u0101ls C vitam\u012bna serums, kas paredz\u0113ts, lai atjaunotu \u0101das mirdzumu, izl\u012bdzin\u0101tu toni un aizsarg\u0101tu \u0101du no fotonoveco\u0161an\u0101s.<\/p>\n<p data-start=\"371\" data-end=\"617\">Formula ar 10% THD askorb\u0101tu un citrusaug\u013cu cilmes \u0161\u016bn\u0101m pal\u012bdz izgaismot \u0101du, uzlabot t\u0101s toni un mazin\u0101t apk\u0101rt\u0113j\u0101s vides ietekmes rad\u012bt\u0101s sekas. Serums atbalsta \u0101das aizsargbarjeru, dzi\u013ci mitrina un padara \u0101du svaig\u0101ku, glud\u0101ku un starojo\u0161\u0101ku.<\/p>\n<p data-start=\"619\" data-end=\"761\">Tas ir s\u0101kuma l\u012bme\u0146a C vitam\u012bna serums, kas ide\u0101li piem\u0113rots vesel\u012bga mirdzuma un vienm\u0113r\u012bga to\u0146a atjauno\u0161anai bez kairin\u0101juma vai p\u0101rslodzes.<\/p>\n<p data-start=\"763\" data-end=\"796\"><strong data-start=\"763\" data-end=\"796\">Galveno sast\u0101vda\u013cu iedarb\u012bba:<\/strong><\/p>\n<p data-start=\"798\" data-end=\"1082\"><strong data-start=\"798\" data-end=\"822\">THD Ascorbate (10%):<\/strong> pal\u012bdz izgaismot \u0101du, izl\u012bdzin\u0101t toni un nodro\u0161ina antioksidantu aizsardz\u012bbu.<br data-start=\"900\" data-end=\"903\" \/><strong data-start=\"903\" data-end=\"932\">Citrusaug\u013cu cilmes \u0161\u016bnas:<\/strong> pal\u012bdz uzlabot \u0101das izskatu un aizsarg\u0101t to no fotokait\u0113juma.<br data-start=\"994\" data-end=\"997\" \/><strong data-start=\"997\" data-end=\"1015\">Hialuronsk\u0101be:<\/strong> pal\u012bdz uztur\u0113t mitruma l\u012bmeni un padara \u0101du glud\u0101ku un elast\u012bg\u0101ku.<\/p>\n<p data-start=\"1084\" data-end=\"1189\">Piem\u0113rots visiem \u0101das tipiem, \u012bpa\u0161i bl\u0101vai, dehidrat\u0113tai \u0101dai un \u0101dai ar agr\u012bn\u0101m fotonoveco\u0161an\u0101s paz\u012bm\u0113m.<\/p>\n<p data-start=\"1191\" data-end=\"1209\"><strong data-start=\"1191\" data-end=\"1203\">Tilpums:<\/strong> 30 ml<\/p>\n","protected":false},"excerpt":{"rendered":"<p data-start=\"1308\" data-end=\"1331\">C vitam\u012bna sejas serums<\/p>\n<h2 data-start=\"1333\" data-end=\"1390\"><strong data-start=\"1333\" data-end=\"1390\">\u012apa\u0161\u012bbas Dermaquest &#8211; Advanced C Infusion Moisturiser<\/strong><\/h2>\n<p data-start=\"1392\" data-end=\"1581\">\u2714\ufe0f Izgaismo \u0101du un uzlabo t\u0101s toni<br data-start=\"1426\" data-end=\"1429\" \/>\u2714\ufe0f Intens\u012bvi mitrina un atjauno mirdzumu<br data-start=\"1469\" data-end=\"1472\" \/>\u2714\ufe0f Nodro\u0161ina antioksidantu aizsardz\u012bbu<br data-start=\"1510\" data-end=\"1513\" \/>\u2714\ufe0f Atbalsta \u0101das aizsargbarjeru<br data-start=\"1544\" data-end=\"1547\" \/>\u2714\ufe0f Padara \u0101du glud\u0101ku un kopt\u0101ku<\/p>\n","protected":false},"featured_media":76255,"template":"","meta":[],"pwb-brand":[1257],"product_brand":[],"product_cat":[729,737,751],"product_tag":[],"giftcard-category":[],"class_list":{"0":"post-76470","1":"product","2":"type-product","3":"status-publish","4":"has-post-thumbnail","6":"pwb-brand-dermaquest","7":"product_cat-c-vitamins","8":"product_cat-mitrinasana","9":"product_cat-pigmentacija-lv","11":"first","12":"instock","13":"taxable","14":"shipping-taxable","15":"purchasable","16":"product-type-simple"},"acf":[],"brands":[{"id":1257,"name":"Dermaquest","slug":"dermaquest"}],"_links":{"self":[{"href":"https:\/\/skinstudio.ee\/lv\/wp-json\/wp\/v2\/product\/76470","targetHints":{"allow":["GET"]}}],"collection":[{"href":"https:\/\/skinstudio.ee\/lv\/wp-json\/wp\/v2\/product"}],"about":[{"href":"https:\/\/skinstudio.ee\/lv\/wp-json\/wp\/v2\/types\/product"}],"version-history":[{"count":1,"href":"https:\/\/skinstudio.ee\/lv\/wp-json\/wp\/v2\/product\/76470\/revisions"}],"predecessor-version":[{"id":76471,"href":"https:\/\/skinstudio.ee\/lv\/wp-json\/wp\/v2\/product\/76470\/revisions\/76471"}],"wp:featuredmedia":[{"embeddable":true,"href":"https:\/\/skinstudio.ee\/lv\/wp-json\/wp\/v2\/media\/76255"}],"wp:attachment":[{"href":"https:\/\/skinstudio.ee\/lv\/wp-json\/wp\/v2\/media?parent=76470"}],"wp:term":[{"taxonomy":"pwb-brand","embeddable":true,"href":"https:\/\/skinstudio.ee\/lv\/wp-json\/wp\/v2\/pwb-brand?post=76470"},{"taxonomy":"product_brand","embeddable":true,"href":"https:\/\/skinstudio.ee\/lv\/wp-json\/wp\/v2\/product_brand?post=76470"},{"taxonomy":"product_cat","embeddable":true,"href":"https:\/\/skinstudio.ee\/lv\/wp-json\/wp\/v2\/product_cat?post=76470"},{"taxonomy":"product_tag","embeddable":true,"href":"https:\/\/skinstudio.ee\/lv\/wp-json\/wp\/v2\/product_tag?post=76470"},{"taxonomy":"giftcard-category","embeddable":true,"href":"https:\/\/skinstudio.ee\/lv\/wp-json\/wp\/v2\/giftcard-category?post=76470"}],"curies":[{"name":"wp","href":"https:\/\/api.w.org\/{rel}","templated":true}]}}