{"id":76477,"date":"2025-07-29T12:39:41","date_gmt":"2025-07-29T12:39:41","guid":{"rendered":"https:\/\/skinstudio.ee\/?post_type=product&#038;p=76477"},"modified":"2026-01-28T14:16:30","modified_gmt":"2026-01-28T14:16:30","slug":"c-infusion-eye-cream","status":"publish","type":"product","link":"https:\/\/skinstudio.ee\/lv\/catalog\/dermaquest-lv\/c-infusion-eye-cream\/","title":{"rendered":"C Infusion Eye Cream"},"content":{"rendered":"<p data-start=\"157\" data-end=\"344\"><strong data-start=\"157\" data-end=\"195\">C Infusion Eye Cream no Dermaquest<\/strong> ir uzlabots antioksidantu acu kr\u0113ms, kas paredz\u0113ts, lai mazin\u0101tu grumbas, \u201ev\u0101rnu k\u0101ji\u0146as\u201c, tum\u0161os lokus, piet\u016bkumu un \u0101das tvirtuma zudumu acu zon\u0101.<\/p>\n<p data-start=\"346\" data-end=\"570\">Formula ar C vitam\u012bnu, citrusaug\u013cu cilmes \u0161\u016bn\u0101m, hialuronsk\u0101bi un nostiprino\u0161iem pept\u012bdiem pal\u012bdz redzami izl\u012bdzin\u0101t \u0101du, uzlabot t\u0101s bl\u012bvumu un elast\u012bbu, izgaismot acu zonu un pie\u0161\u0137irt skatienam svaig\u0101ku, atp\u016btu\u0161os izskatu.<\/p>\n<p data-start=\"572\" data-end=\"645\">Regul\u0101ri lietojot, \u0101da ap ac\u012bm izskat\u0101s glud\u0101ka, tvirt\u0101ka un starojo\u0161\u0101ka.<\/p>\n<p data-start=\"647\" data-end=\"680\"><strong data-start=\"647\" data-end=\"680\">Galveno sast\u0101vda\u013cu iedarb\u012bba:<\/strong><\/p>\n<p data-start=\"682\" data-end=\"970\"><strong data-start=\"682\" data-end=\"725\">C vitam\u012bns (Tetrahexyldecyl Ascorbate):<\/strong> pal\u012bdz izgaismot \u0101du, nodro\u0161ina antioksidantu aizsardz\u012bbu un atbalsta tvirtumu.<br data-start=\"805\" data-end=\"808\" \/><strong data-start=\"808\" data-end=\"837\">Citrusaug\u013cu cilmes \u0161\u016bnas:<\/strong> pal\u012bdz uzlabot \u0101das izskatu un aizsarg\u0101t to no fotokait\u0113juma.<br data-start=\"899\" data-end=\"902\" \/><strong data-start=\"902\" data-end=\"920\">Hialuronsk\u0101be:<\/strong> dzi\u013ci mitrina un padara \u0101du glud\u0101ku un piln\u012bg\u0101ku.<\/p>\n<p data-start=\"972\" data-end=\"1065\">Piem\u0113rots visiem \u0101das tipiem, \u012bpa\u0161i acu zonai ar grumb\u0101m, tum\u0161iem lokiem un noguruma paz\u012bm\u0113m.<\/p>\n<p data-start=\"1067\" data-end=\"1085\"><strong data-start=\"1067\" data-end=\"1079\">Tilpums:<\/strong> 15 ml<\/p>\n","protected":false},"excerpt":{"rendered":"<p data-start=\"1147\" data-end=\"1170\">Acu kr\u0113ms ar C vitam\u012bnu<\/p>\n<h2 data-start=\"1172\" data-end=\"1218\"><strong data-start=\"1172\" data-end=\"1218\">\u012apa\u0161\u012bbas Dermaquest &#8211; C Infusion Eye Cream<\/strong><\/h2>\n<p data-start=\"1220\" data-end=\"1431\">\u2714\ufe0f Izgaismo acu zonu un mazina tum\u0161os lokus<br data-start=\"1263\" data-end=\"1266\" \/>\u2714\ufe0f Uzlabo \u0101das tvirtumu un bl\u012bvumu<br data-start=\"1300\" data-end=\"1303\" \/>\u2714\ufe0f Izl\u012bdzina grumbas un \u201ev\u0101rnu k\u0101ji\u0146as\u201c<br data-start=\"1342\" data-end=\"1345\" \/>\u2714\ufe0f Samazina piet\u016bkumu un noguruma paz\u012bmes<br data-start=\"1386\" data-end=\"1389\" \/>\u2714\ufe0f Padara skatienu svaig\u0101ku un atp\u016btu\u0161os<\/p>\n","protected":false},"featured_media":76261,"template":"","meta":[],"pwb-brand":[1257],"product_brand":[],"product_cat":[733,729],"product_tag":[],"giftcard-category":[],"class_list":{"0":"post-76477","1":"product","2":"type-product","3":"status-publish","4":"has-post-thumbnail","6":"pwb-brand-dermaquest-lv","7":"product_cat-ada-ap-acim","8":"product_cat-c-vitamins","10":"first","11":"instock","12":"taxable","13":"shipping-taxable","14":"purchasable","15":"product-type-simple"},"acf":[],"brands":[{"id":1257,"name":"Dermaquest","slug":"dermaquest-lv"}],"_links":{"self":[{"href":"https:\/\/skinstudio.ee\/lv\/wp-json\/wp\/v2\/product\/76477","targetHints":{"allow":["GET"]}}],"collection":[{"href":"https:\/\/skinstudio.ee\/lv\/wp-json\/wp\/v2\/product"}],"about":[{"href":"https:\/\/skinstudio.ee\/lv\/wp-json\/wp\/v2\/types\/product"}],"version-history":[{"count":1,"href":"https:\/\/skinstudio.ee\/lv\/wp-json\/wp\/v2\/product\/76477\/revisions"}],"predecessor-version":[{"id":76478,"href":"https:\/\/skinstudio.ee\/lv\/wp-json\/wp\/v2\/product\/76477\/revisions\/76478"}],"wp:featuredmedia":[{"embeddable":true,"href":"https:\/\/skinstudio.ee\/lv\/wp-json\/wp\/v2\/media\/76261"}],"wp:attachment":[{"href":"https:\/\/skinstudio.ee\/lv\/wp-json\/wp\/v2\/media?parent=76477"}],"wp:term":[{"taxonomy":"pwb-brand","embeddable":true,"href":"https:\/\/skinstudio.ee\/lv\/wp-json\/wp\/v2\/pwb-brand?post=76477"},{"taxonomy":"product_brand","embeddable":true,"href":"https:\/\/skinstudio.ee\/lv\/wp-json\/wp\/v2\/product_brand?post=76477"},{"taxonomy":"product_cat","embeddable":true,"href":"https:\/\/skinstudio.ee\/lv\/wp-json\/wp\/v2\/product_cat?post=76477"},{"taxonomy":"product_tag","embeddable":true,"href":"https:\/\/skinstudio.ee\/lv\/wp-json\/wp\/v2\/product_tag?post=76477"},{"taxonomy":"giftcard-category","embeddable":true,"href":"https:\/\/skinstudio.ee\/lv\/wp-json\/wp\/v2\/giftcard-category?post=76477"}],"curies":[{"name":"wp","href":"https:\/\/api.w.org\/{rel}","templated":true}]}}