{"id":76484,"date":"2025-07-29T12:38:48","date_gmt":"2025-07-29T12:38:48","guid":{"rendered":"https:\/\/skinstudio.ee\/?post_type=product&#038;p=76484"},"modified":"2026-01-28T14:16:31","modified_gmt":"2026-01-28T14:16:31","slug":"phytic-infusion-c-serum","status":"publish","type":"product","link":"https:\/\/skinstudio.ee\/lv\/catalog\/dermaquest\/phytic-infusion-c-serum\/","title":{"rendered":"Phytic Infusion + C Serum"},"content":{"rendered":"<p data-start=\"167\" data-end=\"507\"><strong data-start=\"167\" data-end=\"210\">Phytic Infusion + C Serum no Dermaquest<\/strong> ir antioksidantu serums, kas paredz\u0113ts \u0101das izgaismo\u0161anai, aizsardz\u012bbai pret fotonoveco\u0161anos un \u0101das to\u0146a izl\u012bdzin\u0101\u0161anai. Formula apvieno 8% stabiliz\u0113tas askorb\u012bnsk\u0101bes, 2% fit\u012bnsk\u0101bes un augu antioksidantus, kas pal\u012bdz neitraliz\u0113t br\u012bvos radik\u0101\u013cus un samazin\u0101t apk\u0101rt\u0113j\u0101s vides negat\u012bvo ietekmi.<\/p>\n<p data-start=\"509\" data-end=\"690\">Serums pal\u012bdz samazin\u0101t grumbu un pigment\u0101cijas redzam\u012bbu, padarot \u0101du vienm\u0113r\u012bg\u0101ku, svaig\u0101ku un starojo\u0161\u0101ku. Regul\u0101ri lietojot, \u0101da izskat\u0101s glud\u0101ka, kopt\u0101ka un iev\u0113rojami gai\u0161\u0101ka.<\/p>\n<p data-start=\"692\" data-end=\"725\"><strong data-start=\"692\" data-end=\"725\">Galveno sast\u0101vda\u013cu iedarb\u012bba:<\/strong><\/p>\n<p data-start=\"727\" data-end=\"1027\"><strong data-start=\"727\" data-end=\"761\">C vitam\u012bns (8% askorb\u012bnsk\u0101be):<\/strong> pal\u012bdz izgaismot \u0101du, izl\u012bdzin\u0101t toni un nodro\u0161ina antioksidantu aizsardz\u012bbu.<br data-start=\"839\" data-end=\"842\" \/><strong data-start=\"842\" data-end=\"862\">Fit\u012bnsk\u0101be (2%):<\/strong> maigi atjauno \u0101du un pal\u012bdz mazin\u0101t pigment\u0101cijas redzam\u012bbu.<br data-start=\"923\" data-end=\"926\" \/><strong data-start=\"926\" data-end=\"954\">Ginkgo biloba ekstrakts:<\/strong> pal\u012bdz aizsarg\u0101t \u0101du no oksidat\u012bv\u0101 stresa un priek\u0161laic\u012bgas noveco\u0161an\u0101s.<\/p>\n<p data-start=\"1029\" data-end=\"1134\">Piem\u0113rots visiem \u0101das tipiem, \u012bpa\u0161i bl\u0101vai \u0101dai, \u0101dai ar pigment\u0101ciju un agr\u012bn\u0101m fotonoveco\u0161an\u0101s paz\u012bm\u0113m.<\/p>\n<p data-start=\"1136\" data-end=\"1154\"><strong data-start=\"1136\" data-end=\"1148\">Tilpums:<\/strong> 30 ml<\/p>\n","protected":false},"excerpt":{"rendered":"<p data-start=\"1264\" data-end=\"1304\">Sejas serums ar C vitam\u012bnu un fit\u012bnsk\u0101bi<\/p>\n<h2 data-start=\"1306\" data-end=\"1357\"><strong data-start=\"1306\" data-end=\"1357\">\u012apa\u0161\u012bbas Dermaquest &#8211; Phytic Infusion + C Serum<\/strong><\/h2>\n<p data-start=\"1359\" data-end=\"1572\">\u2714\ufe0f Izgaismo \u0101du un izl\u012bdzina t\u0101s toni<br data-start=\"1396\" data-end=\"1399\" \/>\u2714\ufe0f Pal\u012bdz samazin\u0101t pigment\u0101cijas redzam\u012bbu<br data-start=\"1442\" data-end=\"1445\" \/>\u2714\ufe0f Nodro\u0161ina antioksidantu aizsardz\u012bbu<br data-start=\"1483\" data-end=\"1486\" \/>\u2714\ufe0f Pal\u012bdz c\u012bn\u012bties ar fotonoveco\u0161an\u0101s paz\u012bm\u0113m<br data-start=\"1531\" data-end=\"1534\" \/>\u2714\ufe0f Pie\u0161\u0137ir \u0101dai mirdzumu un svaigumu<\/p>\n","protected":false},"featured_media":76267,"template":"","meta":[],"pwb-brand":[1257],"product_brand":[],"product_cat":[729,751,723],"product_tag":[],"giftcard-category":[],"class_list":{"0":"post-76484","1":"product","2":"type-product","3":"status-publish","4":"has-post-thumbnail","6":"pwb-brand-dermaquest","7":"product_cat-c-vitamins","8":"product_cat-pigmentacija-lv","9":"product_cat-serumi","11":"first","12":"instock","13":"taxable","14":"shipping-taxable","15":"purchasable","16":"product-type-simple"},"acf":[],"brands":[{"id":1257,"name":"Dermaquest","slug":"dermaquest"}],"_links":{"self":[{"href":"https:\/\/skinstudio.ee\/lv\/wp-json\/wp\/v2\/product\/76484","targetHints":{"allow":["GET"]}}],"collection":[{"href":"https:\/\/skinstudio.ee\/lv\/wp-json\/wp\/v2\/product"}],"about":[{"href":"https:\/\/skinstudio.ee\/lv\/wp-json\/wp\/v2\/types\/product"}],"version-history":[{"count":1,"href":"https:\/\/skinstudio.ee\/lv\/wp-json\/wp\/v2\/product\/76484\/revisions"}],"predecessor-version":[{"id":76485,"href":"https:\/\/skinstudio.ee\/lv\/wp-json\/wp\/v2\/product\/76484\/revisions\/76485"}],"wp:featuredmedia":[{"embeddable":true,"href":"https:\/\/skinstudio.ee\/lv\/wp-json\/wp\/v2\/media\/76267"}],"wp:attachment":[{"href":"https:\/\/skinstudio.ee\/lv\/wp-json\/wp\/v2\/media?parent=76484"}],"wp:term":[{"taxonomy":"pwb-brand","embeddable":true,"href":"https:\/\/skinstudio.ee\/lv\/wp-json\/wp\/v2\/pwb-brand?post=76484"},{"taxonomy":"product_brand","embeddable":true,"href":"https:\/\/skinstudio.ee\/lv\/wp-json\/wp\/v2\/product_brand?post=76484"},{"taxonomy":"product_cat","embeddable":true,"href":"https:\/\/skinstudio.ee\/lv\/wp-json\/wp\/v2\/product_cat?post=76484"},{"taxonomy":"product_tag","embeddable":true,"href":"https:\/\/skinstudio.ee\/lv\/wp-json\/wp\/v2\/product_tag?post=76484"},{"taxonomy":"giftcard-category","embeddable":true,"href":"https:\/\/skinstudio.ee\/lv\/wp-json\/wp\/v2\/giftcard-category?post=76484"}],"curies":[{"name":"wp","href":"https:\/\/api.w.org\/{rel}","templated":true}]}}