{"id":76491,"date":"2025-07-29T12:36:09","date_gmt":"2025-07-29T12:36:09","guid":{"rendered":"https:\/\/skinstudio.ee\/?post_type=product&#038;p=76491"},"modified":"2026-01-28T14:16:30","modified_gmt":"2026-01-28T14:16:30","slug":"ferulic-infusion-c-serum","status":"publish","type":"product","link":"https:\/\/skinstudio.ee\/lv\/catalog\/dermaquest-lv\/ferulic-infusion-c-serum\/","title":{"rendered":"Ferulic Infusion + C Serum"},"content":{"rendered":"<p data-start=\"169\" data-end=\"527\"><strong data-start=\"169\" data-end=\"213\">Ferulic Infusion + C Serum no Dermaquest<\/strong> ir sp\u0113c\u012bgs antioksidantu serums, kas paredz\u0113ts \u0101das aizsardz\u012bbai pret fotonoveco\u0161anos, \u0101das to\u0146a uzlabo\u0161anai un tvirtuma palielin\u0101\u0161anai. Formula apvieno t\u012bru, stabilu C vitam\u012bnu, E vitam\u012bnu, ferulsk\u0101bi un augu antioksidantus, kas pal\u012bdz neitraliz\u0113t br\u012bvos radik\u0101\u013cus un samazin\u0101t apk\u0101rt\u0113j\u0101s vides negat\u012bvo ietekmi.<\/p>\n<p data-start=\"529\" data-end=\"736\">Serums pal\u012bdz samazin\u0101t gan smalk\u0101s, gan dzi\u013c\u0101k\u0101s grumbas, uzlabo \u0101das elast\u012bbu, izl\u012bdzina \u0101das toni un pal\u012bdz mazin\u0101t pigment\u0101ciju. Regul\u0101ri lietojot, \u0101da izskat\u0101s glud\u0101ka, tvirt\u0101ka un paman\u0101mi starojo\u0161\u0101ka.<\/p>\n<p data-start=\"738\" data-end=\"771\"><strong data-start=\"738\" data-end=\"771\">Galveno sast\u0101vda\u013cu iedarb\u012bba:<\/strong><\/p>\n<p data-start=\"773\" data-end=\"1062\"><strong data-start=\"773\" data-end=\"804\">C vitam\u012bns (askorb\u012bnsk\u0101be):<\/strong> pal\u012bdz izgaismot \u0101du, izl\u012bdzin\u0101t toni un stimul\u0113 kolag\u0113na veido\u0161anos.<br data-start=\"874\" data-end=\"877\" \/><strong data-start=\"877\" data-end=\"892\">Ferulsk\u0101be:<\/strong> pastiprina antioksidantu aizsardz\u012bbu un pal\u012bdz c\u012bn\u012bties ar fotonoveco\u0161an\u0101s paz\u012bm\u0113m.<br data-start=\"976\" data-end=\"979\" \/><strong data-start=\"979\" data-end=\"994\">E vitam\u012bns:<\/strong> atbalsta \u0101das aizsargbarjeru un pal\u012bdz samazin\u0101t oksidat\u012bvo stresu.<\/p>\n<p data-start=\"1064\" data-end=\"1169\">Piem\u0113rots visiem \u0101das tipiem, \u012bpa\u0161i \u0101dai ar fotonoveco\u0161an\u0101s paz\u012bm\u0113m, pigment\u0101ciju un samazin\u0101tu tvirtumu.<\/p>\n<p data-start=\"1171\" data-end=\"1189\"><strong data-start=\"1171\" data-end=\"1183\">Tilpums:<\/strong> 30 ml<\/p>\n","protected":false},"excerpt":{"rendered":"<p data-start=\"1299\" data-end=\"1339\">Sejas serums ar C vitam\u012bnu un ferulsk\u0101bi<\/p>\n<h2 data-start=\"1341\" data-end=\"1393\"><strong data-start=\"1341\" data-end=\"1393\">\u012apa\u0161\u012bbas Dermaquest &#8211; Ferulic Infusion + C Serum<\/strong><\/h2>\n<p data-start=\"1395\" data-end=\"1615\">\u2714\ufe0f Nodro\u0161ina sp\u0113c\u012bgu antioksidantu aizsardz\u012bbu<br data-start=\"1441\" data-end=\"1444\" \/>\u2714\ufe0f Izgaismo \u0101du un izl\u012bdzina t\u0101s toni<br data-start=\"1481\" data-end=\"1484\" \/>\u2714\ufe0f Pal\u012bdz mazin\u0101t grumbas un fotonoveco\u0161an\u0101s paz\u012bmes<br data-start=\"1536\" data-end=\"1539\" \/>\u2714\ufe0f Uzlabo \u0101das tvirtumu un elast\u012bbu<br data-start=\"1574\" data-end=\"1577\" \/>\u2714\ufe0f Pie\u0161\u0137ir \u0101dai mirdzumu un svaigumu<\/p>\n","protected":false},"featured_media":76355,"template":"","meta":[],"pwb-brand":[1257],"product_brand":[],"product_cat":[729,723],"product_tag":[],"giftcard-category":[],"class_list":{"0":"post-76491","1":"product","2":"type-product","3":"status-publish","4":"has-post-thumbnail","6":"pwb-brand-dermaquest-lv","7":"product_cat-c-vitamins","8":"product_cat-serumi","10":"first","11":"instock","12":"taxable","13":"shipping-taxable","14":"purchasable","15":"product-type-simple"},"acf":[],"brands":[{"id":1257,"name":"Dermaquest","slug":"dermaquest-lv"}],"_links":{"self":[{"href":"https:\/\/skinstudio.ee\/lv\/wp-json\/wp\/v2\/product\/76491","targetHints":{"allow":["GET"]}}],"collection":[{"href":"https:\/\/skinstudio.ee\/lv\/wp-json\/wp\/v2\/product"}],"about":[{"href":"https:\/\/skinstudio.ee\/lv\/wp-json\/wp\/v2\/types\/product"}],"version-history":[{"count":1,"href":"https:\/\/skinstudio.ee\/lv\/wp-json\/wp\/v2\/product\/76491\/revisions"}],"predecessor-version":[{"id":76492,"href":"https:\/\/skinstudio.ee\/lv\/wp-json\/wp\/v2\/product\/76491\/revisions\/76492"}],"wp:featuredmedia":[{"embeddable":true,"href":"https:\/\/skinstudio.ee\/lv\/wp-json\/wp\/v2\/media\/76355"}],"wp:attachment":[{"href":"https:\/\/skinstudio.ee\/lv\/wp-json\/wp\/v2\/media?parent=76491"}],"wp:term":[{"taxonomy":"pwb-brand","embeddable":true,"href":"https:\/\/skinstudio.ee\/lv\/wp-json\/wp\/v2\/pwb-brand?post=76491"},{"taxonomy":"product_brand","embeddable":true,"href":"https:\/\/skinstudio.ee\/lv\/wp-json\/wp\/v2\/product_brand?post=76491"},{"taxonomy":"product_cat","embeddable":true,"href":"https:\/\/skinstudio.ee\/lv\/wp-json\/wp\/v2\/product_cat?post=76491"},{"taxonomy":"product_tag","embeddable":true,"href":"https:\/\/skinstudio.ee\/lv\/wp-json\/wp\/v2\/product_tag?post=76491"},{"taxonomy":"giftcard-category","embeddable":true,"href":"https:\/\/skinstudio.ee\/lv\/wp-json\/wp\/v2\/giftcard-category?post=76491"}],"curies":[{"name":"wp","href":"https:\/\/api.w.org\/{rel}","templated":true}]}}