{"id":76500,"date":"2025-07-29T12:35:35","date_gmt":"2025-07-29T12:35:35","guid":{"rendered":"https:\/\/skinstudio.ee\/?post_type=product&#038;p=76500"},"modified":"2026-01-28T14:16:30","modified_gmt":"2026-01-28T14:16:30","slug":"advanced-b5-with-ferulic-acid","status":"publish","type":"product","link":"https:\/\/skinstudio.ee\/lv\/catalog\/dermaquest-lv\/advanced-b5-with-ferulic-acid\/","title":{"rendered":"Advanced B5 with Ferulic Acid"},"content":{"rendered":"<p data-start=\"632\" data-end=\"1007\">Advanced B5 with Ferulic Acid no Dermaquest ir viegla, kl\u012bniski pier\u0101d\u012bta mitrino\u0161a seruma formula, kas apvieno provitam\u012bnu B5, ferulsk\u0101bi un hialuronsk\u0101bi ar da\u017e\u0101du molekul\u0101ro masu, lai nodro\u0161in\u0101tu gan dzi\u013cu mitrin\u0101\u0161anu, gan sp\u0113c\u012bgu antioksidantu aizsardz\u012bbu. Formula pal\u012bdz stiprin\u0101t \u0101das aizsargbarjeru, uzlabo elast\u012bbu un atjauno svaig\u0101ku, glud\u0101ku un starojo\u0161\u0101ku izskatu.<\/p>\n<p data-start=\"1009\" data-end=\"1218\">Serums redzami uzlabo \u0101das mitruma l\u012bmeni, palielina t\u0101s elast\u012bbu, mazina savilkuma saj\u016btu un pal\u012bdz aizsarg\u0101t \u0101du no apk\u0101rt\u0113j\u0101s vides ietekmes. Regul\u0101ri lietojot, \u0101da izskat\u0101s vesel\u012bg\u0101ka, tvirt\u0101ka un kopt\u0101ka.<\/p>\n<p data-start=\"1220\" data-end=\"1260\"><strong data-start=\"1220\" data-end=\"1260\">Galveno akt\u012bvo sast\u0101vda\u013cu iedarb\u012bba:<\/strong><\/p>\n<p data-start=\"1262\" data-end=\"1588\"><strong data-start=\"1262\" data-end=\"1293\">Provitam\u012bns B5 (pantenols):<\/strong> intens\u012bvi mitrina, nomierina \u0101du un atbalsta \u0101das barjeras atjauno\u0161anu.<br data-start=\"1365\" data-end=\"1368\" \/><strong data-start=\"1368\" data-end=\"1383\">Ferulsk\u0101be:<\/strong> nodro\u0161ina antioksidantu aizsardz\u012bbu un pal\u012bdz pasarg\u0101t \u0101du no vides kait\u0113juma.<br data-start=\"1462\" data-end=\"1465\" \/><strong data-start=\"1465\" data-end=\"1506\">Hialuronsk\u0101be (da\u017e\u0101das molekulmasas):<\/strong> mitrina gan \u0101das virsmu, gan dzi\u013c\u0101kos sl\u0101\u0146us, uzlabojot \u0101das gludumu un elast\u012bbu.<\/p>\n<p data-start=\"1590\" data-end=\"1664\">Piem\u0113rots visiem \u0101das tipiem, \u012bpa\u0161i dehidr\u0113tai, jut\u012bgai un noguru\u0161ai \u0101dai.<\/p>\n<p data-start=\"1666\" data-end=\"1688\"><strong data-start=\"1666\" data-end=\"1678\">Tilpums:<\/strong> <strong data-start=\"1679\" data-end=\"1688\">30 ml<\/strong><\/p>\n","protected":false},"excerpt":{"rendered":"<p data-start=\"1802\" data-end=\"1843\">Sejas serums ar vitam\u012bnu B5 un ferulsk\u0101bi<\/p>\n<h2 data-start=\"1845\" data-end=\"1900\"><strong data-start=\"1845\" data-end=\"1900\">\u012apa\u0161\u012bbas Dermaquest &#8211; Advanced B5 with Ferulic Acid<\/strong><\/h2>\n<p data-start=\"1902\" data-end=\"2109\">\u2714\ufe0f Intens\u012bvi mitrina un nov\u0113r\u0161 dehidrat\u0101ciju<br data-start=\"1946\" data-end=\"1949\" \/>\u2714\ufe0f Stiprina \u0101das barjeru un uzlabo elast\u012bbu<br data-start=\"1992\" data-end=\"1995\" \/>\u2714\ufe0f Nodro\u0161ina antioksidantu aizsardz\u012bbu<br data-start=\"2033\" data-end=\"2036\" \/>\u2714\ufe0f Padara \u0101du glud\u0101ku un starojo\u0161\u0101ku<br data-start=\"2072\" data-end=\"2075\" \/>\u2714\ufe0f Piem\u0113rots ikdienas lieto\u0161anai<\/p>\n","protected":false},"featured_media":76274,"template":"","meta":[],"pwb-brand":[1257],"product_brand":[],"product_cat":[729,723],"product_tag":[],"giftcard-category":[],"class_list":{"0":"post-76500","1":"product","2":"type-product","3":"status-publish","4":"has-post-thumbnail","6":"pwb-brand-dermaquest-lv","7":"product_cat-c-vitamins","8":"product_cat-serumi","10":"first","11":"instock","12":"taxable","13":"shipping-taxable","14":"purchasable","15":"product-type-simple"},"acf":[],"brands":[{"id":1257,"name":"Dermaquest","slug":"dermaquest-lv"}],"_links":{"self":[{"href":"https:\/\/skinstudio.ee\/lv\/wp-json\/wp\/v2\/product\/76500","targetHints":{"allow":["GET"]}}],"collection":[{"href":"https:\/\/skinstudio.ee\/lv\/wp-json\/wp\/v2\/product"}],"about":[{"href":"https:\/\/skinstudio.ee\/lv\/wp-json\/wp\/v2\/types\/product"}],"version-history":[{"count":1,"href":"https:\/\/skinstudio.ee\/lv\/wp-json\/wp\/v2\/product\/76500\/revisions"}],"predecessor-version":[{"id":76501,"href":"https:\/\/skinstudio.ee\/lv\/wp-json\/wp\/v2\/product\/76500\/revisions\/76501"}],"wp:featuredmedia":[{"embeddable":true,"href":"https:\/\/skinstudio.ee\/lv\/wp-json\/wp\/v2\/media\/76274"}],"wp:attachment":[{"href":"https:\/\/skinstudio.ee\/lv\/wp-json\/wp\/v2\/media?parent=76500"}],"wp:term":[{"taxonomy":"pwb-brand","embeddable":true,"href":"https:\/\/skinstudio.ee\/lv\/wp-json\/wp\/v2\/pwb-brand?post=76500"},{"taxonomy":"product_brand","embeddable":true,"href":"https:\/\/skinstudio.ee\/lv\/wp-json\/wp\/v2\/product_brand?post=76500"},{"taxonomy":"product_cat","embeddable":true,"href":"https:\/\/skinstudio.ee\/lv\/wp-json\/wp\/v2\/product_cat?post=76500"},{"taxonomy":"product_tag","embeddable":true,"href":"https:\/\/skinstudio.ee\/lv\/wp-json\/wp\/v2\/product_tag?post=76500"},{"taxonomy":"giftcard-category","embeddable":true,"href":"https:\/\/skinstudio.ee\/lv\/wp-json\/wp\/v2\/giftcard-category?post=76500"}],"curies":[{"name":"wp","href":"https:\/\/api.w.org\/{rel}","templated":true}]}}