{"id":76507,"date":"2025-07-29T12:35:01","date_gmt":"2025-07-29T12:35:01","guid":{"rendered":"https:\/\/skinstudio.ee\/?post_type=product&#038;p=76507"},"modified":"2026-01-28T14:16:30","modified_gmt":"2026-01-28T14:16:30","slug":"advanced-dermaclear-serum","status":"publish","type":"product","link":"https:\/\/skinstudio.ee\/lv\/catalog\/dermaquest-lv\/advanced-dermaclear-serum\/","title":{"rendered":"Advanced DermaClear Serum"},"content":{"rendered":"<p data-start=\"150\" data-end=\"484\"><strong data-start=\"150\" data-end=\"193\">Advanced DermaClear Serum no Dermaquest<\/strong> ir \u012bpa\u0161i viegla seruma formula \u0101dai ar noslieci uz izsitumiem, kas pal\u012bdz \u0101tri mazin\u0101t iekaisumus, att\u012br\u012bt poras un normaliz\u0113t liek\u0101 sebuma veido\u0161anos. Formula darbojas vair\u0101kos l\u012bme\u0146os: maigi noloba \u0101du, samazina taukain\u012bbu un mazina \u0101r\u0113jo faktoru ietekmi, kas veicina izsitumu veido\u0161anos.<\/p>\n<p data-start=\"486\" data-end=\"649\">Regul\u0101ri lietojot, \u0101da k\u013c\u016bst redzami t\u012br\u0101ka, mier\u012bg\u0101ka un vienm\u0113r\u012bg\u0101ka. Samazin\u0101s poru redzam\u012bba, un \u0101das tekst\u016bra izskat\u0101s glud\u0101ka un kopt\u0101ka bez smaguma saj\u016btas.<\/p>\n<p data-start=\"651\" data-end=\"691\"><strong data-start=\"651\" data-end=\"691\">Galveno akt\u012bvo sast\u0101vda\u013cu iedarb\u012bba:<\/strong><\/p>\n<p data-start=\"693\" data-end=\"955\"><strong data-start=\"693\" data-end=\"710\">Azela\u012bnsk\u0101be:<\/strong> pal\u012bdz mazin\u0101t iekaisumus, izl\u012bdzina \u0101das toni un samazina izsitumus.<br data-start=\"780\" data-end=\"783\" \/><strong data-start=\"783\" data-end=\"799\">Glikolsk\u0101be:<\/strong> maigi noloba, pal\u012bdz att\u012br\u012bt poras un veicina \u0101das atjauno\u0161anos.<br data-start=\"864\" data-end=\"867\" \/><strong data-start=\"867\" data-end=\"883\">Niacinam\u012bds:<\/strong> regul\u0113 sebuma izdal\u012b\u0161anos, nomierina \u0101du un uzlabo t\u0101s kop\u0113jo st\u0101vokli.<\/p>\n<p data-start=\"957\" data-end=\"1035\">Piem\u0113rots taukainai un kombin\u0113tai \u0101dai, k\u0101 ar\u012b \u0101dai ar noslieci uz izsitumiem.<\/p>\n<p data-start=\"1037\" data-end=\"1059\"><strong data-start=\"1037\" data-end=\"1049\">Tilpums:<\/strong> <strong data-start=\"1050\" data-end=\"1059\">30 ml<\/strong><\/p>\n","protected":false},"excerpt":{"rendered":"<p data-start=\"1155\" data-end=\"1186\">Uzlabots serums pret izsitumiem<\/p>\n<h2 data-start=\"1188\" data-end=\"1239\"><strong data-start=\"1188\" data-end=\"1239\">\u012apa\u0161\u012bbas Dermaquest &#8211; Advanced DermaClear Serum<\/strong><\/h2>\n<p data-start=\"1241\" data-end=\"1437\">\u2714\ufe0f Samazina iekaisumus un izsitumu daudzumu<br data-start=\"1284\" data-end=\"1287\" \/>\u2714\ufe0f Att\u012bra poras un samazina to redzam\u012bbu<br data-start=\"1327\" data-end=\"1330\" \/>\u2714\ufe0f L\u012bdzsvaro sebuma izdal\u012b\u0161anos<br data-start=\"1361\" data-end=\"1364\" \/>\u2714\ufe0f Uzlabo \u0101das tekst\u016bru un toni<br data-start=\"1395\" data-end=\"1398\" \/>\u2714\ufe0f Viegls sast\u0101vs bez smaguma saj\u016btas<\/p>\n","protected":false},"featured_media":76289,"template":"","meta":[],"pwb-brand":[1257],"product_brand":[],"product_cat":[741,743,723,747],"product_tag":[],"giftcard-category":[],"class_list":{"0":"post-76507","1":"product","2":"type-product","3":"status-publish","4":"has-post-thumbnail","6":"pwb-brand-dermaquest-lv","7":"product_cat-izsitumi","8":"product_cat-paplasinatas-poras","9":"product_cat-serumi","10":"product_cat-taukainai-adai","12":"first","13":"instock","14":"taxable","15":"shipping-taxable","16":"purchasable","17":"product-type-simple"},"acf":[],"brands":[{"id":1257,"name":"Dermaquest","slug":"dermaquest-lv"}],"_links":{"self":[{"href":"https:\/\/skinstudio.ee\/lv\/wp-json\/wp\/v2\/product\/76507","targetHints":{"allow":["GET"]}}],"collection":[{"href":"https:\/\/skinstudio.ee\/lv\/wp-json\/wp\/v2\/product"}],"about":[{"href":"https:\/\/skinstudio.ee\/lv\/wp-json\/wp\/v2\/types\/product"}],"version-history":[{"count":1,"href":"https:\/\/skinstudio.ee\/lv\/wp-json\/wp\/v2\/product\/76507\/revisions"}],"predecessor-version":[{"id":76508,"href":"https:\/\/skinstudio.ee\/lv\/wp-json\/wp\/v2\/product\/76507\/revisions\/76508"}],"wp:featuredmedia":[{"embeddable":true,"href":"https:\/\/skinstudio.ee\/lv\/wp-json\/wp\/v2\/media\/76289"}],"wp:attachment":[{"href":"https:\/\/skinstudio.ee\/lv\/wp-json\/wp\/v2\/media?parent=76507"}],"wp:term":[{"taxonomy":"pwb-brand","embeddable":true,"href":"https:\/\/skinstudio.ee\/lv\/wp-json\/wp\/v2\/pwb-brand?post=76507"},{"taxonomy":"product_brand","embeddable":true,"href":"https:\/\/skinstudio.ee\/lv\/wp-json\/wp\/v2\/product_brand?post=76507"},{"taxonomy":"product_cat","embeddable":true,"href":"https:\/\/skinstudio.ee\/lv\/wp-json\/wp\/v2\/product_cat?post=76507"},{"taxonomy":"product_tag","embeddable":true,"href":"https:\/\/skinstudio.ee\/lv\/wp-json\/wp\/v2\/product_tag?post=76507"},{"taxonomy":"giftcard-category","embeddable":true,"href":"https:\/\/skinstudio.ee\/lv\/wp-json\/wp\/v2\/giftcard-category?post=76507"}],"curies":[{"name":"wp","href":"https:\/\/api.w.org\/{rel}","templated":true}]}}