{"id":76514,"date":"2025-07-29T12:34:35","date_gmt":"2025-07-29T12:34:35","guid":{"rendered":"https:\/\/skinstudio.ee\/?post_type=product&#038;p=76514"},"modified":"2026-01-28T14:16:30","modified_gmt":"2026-01-28T14:16:30","slug":"dermaclear-mask","status":"publish","type":"product","link":"https:\/\/skinstudio.ee\/lv\/catalog\/dermaquest\/dermaclear-mask\/","title":{"rendered":"DermaClear Mask"},"content":{"rendered":"<div class=\"product-info__description\">\n<div class=\"prose\">\n<p data-start=\"218\" data-end=\"506\"><strong data-start=\"218\" data-end=\"251\">DermaClear Mask no Dermaquest<\/strong> ir att\u012bro\u0161a maska \u0101dai ar noslieci uz izsitumiem, kas pal\u012bdz samazin\u0101t iekaisumus, att\u012br\u012bt poras un uzlabot \u0101das kop\u0113jo st\u0101vokli. Formula apvieno att\u012bro\u0161u, sebuma regul\u0113jo\u0161u un nomierino\u0161u iedarb\u012bbu, padarot \u0101du t\u012br\u0101ku, mier\u012bg\u0101ku un vizu\u0101li vienm\u0113r\u012bg\u0101ku.<\/p>\n<p data-start=\"508\" data-end=\"661\">Regul\u0101ri lietojot, \u0101da k\u013c\u016bst maz\u0101k taukaina, samazin\u0101s aps\u0101rtums un izsitumu daudzums, bet \u0101das tekst\u016bra izskat\u0101s glud\u0101ka un kopt\u0101ka bez sausuma saj\u016btas.<\/p>\n<p data-start=\"663\" data-end=\"703\"><strong data-start=\"663\" data-end=\"703\">Galveno akt\u012bvo sast\u0101vda\u013cu iedarb\u012bba:<\/strong><\/p>\n<p data-start=\"705\" data-end=\"971\"><strong data-start=\"705\" data-end=\"722\">Salicilsk\u0101be:<\/strong> pal\u012bdz att\u012br\u012bt poras, mazin\u0101t iekaisumus un nov\u0113rst jaunu izsitumu veido\u0161anos.<br data-start=\"801\" data-end=\"804\" \/><strong data-start=\"804\" data-end=\"821\">Kaol\u012bna m\u0101ls:<\/strong> absorb\u0113 lieko sebumu, dzi\u013ci att\u012bra \u0101du un samazina sp\u012bdumu.<br data-start=\"881\" data-end=\"884\" \/><strong data-start=\"884\" data-end=\"913\">Augu cilmes cilmes \u0161\u016bnas:<\/strong> atbalsta \u0101das atjauno\u0161anos un uzlabo t\u0101s kop\u0113jo st\u0101vokli.<\/p>\n<p data-start=\"973\" data-end=\"1051\">Piem\u0113rota taukainai un kombin\u0113tai \u0101dai, k\u0101 ar\u012b \u0101dai ar noslieci uz izsitumiem.<\/p>\n<p data-start=\"1053\" data-end=\"1075\"><strong data-start=\"1053\" data-end=\"1065\">Tilpums:<\/strong> <strong data-start=\"1066\" data-end=\"1075\">60 ml<\/strong><\/p>\n<\/div>\n<\/div>\n","protected":false},"excerpt":{"rendered":"<p data-start=\"1246\" data-end=\"1285\">Att\u012bro\u0161a maska \u0101dai ar noslieci uz akni<\/p>\n<h2 data-start=\"1287\" data-end=\"1328\"><strong data-start=\"1287\" data-end=\"1328\">\u012apa\u0161\u012bbas Dermaquest &#8211; DermaClear Mask<\/strong><\/h2>\n<p data-start=\"1330\" data-end=\"1526\">\u2714\ufe0f Att\u012bra poras un samazina taukain\u012bbu<br data-start=\"1368\" data-end=\"1371\" \/>\u2714\ufe0f Pal\u012bdz mazin\u0101t izsitumus un aps\u0101rtumu<br data-start=\"1411\" data-end=\"1414\" \/>\u2714\ufe0f Nomierina \u0101du un uzlabo t\u0101s tekst\u016bru<br data-start=\"1453\" data-end=\"1456\" \/>\u2714\ufe0f Padara \u0101du mat\u0113t\u0101ku un t\u012br\u0101ku<br data-start=\"1488\" data-end=\"1491\" \/>\u2714\ufe0f Piem\u0113rota regul\u0101rai lieto\u0161anai<\/p>\n","protected":false},"featured_media":76295,"template":"","meta":[],"pwb-brand":[1257],"product_brand":[],"product_cat":[741,725,743,747],"product_tag":[],"giftcard-category":[],"class_list":{"0":"post-76514","1":"product","2":"type-product","3":"status-publish","4":"has-post-thumbnail","6":"pwb-brand-dermaquest","7":"product_cat-izsitumi","8":"product_cat-maskas","9":"product_cat-paplasinatas-poras","10":"product_cat-taukainai-adai","12":"first","13":"instock","14":"taxable","15":"shipping-taxable","16":"purchasable","17":"product-type-simple"},"acf":[],"brands":[{"id":1257,"name":"Dermaquest","slug":"dermaquest"}],"_links":{"self":[{"href":"https:\/\/skinstudio.ee\/lv\/wp-json\/wp\/v2\/product\/76514","targetHints":{"allow":["GET"]}}],"collection":[{"href":"https:\/\/skinstudio.ee\/lv\/wp-json\/wp\/v2\/product"}],"about":[{"href":"https:\/\/skinstudio.ee\/lv\/wp-json\/wp\/v2\/types\/product"}],"version-history":[{"count":1,"href":"https:\/\/skinstudio.ee\/lv\/wp-json\/wp\/v2\/product\/76514\/revisions"}],"predecessor-version":[{"id":76515,"href":"https:\/\/skinstudio.ee\/lv\/wp-json\/wp\/v2\/product\/76514\/revisions\/76515"}],"wp:featuredmedia":[{"embeddable":true,"href":"https:\/\/skinstudio.ee\/lv\/wp-json\/wp\/v2\/media\/76295"}],"wp:attachment":[{"href":"https:\/\/skinstudio.ee\/lv\/wp-json\/wp\/v2\/media?parent=76514"}],"wp:term":[{"taxonomy":"pwb-brand","embeddable":true,"href":"https:\/\/skinstudio.ee\/lv\/wp-json\/wp\/v2\/pwb-brand?post=76514"},{"taxonomy":"product_brand","embeddable":true,"href":"https:\/\/skinstudio.ee\/lv\/wp-json\/wp\/v2\/product_brand?post=76514"},{"taxonomy":"product_cat","embeddable":true,"href":"https:\/\/skinstudio.ee\/lv\/wp-json\/wp\/v2\/product_cat?post=76514"},{"taxonomy":"product_tag","embeddable":true,"href":"https:\/\/skinstudio.ee\/lv\/wp-json\/wp\/v2\/product_tag?post=76514"},{"taxonomy":"giftcard-category","embeddable":true,"href":"https:\/\/skinstudio.ee\/lv\/wp-json\/wp\/v2\/giftcard-category?post=76514"}],"curies":[{"name":"wp","href":"https:\/\/api.w.org\/{rel}","templated":true}]}}