{"id":76521,"date":"2025-07-29T12:33:39","date_gmt":"2025-07-29T12:33:39","guid":{"rendered":"https:\/\/skinstudio.ee\/?post_type=product&#038;p=76521"},"modified":"2026-01-28T14:16:30","modified_gmt":"2026-01-28T14:16:30","slug":"b5-moisture-matte","status":"publish","type":"product","link":"https:\/\/skinstudio.ee\/lv\/catalog\/dermaquest-lv\/b5-moisture-matte\/","title":{"rendered":"B5 Moisture Matte"},"content":{"rendered":"<p data-start=\"165\" data-end=\"473\"><strong data-start=\"165\" data-end=\"200\">B5 Moisture Matte no Dermaquest<\/strong> ir viegls mitrino\u0161s serums kombin\u0113tai un taukainai \u0101dai, kas nodro\u0161ina komfortablu mitrin\u0101\u0161anu bez sp\u012bduma un smaguma saj\u016btas. Formula pal\u012bdz mazin\u0101t aps\u0101rtumu, samazin\u0101t poru redzam\u012bbu un l\u012bdzsvarot sebuma izdal\u012b\u0161anos, saglab\u0101jot \u0101du svaigu un mat\u0113tu visas dienas garum\u0101.<\/p>\n<p data-start=\"475\" data-end=\"645\">Regul\u0101ri lietojot, \u0101da k\u013c\u016bst l\u012bdzsvarot\u0101ka, maz\u0101k taukaina dienas laik\u0101 un glud\u0101ka uz tausti. Serums pal\u012bdz uztur\u0113t optim\u0101lu mitruma l\u012bmeni un uzlabo \u0101das kop\u0113jo izskatu.<\/p>\n<p data-start=\"647\" data-end=\"687\"><strong data-start=\"647\" data-end=\"687\">Galveno akt\u012bvo sast\u0101vda\u013cu iedarb\u012bba:<\/strong><\/p>\n<p data-start=\"689\" data-end=\"964\"><strong data-start=\"689\" data-end=\"720\">Provitam\u012bns B5 (pantenols):<\/strong> intens\u012bvi mitrina, nomierina \u0101du un atbalsta \u0101das aizsargbarjeru.<br data-start=\"786\" data-end=\"789\" \/><strong data-start=\"789\" data-end=\"807\">Hialuronsk\u0101be:<\/strong> pal\u012bdz notur\u0113t mitrumu un uzlabo \u0101das gludumu un elast\u012bbu.<br data-start=\"866\" data-end=\"869\" \/><strong data-start=\"869\" data-end=\"893\">Sire\u0146u cilmes \u0161\u016bnas:<\/strong> pal\u012bdz uzlabot poru izskatu un veicina t\u012br\u0101ku, vienm\u0113r\u012bg\u0101ku \u0101das toni.<\/p>\n<p data-start=\"966\" data-end=\"1061\">Piem\u0113rots kombin\u0113tai un taukainai \u0101dai ar noslieci uz sp\u012bdumu, papla\u0161in\u0101t\u0101m por\u0101m un aps\u0101rtumu.<\/p>\n<p data-start=\"1063\" data-end=\"1085\"><strong data-start=\"1063\" data-end=\"1075\">Tilpums:<\/strong> <strong data-start=\"1076\" data-end=\"1085\">30 ml<\/strong><\/p>\n","protected":false},"excerpt":{"rendered":"<p data-start=\"1171\" data-end=\"1186\">Mat\u0113jo\u0161s serums<\/p>\n<h2 data-start=\"1188\" data-end=\"1231\"><strong data-start=\"1188\" data-end=\"1231\">\u012apa\u0161\u012bbas Dermaquest &#8211; B5 Moisture Matte<\/strong><\/h2>\n<p data-start=\"1233\" data-end=\"1410\">\u2714\ufe0f Mitrina bez smaguma saj\u016btas<br data-start=\"1263\" data-end=\"1266\" \/>\u2714\ufe0f Samazina sp\u012bdumu un mat\u0113 \u0101du<br data-start=\"1297\" data-end=\"1300\" \/>\u2714\ufe0f Pal\u012bdz samazin\u0101t poru redzam\u012bbu<br data-start=\"1334\" data-end=\"1337\" \/>\u2714\ufe0f Nomierina \u0101du un mazina aps\u0101rtumu<br data-start=\"1373\" data-end=\"1376\" \/>\u2714\ufe0f Piem\u0113rots ikdienas lieto\u0161anai<\/p>\n","protected":false},"featured_media":76301,"template":"","meta":[],"pwb-brand":[1257],"product_brand":[],"product_cat":[741,743,723,747],"product_tag":[],"giftcard-category":[],"class_list":{"0":"post-76521","1":"product","2":"type-product","3":"status-publish","4":"has-post-thumbnail","6":"pwb-brand-dermaquest-lv","7":"product_cat-izsitumi","8":"product_cat-paplasinatas-poras","9":"product_cat-serumi","10":"product_cat-taukainai-adai","12":"first","13":"instock","14":"taxable","15":"shipping-taxable","16":"purchasable","17":"product-type-simple"},"acf":[],"brands":[{"id":1257,"name":"Dermaquest","slug":"dermaquest-lv"}],"_links":{"self":[{"href":"https:\/\/skinstudio.ee\/lv\/wp-json\/wp\/v2\/product\/76521","targetHints":{"allow":["GET"]}}],"collection":[{"href":"https:\/\/skinstudio.ee\/lv\/wp-json\/wp\/v2\/product"}],"about":[{"href":"https:\/\/skinstudio.ee\/lv\/wp-json\/wp\/v2\/types\/product"}],"version-history":[{"count":1,"href":"https:\/\/skinstudio.ee\/lv\/wp-json\/wp\/v2\/product\/76521\/revisions"}],"predecessor-version":[{"id":76522,"href":"https:\/\/skinstudio.ee\/lv\/wp-json\/wp\/v2\/product\/76521\/revisions\/76522"}],"wp:featuredmedia":[{"embeddable":true,"href":"https:\/\/skinstudio.ee\/lv\/wp-json\/wp\/v2\/media\/76301"}],"wp:attachment":[{"href":"https:\/\/skinstudio.ee\/lv\/wp-json\/wp\/v2\/media?parent=76521"}],"wp:term":[{"taxonomy":"pwb-brand","embeddable":true,"href":"https:\/\/skinstudio.ee\/lv\/wp-json\/wp\/v2\/pwb-brand?post=76521"},{"taxonomy":"product_brand","embeddable":true,"href":"https:\/\/skinstudio.ee\/lv\/wp-json\/wp\/v2\/product_brand?post=76521"},{"taxonomy":"product_cat","embeddable":true,"href":"https:\/\/skinstudio.ee\/lv\/wp-json\/wp\/v2\/product_cat?post=76521"},{"taxonomy":"product_tag","embeddable":true,"href":"https:\/\/skinstudio.ee\/lv\/wp-json\/wp\/v2\/product_tag?post=76521"},{"taxonomy":"giftcard-category","embeddable":true,"href":"https:\/\/skinstudio.ee\/lv\/wp-json\/wp\/v2\/giftcard-category?post=76521"}],"curies":[{"name":"wp","href":"https:\/\/api.w.org\/{rel}","templated":true}]}}