{"id":76528,"date":"2025-07-29T12:33:07","date_gmt":"2025-07-29T12:33:07","guid":{"rendered":"https:\/\/skinstudio.ee\/?post_type=product&#038;p=76528"},"modified":"2026-01-28T14:16:31","modified_gmt":"2026-01-28T14:16:31","slug":"universal-clarifying-pads","status":"publish","type":"product","link":"https:\/\/skinstudio.ee\/lv\/catalog\/dermaquest-lv\/universal-clarifying-pads\/","title":{"rendered":"Universal Clarifying Pads"},"content":{"rendered":"<p data-start=\"278\" data-end=\"593\"><strong data-start=\"278\" data-end=\"321\">Universal Clarifying Pads no Dermaquest<\/strong> ir sp\u0113c\u012bgi sk\u0101bie att\u012bro\u0161ie diski, kas pal\u012bdz mazin\u0101t izsitumus un pigment\u0101cijas izpausmes, vienlaikus uzlabojot \u0101das toni un tekst\u016bru. Formula apvieno AHA un BHA sk\u0101bes ar izgaismojo\u0161\u0101m sast\u0101vda\u013c\u0101m, nodro\u0161inot maigu, bet efekt\u012bvu \u0101das atjauno\u0161anu bez p\u0101rslodzes saj\u016btas.<\/p>\n<p data-start=\"595\" data-end=\"735\">Regul\u0101ri lietojot, \u0101da k\u013c\u016bst glud\u0101ka, t\u012br\u0101ka un starojo\u0161\u0101ka, samazin\u0101s taukainais sp\u012bdums, un sejas tonis izskat\u0101s vienm\u0113r\u012bg\u0101ks un svaig\u0101ks.<\/p>\n<p data-start=\"737\" data-end=\"777\"><strong data-start=\"737\" data-end=\"777\">Galveno akt\u012bvo sast\u0101vda\u013cu iedarb\u012bba:<\/strong><\/p>\n<p data-start=\"779\" data-end=\"1043\"><strong data-start=\"779\" data-end=\"796\">Salicilsk\u0101be:<\/strong> pal\u012bdz att\u012br\u012bt poras, mazin\u0101t iekaisumus un nov\u0113rst jaunu izsitumu veido\u0161anos.<br data-start=\"875\" data-end=\"878\" \/><strong data-start=\"878\" data-end=\"895\">Mandelisk\u0101be:<\/strong> maigi noloba \u0101du, izl\u012bdzina tekst\u016bru un uzlabo \u0101das toni.<br data-start=\"953\" data-end=\"956\" \/><strong data-start=\"956\" data-end=\"971\">Fit\u012bnsk\u0101be:<\/strong> pal\u012bdz izgaismot \u0101du un atbalsta aizsardz\u012bbu pret \u0101r\u0113j\u0101s vides ietekmi.<\/p>\n<p data-start=\"1045\" data-end=\"1146\">Piem\u0113roti taukainai, kombin\u0113tai un problem\u0101tiskai \u0101dai, k\u0101 ar\u012b \u0101dai ar nevienm\u0113r\u012bgu toni un tekst\u016bru.<\/p>\n<p data-start=\"1148\" data-end=\"1173\"><strong data-start=\"1148\" data-end=\"1160\">Tilpums:<\/strong> <strong data-start=\"1161\" data-end=\"1173\">50 diski<\/strong><\/p>\n","protected":false},"excerpt":{"rendered":"<p data-start=\"1375\" data-end=\"1397\">Sk\u0101bie att\u012bro\u0161ie diski<\/p>\n<h2 data-start=\"1399\" data-end=\"1450\"><strong data-start=\"1399\" data-end=\"1450\">\u012apa\u0161\u012bbas Dermaquest &#8211; Universal Clarifying Pads<\/strong><\/h2>\n<p data-start=\"1452\" data-end=\"1637\">\u2714\ufe0f Att\u012bra poras un pal\u012bdz mazin\u0101t izsitumus<br data-start=\"1495\" data-end=\"1498\" \/>\u2714\ufe0f Maigi noloba un atjauno \u0101du<br data-start=\"1528\" data-end=\"1531\" \/>\u2714\ufe0f Izl\u012bdzina \u0101das toni un tekst\u016bru<br data-start=\"1565\" data-end=\"1568\" \/>\u2714\ufe0f Samazina taukaino sp\u012bdumu<br data-start=\"1596\" data-end=\"1599\" \/>\u2714\ufe0f Padara \u0101du glud\u0101ku un starojo\u0161\u0101ku<\/p>\n","protected":false},"featured_media":76307,"template":"","meta":[],"pwb-brand":[1257],"product_brand":[],"product_cat":[741,743,751,747,721],"product_tag":[],"giftcard-category":[],"class_list":{"0":"post-76528","1":"product","2":"type-product","3":"status-publish","4":"has-post-thumbnail","6":"pwb-brand-dermaquest-lv","7":"product_cat-izsitumi","8":"product_cat-paplasinatas-poras","9":"product_cat-pigmentacija-lv","10":"product_cat-taukainai-adai","11":"product_cat-toniki-lv","13":"first","14":"instock","15":"taxable","16":"shipping-taxable","17":"purchasable","18":"product-type-simple"},"acf":[],"brands":[{"id":1257,"name":"Dermaquest","slug":"dermaquest-lv"}],"_links":{"self":[{"href":"https:\/\/skinstudio.ee\/lv\/wp-json\/wp\/v2\/product\/76528","targetHints":{"allow":["GET"]}}],"collection":[{"href":"https:\/\/skinstudio.ee\/lv\/wp-json\/wp\/v2\/product"}],"about":[{"href":"https:\/\/skinstudio.ee\/lv\/wp-json\/wp\/v2\/types\/product"}],"version-history":[{"count":1,"href":"https:\/\/skinstudio.ee\/lv\/wp-json\/wp\/v2\/product\/76528\/revisions"}],"predecessor-version":[{"id":76529,"href":"https:\/\/skinstudio.ee\/lv\/wp-json\/wp\/v2\/product\/76528\/revisions\/76529"}],"wp:featuredmedia":[{"embeddable":true,"href":"https:\/\/skinstudio.ee\/lv\/wp-json\/wp\/v2\/media\/76307"}],"wp:attachment":[{"href":"https:\/\/skinstudio.ee\/lv\/wp-json\/wp\/v2\/media?parent=76528"}],"wp:term":[{"taxonomy":"pwb-brand","embeddable":true,"href":"https:\/\/skinstudio.ee\/lv\/wp-json\/wp\/v2\/pwb-brand?post=76528"},{"taxonomy":"product_brand","embeddable":true,"href":"https:\/\/skinstudio.ee\/lv\/wp-json\/wp\/v2\/product_brand?post=76528"},{"taxonomy":"product_cat","embeddable":true,"href":"https:\/\/skinstudio.ee\/lv\/wp-json\/wp\/v2\/product_cat?post=76528"},{"taxonomy":"product_tag","embeddable":true,"href":"https:\/\/skinstudio.ee\/lv\/wp-json\/wp\/v2\/product_tag?post=76528"},{"taxonomy":"giftcard-category","embeddable":true,"href":"https:\/\/skinstudio.ee\/lv\/wp-json\/wp\/v2\/giftcard-category?post=76528"}],"curies":[{"name":"wp","href":"https:\/\/api.w.org\/{rel}","templated":true}]}}