{"id":76535,"date":"2025-07-29T12:31:45","date_gmt":"2025-07-29T12:31:45","guid":{"rendered":"https:\/\/skinstudio.ee\/?post_type=product&#038;p=76535"},"modified":"2026-01-28T14:16:30","modified_gmt":"2026-01-28T14:16:30","slug":"glyco-gel-cleanser","status":"publish","type":"product","link":"https:\/\/skinstudio.ee\/lv\/catalog\/dermaquest-lv\/glyco-gel-cleanser\/","title":{"rendered":"Glyco Gel Cleanser"},"content":{"rendered":"<p data-start=\"241\" data-end=\"502\"><strong data-start=\"241\" data-end=\"277\">Glyco Gel Cleanser no Dermaquest<\/strong> ir att\u012bro\u0161s g\u0113ls, kas pal\u012bdz uzlabot \u0101das toni un tekst\u016bru, vienlaikus nodro\u0161inot dzi\u013cu, bet saudz\u012bgu att\u012br\u012b\u0161anu. Formula ar glikolsk\u0101bi maigi atjauno \u0101du, no\u0146em net\u012brumus un lieko sebumu, padarot \u0101du glud\u0101ku un starojo\u0161\u0101ku.<\/p>\n<p data-start=\"504\" data-end=\"638\">Regul\u0101ri lietojot, \u0101da izskat\u0101s t\u012br\u0101ka, svaig\u0101ka un vienm\u0113r\u012bg\u0101ka, poras k\u013c\u016bst maz\u0101k paman\u0101mas, bet \u0101das tekst\u016bra \u2013 glud\u0101ka un kopt\u0101ka.<\/p>\n<p data-start=\"640\" data-end=\"680\"><strong data-start=\"640\" data-end=\"680\">Galveno akt\u012bvo sast\u0101vda\u013cu iedarb\u012bba:<\/strong><\/p>\n<p data-start=\"682\" data-end=\"908\"><strong data-start=\"682\" data-end=\"698\">Glikolsk\u0101be:<\/strong> maigi noloba, uzlabo \u0101das tekst\u016bru un izl\u012bdzina toni.<br data-start=\"752\" data-end=\"755\" \/><strong data-start=\"755\" data-end=\"769\">Piensk\u0101be:<\/strong> atbalsta \u0101das atjauno\u0161anos un pal\u012bdz saglab\u0101t gludumu.<br data-start=\"824\" data-end=\"827\" \/><strong data-start=\"827\" data-end=\"849\">Alvejas ekstrakts:<\/strong> nomierina \u0101du un pal\u012bdz saglab\u0101t komfortu p\u0113c att\u012br\u012b\u0161anas.<\/p>\n<p data-start=\"910\" data-end=\"1011\">Piem\u0113rots norm\u0101lai, kombin\u0113tai un taukainai \u0101dai, k\u0101 ar\u012b \u0101dai ar nevienm\u0113r\u012bgu tekst\u016bru un bl\u0101vu toni.<\/p>\n<p data-start=\"1013\" data-end=\"1036\"><strong data-start=\"1013\" data-end=\"1025\">Tilpums:<\/strong> <strong data-start=\"1026\" data-end=\"1036\">178 ml<\/strong><\/p>\n","protected":false},"excerpt":{"rendered":"<p data-start=\"1201\" data-end=\"1231\">Att\u012bro\u0161s g\u0113ls sejas mazg\u0101\u0161anai<\/p>\n<h2 data-start=\"1233\" data-end=\"1277\"><strong data-start=\"1233\" data-end=\"1277\">\u012apa\u0161\u012bbas Dermaquest &#8211; Glyco Gel Cleanser<\/strong><\/h2>\n<p data-start=\"1279\" data-end=\"1447\">\u2714\ufe0f Dzi\u013ci att\u012bra \u0101du un poras<br data-start=\"1307\" data-end=\"1310\" \/>\u2714\ufe0f Maigi noloba un atjauno \u0101du<br data-start=\"1340\" data-end=\"1343\" \/>\u2714\ufe0f Uzlabo \u0101das tekst\u016bru un toni<br data-start=\"1374\" data-end=\"1377\" \/>\u2714\ufe0f Padara \u0101du glud\u0101ku un svaig\u0101ku<br data-start=\"1410\" data-end=\"1413\" \/>\u2714\ufe0f Piem\u0113rots ikdienas lieto\u0161anai<\/p>\n","protected":false},"featured_media":76313,"template":"","meta":[],"pwb-brand":[1257],"product_brand":[],"product_cat":[715,751],"product_tag":[],"giftcard-category":[],"class_list":{"0":"post-76535","1":"product","2":"type-product","3":"status-publish","4":"has-post-thumbnail","6":"pwb-brand-dermaquest-lv","7":"product_cat-attirisana","8":"product_cat-pigmentacija-lv","10":"first","11":"instock","12":"taxable","13":"shipping-taxable","14":"purchasable","15":"product-type-simple"},"acf":[],"brands":[{"id":1257,"name":"Dermaquest","slug":"dermaquest-lv"}],"_links":{"self":[{"href":"https:\/\/skinstudio.ee\/lv\/wp-json\/wp\/v2\/product\/76535","targetHints":{"allow":["GET"]}}],"collection":[{"href":"https:\/\/skinstudio.ee\/lv\/wp-json\/wp\/v2\/product"}],"about":[{"href":"https:\/\/skinstudio.ee\/lv\/wp-json\/wp\/v2\/types\/product"}],"version-history":[{"count":1,"href":"https:\/\/skinstudio.ee\/lv\/wp-json\/wp\/v2\/product\/76535\/revisions"}],"predecessor-version":[{"id":76536,"href":"https:\/\/skinstudio.ee\/lv\/wp-json\/wp\/v2\/product\/76535\/revisions\/76536"}],"wp:featuredmedia":[{"embeddable":true,"href":"https:\/\/skinstudio.ee\/lv\/wp-json\/wp\/v2\/media\/76313"}],"wp:attachment":[{"href":"https:\/\/skinstudio.ee\/lv\/wp-json\/wp\/v2\/media?parent=76535"}],"wp:term":[{"taxonomy":"pwb-brand","embeddable":true,"href":"https:\/\/skinstudio.ee\/lv\/wp-json\/wp\/v2\/pwb-brand?post=76535"},{"taxonomy":"product_brand","embeddable":true,"href":"https:\/\/skinstudio.ee\/lv\/wp-json\/wp\/v2\/product_brand?post=76535"},{"taxonomy":"product_cat","embeddable":true,"href":"https:\/\/skinstudio.ee\/lv\/wp-json\/wp\/v2\/product_cat?post=76535"},{"taxonomy":"product_tag","embeddable":true,"href":"https:\/\/skinstudio.ee\/lv\/wp-json\/wp\/v2\/product_tag?post=76535"},{"taxonomy":"giftcard-category","embeddable":true,"href":"https:\/\/skinstudio.ee\/lv\/wp-json\/wp\/v2\/giftcard-category?post=76535"}],"curies":[{"name":"wp","href":"https:\/\/api.w.org\/{rel}","templated":true}]}}