{"id":76542,"date":"2025-07-29T12:31:17","date_gmt":"2025-07-29T12:31:17","guid":{"rendered":"https:\/\/skinstudio.ee\/?post_type=product&#038;p=76542"},"modified":"2026-01-28T14:16:30","modified_gmt":"2026-01-28T14:16:30","slug":"dermaclear-cleanser","status":"publish","type":"product","link":"https:\/\/skinstudio.ee\/lv\/catalog\/dermaquest\/dermaclear-cleanser\/","title":{"rendered":"DermaClear Cleanser"},"content":{"rendered":"<p data-start=\"130\" data-end=\"391\"><strong data-start=\"130\" data-end=\"167\">DermaClear Cleanser no Dermaquest<\/strong> ir enz\u012bmu att\u012bro\u0161s g\u0113ls problem\u0101tiskai \u0101dai, kas efekt\u012bvi no\u0146em net\u012brumus un lieko sebumu, vienlaikus pal\u012bdzot mazin\u0101t izsitumus. Formula maigi att\u012bra un nomierina \u0101du, saglab\u0101jot t\u0101s l\u012bdzsvaru un neizraisot sausuma saj\u016btu.<\/p>\n<p data-start=\"393\" data-end=\"533\">Regul\u0101ri lietojot, \u0101da k\u013c\u016bst t\u012br\u0101ka, svaig\u0101ka un mat\u0113t\u0101ka, samazin\u0101s aps\u0101rtums, bet \u0101das tonis un tekst\u016bra izskat\u0101s vienm\u0113r\u012bg\u0101ki un glud\u0101ki.<\/p>\n<p data-start=\"535\" data-end=\"575\"><strong data-start=\"535\" data-end=\"575\">Galveno akt\u012bvo sast\u0101vda\u013cu iedarb\u012bba:<\/strong><\/p>\n<p data-start=\"577\" data-end=\"811\"><strong data-start=\"577\" data-end=\"593\">Mande\u013csk\u0101be:<\/strong> maigi noloba \u0101du, pal\u012bdz att\u012br\u012bt poras un uzlabo \u0101das tekst\u016bru.<br data-start=\"657\" data-end=\"660\" \/><strong data-start=\"660\" data-end=\"691\">Anan\u0101su un papaijas enz\u012bmi:<\/strong> veicina maigu \u0101das atjauno\u0161anos un uzlabo gludumu.<br data-start=\"742\" data-end=\"745\" \/><strong data-start=\"745\" data-end=\"765\">T\u0113jas koka e\u013c\u013ca:<\/strong> pal\u012bdz nomierin\u0101t \u0101du un samazin\u0101t izsitumus.<\/p>\n<p data-start=\"813\" data-end=\"876\">Piem\u0113rots taukainai, kombin\u0113tai un uz izsitumiem tend\u0113tai \u0101dai.<\/p>\n<p data-start=\"878\" data-end=\"901\"><strong data-start=\"878\" data-end=\"890\">Tilpums:<\/strong> <strong data-start=\"891\" data-end=\"901\">178 ml<\/strong><\/p>\n","protected":false},"excerpt":{"rendered":"<p data-start=\"1034\" data-end=\"1074\">Enz\u012bmu att\u012bro\u0161s g\u0113ls problem\u0101tiskai \u0101dai<\/p>\n<h2 data-start=\"1076\" data-end=\"1121\"><strong data-start=\"1076\" data-end=\"1121\">\u012apa\u0161\u012bbas Dermaquest &#8211; DermaClear Cleanser<\/strong><\/h2>\n<p data-start=\"1123\" data-end=\"1313\">\u2714\ufe0f Att\u012bra poras un no\u0146em lieko sebumu<br data-start=\"1160\" data-end=\"1163\" \/>\u2714\ufe0f Pal\u012bdz samazin\u0101t izsitumus un aps\u0101rtumu<br data-start=\"1205\" data-end=\"1208\" \/>\u2714\ufe0f Maigi atjauno \u0101du un uzlabo tekst\u016bru<br data-start=\"1247\" data-end=\"1250\" \/>\u2714\ufe0f Atsvaidzina un mat\u0113 \u0101du<br data-start=\"1276\" data-end=\"1279\" \/>\u2714\ufe0f Piem\u0113rots ikdienas lieto\u0161anai<\/p>\n","protected":false},"featured_media":76349,"template":"","meta":[],"pwb-brand":[1257],"product_brand":[],"product_cat":[715,747],"product_tag":[],"giftcard-category":[],"class_list":{"0":"post-76542","1":"product","2":"type-product","3":"status-publish","4":"has-post-thumbnail","6":"pwb-brand-dermaquest","7":"product_cat-attirisana","8":"product_cat-taukainai-adai","10":"first","11":"instock","12":"taxable","13":"shipping-taxable","14":"purchasable","15":"product-type-simple"},"acf":[],"brands":[{"id":1257,"name":"Dermaquest","slug":"dermaquest"}],"_links":{"self":[{"href":"https:\/\/skinstudio.ee\/lv\/wp-json\/wp\/v2\/product\/76542","targetHints":{"allow":["GET"]}}],"collection":[{"href":"https:\/\/skinstudio.ee\/lv\/wp-json\/wp\/v2\/product"}],"about":[{"href":"https:\/\/skinstudio.ee\/lv\/wp-json\/wp\/v2\/types\/product"}],"version-history":[{"count":1,"href":"https:\/\/skinstudio.ee\/lv\/wp-json\/wp\/v2\/product\/76542\/revisions"}],"predecessor-version":[{"id":76543,"href":"https:\/\/skinstudio.ee\/lv\/wp-json\/wp\/v2\/product\/76542\/revisions\/76543"}],"wp:featuredmedia":[{"embeddable":true,"href":"https:\/\/skinstudio.ee\/lv\/wp-json\/wp\/v2\/media\/76349"}],"wp:attachment":[{"href":"https:\/\/skinstudio.ee\/lv\/wp-json\/wp\/v2\/media?parent=76542"}],"wp:term":[{"taxonomy":"pwb-brand","embeddable":true,"href":"https:\/\/skinstudio.ee\/lv\/wp-json\/wp\/v2\/pwb-brand?post=76542"},{"taxonomy":"product_brand","embeddable":true,"href":"https:\/\/skinstudio.ee\/lv\/wp-json\/wp\/v2\/product_brand?post=76542"},{"taxonomy":"product_cat","embeddable":true,"href":"https:\/\/skinstudio.ee\/lv\/wp-json\/wp\/v2\/product_cat?post=76542"},{"taxonomy":"product_tag","embeddable":true,"href":"https:\/\/skinstudio.ee\/lv\/wp-json\/wp\/v2\/product_tag?post=76542"},{"taxonomy":"giftcard-category","embeddable":true,"href":"https:\/\/skinstudio.ee\/lv\/wp-json\/wp\/v2\/giftcard-category?post=76542"}],"curies":[{"name":"wp","href":"https:\/\/api.w.org\/{rel}","templated":true}]}}