{"id":76550,"date":"2025-07-29T12:30:27","date_gmt":"2025-07-29T12:30:27","guid":{"rendered":"https:\/\/skinstudio.ee\/?post_type=product&#038;p=76550"},"modified":"2026-01-28T14:16:31","modified_gmt":"2026-01-28T14:16:31","slug":"niacinamide-serum","status":"publish","type":"product","link":"https:\/\/skinstudio.ee\/lv\/catalog\/dermaquest-lv\/niacinamide-serum\/","title":{"rendered":"Niacinamide Serum"},"content":{"rendered":"<p data-start=\"199\" data-end=\"525\"><strong data-start=\"199\" data-end=\"234\">Niacinamide Serum no DermaQuest<\/strong> ir sp\u0113c\u012bgs serums, kas apvieno niacinam\u012bdu, hialuronsk\u0101bi, C vitam\u012bnu un pept\u012bdus, lai uzlabotu \u0101das mirdzumu, stiprin\u0101tu \u0101das aizsargbarjeru un nodro\u0161in\u0101tu intens\u012bvu mitrin\u0101\u0161anu. Formula nodro\u0161ina antioksidantu aizsardz\u012bbu un pal\u012bdz \u0101dai izskat\u012bties glud\u0101kai, vienm\u0113r\u012bg\u0101kai un vesel\u012bg\u0101kai.<\/p>\n<p data-start=\"527\" data-end=\"799\">Niacinam\u012bds pal\u012bdz stiprin\u0101t \u0101das barjeru un samazin\u0101t jut\u012bgumu, C vitam\u012bns pal\u012bdz aizsarg\u0101t \u0101du no apk\u0101rt\u0113j\u0101s vides ietekmes, bet hialuronsk\u0101be uztur optim\u0101lu mitruma l\u012bmeni \u0101d\u0101. Regul\u0101ri lietojot, \u0101da k\u013c\u016bst glud\u0101ka, samazin\u0101s aps\u0101rtums un atjaunojas koptas \u0101das izskats.<\/p>\n<p data-start=\"801\" data-end=\"841\"><strong data-start=\"801\" data-end=\"841\">Galveno akt\u012bvo sast\u0101vda\u013cu iedarb\u012bba:<\/strong><\/p>\n<p data-start=\"843\" data-end=\"1088\"><strong data-start=\"843\" data-end=\"859\">Niacinam\u012bds:<\/strong> pal\u012bdz stiprin\u0101t \u0101das aizsargbarjeru, izl\u012bdzina \u0101das toni un samazina aps\u0101rtumu.<br data-start=\"940\" data-end=\"943\" \/><strong data-start=\"943\" data-end=\"961\">Hialuronsk\u0101be:<\/strong> intens\u012bvi mitrina un pal\u012bdz saglab\u0101t mitrumu \u0101d\u0101.<br data-start=\"1011\" data-end=\"1014\" \/><strong data-start=\"1014\" data-end=\"1040\">C vitam\u012bns un pept\u012bdi:<\/strong> uzlabo \u0101das mirdzumu un atbalsta \u0101das tvirtumu.<\/p>\n<p data-start=\"1090\" data-end=\"1184\">Piem\u0113rots visiem \u0101das tipiem, \u012bpa\u0161i \u0101dai ar aps\u0101rtumu, bl\u0101vu toni vai nov\u0101jin\u0101tu \u0101das barjeru.<\/p>\n<p data-start=\"1186\" data-end=\"1208\"><strong data-start=\"1186\" data-end=\"1198\">Tilpums:<\/strong> <strong data-start=\"1199\" data-end=\"1208\">30 ml<\/strong><\/p>\n","protected":false},"excerpt":{"rendered":"<p data-start=\"1390\" data-end=\"1434\">Sejas serums ar niacinam\u012bdu un hialuronsk\u0101bi<\/p>\n<h2 data-start=\"1436\" data-end=\"1479\"><strong data-start=\"1436\" data-end=\"1479\">\u012apa\u0161\u012bbas DermaQuest &#8211; Niacinamide Serum<\/strong><\/h2>\n<p data-start=\"1481\" data-end=\"1665\">\u2714\ufe0f Samazina aps\u0101rtumu un \u0101das jut\u012bgumu<br data-start=\"1519\" data-end=\"1522\" \/>\u2714\ufe0f Stiprina \u0101das aizsargbarjeru<br data-start=\"1553\" data-end=\"1556\" \/>\u2714\ufe0f Intens\u012bvi mitrina un mazina sausumu<br data-start=\"1594\" data-end=\"1597\" \/>\u2714\ufe0f Uzlabo \u0101das toni un mirdzumu<br data-start=\"1628\" data-end=\"1631\" \/>\u2714\ufe0f Padara \u0101du glud\u0101ku un kopt\u0101ku<\/p>\n","protected":false},"featured_media":76319,"template":"","meta":[],"pwb-brand":[1257],"product_brand":[],"product_cat":[741,743,751,723,747],"product_tag":[],"giftcard-category":[],"class_list":{"0":"post-76550","1":"product","2":"type-product","3":"status-publish","4":"has-post-thumbnail","6":"pwb-brand-dermaquest-lv","7":"product_cat-izsitumi","8":"product_cat-paplasinatas-poras","9":"product_cat-pigmentacija-lv","10":"product_cat-serumi","11":"product_cat-taukainai-adai","13":"first","14":"instock","15":"taxable","16":"shipping-taxable","17":"purchasable","18":"product-type-simple"},"acf":[],"brands":[{"id":1257,"name":"Dermaquest","slug":"dermaquest-lv"}],"_links":{"self":[{"href":"https:\/\/skinstudio.ee\/lv\/wp-json\/wp\/v2\/product\/76550","targetHints":{"allow":["GET"]}}],"collection":[{"href":"https:\/\/skinstudio.ee\/lv\/wp-json\/wp\/v2\/product"}],"about":[{"href":"https:\/\/skinstudio.ee\/lv\/wp-json\/wp\/v2\/types\/product"}],"version-history":[{"count":1,"href":"https:\/\/skinstudio.ee\/lv\/wp-json\/wp\/v2\/product\/76550\/revisions"}],"predecessor-version":[{"id":76551,"href":"https:\/\/skinstudio.ee\/lv\/wp-json\/wp\/v2\/product\/76550\/revisions\/76551"}],"wp:featuredmedia":[{"embeddable":true,"href":"https:\/\/skinstudio.ee\/lv\/wp-json\/wp\/v2\/media\/76319"}],"wp:attachment":[{"href":"https:\/\/skinstudio.ee\/lv\/wp-json\/wp\/v2\/media?parent=76550"}],"wp:term":[{"taxonomy":"pwb-brand","embeddable":true,"href":"https:\/\/skinstudio.ee\/lv\/wp-json\/wp\/v2\/pwb-brand?post=76550"},{"taxonomy":"product_brand","embeddable":true,"href":"https:\/\/skinstudio.ee\/lv\/wp-json\/wp\/v2\/product_brand?post=76550"},{"taxonomy":"product_cat","embeddable":true,"href":"https:\/\/skinstudio.ee\/lv\/wp-json\/wp\/v2\/product_cat?post=76550"},{"taxonomy":"product_tag","embeddable":true,"href":"https:\/\/skinstudio.ee\/lv\/wp-json\/wp\/v2\/product_tag?post=76550"},{"taxonomy":"giftcard-category","embeddable":true,"href":"https:\/\/skinstudio.ee\/lv\/wp-json\/wp\/v2\/giftcard-category?post=76550"}],"curies":[{"name":"wp","href":"https:\/\/api.w.org\/{rel}","templated":true}]}}