{"id":76557,"date":"2025-07-29T12:29:48","date_gmt":"2025-07-29T12:29:48","guid":{"rendered":"https:\/\/skinstudio.ee\/?post_type=product&#038;p=76557"},"modified":"2026-01-28T14:16:30","modified_gmt":"2026-01-28T14:16:30","slug":"algae-polishing-scrub","status":"publish","type":"product","link":"https:\/\/skinstudio.ee\/lv\/catalog\/dermaquest-lv\/algae-polishing-scrub\/","title":{"rendered":"Algae Polishing Scrub"},"content":{"rendered":"<p data-start=\"191\" data-end=\"526\"><strong data-start=\"191\" data-end=\"230\">Algae Polishing Scrub no DermaQuest<\/strong> ir pul\u0113jo\u0161s \u017eelejas skrubis ar a\u013c\u0123u ekstraktiem un jojobas granuli\u0146\u0101m, kas paredz\u0113ts efekt\u012bvai \u0101das att\u012br\u012b\u0161anai, izl\u012bdzin\u0101\u0161anai un atjauno\u0161anai. Formula maigi, bet r\u016bp\u012bgi no\u0146em atmiru\u0161\u0101s \u0101das \u0161\u016bnas, net\u012brumus un lieko sebumu, pal\u012bdzot uzlabot \u0101das tekst\u016bru un sagatavot \u0101du turpm\u0101kajai kop\u0161anai.<\/p>\n<p data-start=\"528\" data-end=\"708\">Skrubis dzi\u013ci att\u012bra \u0101du, uzlabo t\u0101s reljefu, padara virsmu glud\u0101ku un palielina turpm\u0101ko kop\u0161anas l\u012bdzek\u013cu efektivit\u0101ti. P\u0113c lieto\u0161anas \u0101da k\u013c\u016bst maiga, gluda un pat\u012bkami z\u012bdaina.<\/p>\n<p data-start=\"710\" data-end=\"750\"><strong data-start=\"710\" data-end=\"750\">Galveno akt\u012bvo sast\u0101vda\u013cu iedarb\u012bba:<\/strong><\/p>\n<p data-start=\"752\" data-end=\"971\"><strong data-start=\"752\" data-end=\"771\">A\u013c\u0123u ekstrakti:<\/strong> pal\u012bdz uzlabot \u0101das toni un pie\u0161\u0137ir svaig\u0101ku izskatu.<br data-start=\"825\" data-end=\"828\" \/><strong data-start=\"828\" data-end=\"849\">Jojobas granulas:<\/strong> maigi pul\u0113 \u0101du, neradot kairin\u0101jumu.<br data-start=\"886\" data-end=\"889\" \/><strong data-start=\"889\" data-end=\"916\">Aloe un augu ekstrakti:<\/strong> nomierina \u0101du un pal\u012bdz saglab\u0101t komfortu p\u0113c p\u012blinga.<\/p>\n<p data-start=\"973\" data-end=\"1020\">Piem\u0113rots visiem \u0101das tipiem, ar\u012b jut\u012bgai \u0101dai.<\/p>\n<p data-start=\"1022\" data-end=\"1045\"><strong data-start=\"1022\" data-end=\"1034\">Tilpums:<\/strong> <strong data-start=\"1035\" data-end=\"1045\">118 ml<\/strong><\/p>\n","protected":false},"excerpt":{"rendered":"<p data-start=\"1309\" data-end=\"1370\">Att\u012bro\u0161s un pul\u0113jo\u0161s \u017eelejas skrubis sejai, l\u016bp\u0101m un \u0137ermenim<\/p>\n<h2 data-start=\"1372\" data-end=\"1419\"><strong data-start=\"1372\" data-end=\"1419\">\u012apa\u0161\u012bbas DermaQuest &#8211; Algae Polishing Scrub<\/strong><\/h2>\n<p data-start=\"1421\" data-end=\"1597\">\u2714\ufe0f Maigi no\u0146em atmiru\u0161\u0101s \u0101das \u0161\u016bnas<br data-start=\"1456\" data-end=\"1459\" \/>\u2714\ufe0f Izl\u012bdzina un uzlabo \u0101das tekst\u016bru<br data-start=\"1495\" data-end=\"1498\" \/>\u2714\ufe0f Padara \u0101du maigu un gludu<br data-start=\"1526\" data-end=\"1529\" \/>\u2714\ufe0f Sagatavo \u0101du turpm\u0101kai kop\u0161anai<br data-start=\"1563\" data-end=\"1566\" \/>\u2714\ufe0f Uzlabo \u0101das kop\u0113jo izskatu<\/p>\n","protected":false},"featured_media":76330,"template":"","meta":[],"pwb-brand":[1257],"product_brand":[],"product_cat":[719],"product_tag":[],"giftcard-category":[],"class_list":{"0":"post-76557","1":"product","2":"type-product","3":"status-publish","4":"has-post-thumbnail","6":"pwb-brand-dermaquest-lv","7":"product_cat-skrubji-un-pilingi","9":"first","10":"instock","11":"taxable","12":"shipping-taxable","13":"purchasable","14":"product-type-simple"},"acf":[],"brands":[{"id":1257,"name":"Dermaquest","slug":"dermaquest-lv"}],"_links":{"self":[{"href":"https:\/\/skinstudio.ee\/lv\/wp-json\/wp\/v2\/product\/76557","targetHints":{"allow":["GET"]}}],"collection":[{"href":"https:\/\/skinstudio.ee\/lv\/wp-json\/wp\/v2\/product"}],"about":[{"href":"https:\/\/skinstudio.ee\/lv\/wp-json\/wp\/v2\/types\/product"}],"version-history":[{"count":1,"href":"https:\/\/skinstudio.ee\/lv\/wp-json\/wp\/v2\/product\/76557\/revisions"}],"predecessor-version":[{"id":76558,"href":"https:\/\/skinstudio.ee\/lv\/wp-json\/wp\/v2\/product\/76557\/revisions\/76558"}],"wp:featuredmedia":[{"embeddable":true,"href":"https:\/\/skinstudio.ee\/lv\/wp-json\/wp\/v2\/media\/76330"}],"wp:attachment":[{"href":"https:\/\/skinstudio.ee\/lv\/wp-json\/wp\/v2\/media?parent=76557"}],"wp:term":[{"taxonomy":"pwb-brand","embeddable":true,"href":"https:\/\/skinstudio.ee\/lv\/wp-json\/wp\/v2\/pwb-brand?post=76557"},{"taxonomy":"product_brand","embeddable":true,"href":"https:\/\/skinstudio.ee\/lv\/wp-json\/wp\/v2\/product_brand?post=76557"},{"taxonomy":"product_cat","embeddable":true,"href":"https:\/\/skinstudio.ee\/lv\/wp-json\/wp\/v2\/product_cat?post=76557"},{"taxonomy":"product_tag","embeddable":true,"href":"https:\/\/skinstudio.ee\/lv\/wp-json\/wp\/v2\/product_tag?post=76557"},{"taxonomy":"giftcard-category","embeddable":true,"href":"https:\/\/skinstudio.ee\/lv\/wp-json\/wp\/v2\/giftcard-category?post=76557"}],"curies":[{"name":"wp","href":"https:\/\/api.w.org\/{rel}","templated":true}]}}