{"id":76565,"date":"2025-07-29T12:29:25","date_gmt":"2025-07-29T12:29:25","guid":{"rendered":"https:\/\/skinstudio.ee\/?post_type=product&#038;p=76565"},"modified":"2026-01-28T14:16:31","modified_gmt":"2026-01-28T14:16:31","slug":"universal-cleansing-oil","status":"publish","type":"product","link":"https:\/\/skinstudio.ee\/lv\/catalog\/dermaquest-lv\/universal-cleansing-oil\/","title":{"rendered":"Universal Cleansing Oil"},"content":{"rendered":"<p data-start=\"187\" data-end=\"464\"><strong data-start=\"187\" data-end=\"228\">Universal Cleansing Oil no DermaQuest<\/strong> ir univers\u0101la att\u012bro\u0161a e\u013c\u013ca ar jojobas, mande\u013cu un citu dab\u012bgo e\u013c\u013cu mais\u012bjumu, kas nodro\u0161ina maigu, nomierino\u0161u un barojo\u0161u \u0101das att\u012br\u012b\u0161anu. Formula efekt\u012bvi \u0161\u0137\u012bdina kosm\u0113tiku, SPF un net\u012brumus, netrauc\u0113jot \u0101das dabisko aizsargbarjeru.<\/p>\n<p data-start=\"466\" data-end=\"642\">E\u013c\u013ca ir piem\u0113rota visiem \u0101das tipiem un nesausina \u0101du. Saskar\u0113 ar \u016bdeni t\u0101 p\u0101rv\u0113r\u0161as pienain\u0101 emulsij\u0101 un viegli noskalojas, atst\u0101jot \u0101du t\u012bru, maigu, l\u012bdzsvarotu un starojo\u0161u.<\/p>\n<p data-start=\"644\" data-end=\"684\"><strong data-start=\"644\" data-end=\"684\">Galveno akt\u012bvo sast\u0101vda\u013cu iedarb\u012bba:<\/strong><\/p>\n<p data-start=\"686\" data-end=\"925\"><strong data-start=\"686\" data-end=\"715\">Jojobas un mande\u013cu e\u013c\u013cas:<\/strong> baro un m\u012bkstina \u0101du, saglab\u0101jot komfortu.<br data-start=\"758\" data-end=\"761\" \/><strong data-start=\"761\" data-end=\"785\">Augu e\u013c\u013cu komplekss:<\/strong> pal\u012bdz \u0161\u0137\u012bdin\u0101t kosm\u0113tiku un net\u012brumus bez kairin\u0101juma.<br data-start=\"841\" data-end=\"844\" \/><strong data-start=\"844\" data-end=\"875\">E vitam\u012bns un koenz\u012bms Q10:<\/strong> atbalsta \u0101du un pal\u012bdz saglab\u0101t vesel\u012bgu izskatu.<\/p>\n<p data-start=\"927\" data-end=\"974\">Piem\u0113rota visiem \u0101das tipiem, ar\u012b jut\u012bgai \u0101dai.<\/p>\n<p data-start=\"976\" data-end=\"999\"><strong data-start=\"976\" data-end=\"988\">Tilpums:<\/strong> <strong data-start=\"989\" data-end=\"999\">178 ml<\/strong><\/p>\n","protected":false},"excerpt":{"rendered":"<p data-start=\"1252\" data-end=\"1282\">Univers\u0101la att\u012bro\u0161a e\u013c\u013ca sejai<\/p>\n<h2 data-start=\"1284\" data-end=\"1333\"><strong data-start=\"1284\" data-end=\"1333\">\u012apa\u0161\u012bbas DermaQuest &#8211; Universal Cleansing Oil<\/strong><\/h2>\n<p data-start=\"1335\" data-end=\"1548\">\u2714\ufe0f Efekt\u012bvi \u0161\u0137\u012bdina kosm\u0113tiku, SPF un net\u012brumus<br data-start=\"1382\" data-end=\"1385\" \/>\u2714\ufe0f Piem\u0113rota sejai, ac\u012bm un l\u016bp\u0101m<br data-start=\"1418\" data-end=\"1421\" \/>\u2714\ufe0f Viegli noskalojas un neatst\u0101j taukainu pl\u0113vi<br data-start=\"1468\" data-end=\"1471\" \/>\u2714\ufe0f Pal\u012bdz saglab\u0101t \u0101das lip\u012bdu barjeru<br data-start=\"1509\" data-end=\"1512\" \/>\u2714\ufe0f Atst\u0101j \u0101du maigu un komfortablu<\/p>\n","protected":false},"featured_media":76337,"template":"","meta":[],"pwb-brand":[1257],"product_brand":[],"product_cat":[715,739],"product_tag":[],"giftcard-category":[],"class_list":{"0":"post-76565","1":"product","2":"type-product","3":"status-publish","4":"has-post-thumbnail","6":"pwb-brand-dermaquest-lv","7":"product_cat-attirisana","8":"product_cat-sausai-adai","10":"first","11":"instock","12":"taxable","13":"shipping-taxable","14":"purchasable","15":"product-type-simple"},"acf":[],"brands":[{"id":1257,"name":"Dermaquest","slug":"dermaquest-lv"}],"_links":{"self":[{"href":"https:\/\/skinstudio.ee\/lv\/wp-json\/wp\/v2\/product\/76565","targetHints":{"allow":["GET"]}}],"collection":[{"href":"https:\/\/skinstudio.ee\/lv\/wp-json\/wp\/v2\/product"}],"about":[{"href":"https:\/\/skinstudio.ee\/lv\/wp-json\/wp\/v2\/types\/product"}],"version-history":[{"count":1,"href":"https:\/\/skinstudio.ee\/lv\/wp-json\/wp\/v2\/product\/76565\/revisions"}],"predecessor-version":[{"id":76566,"href":"https:\/\/skinstudio.ee\/lv\/wp-json\/wp\/v2\/product\/76565\/revisions\/76566"}],"wp:featuredmedia":[{"embeddable":true,"href":"https:\/\/skinstudio.ee\/lv\/wp-json\/wp\/v2\/media\/76337"}],"wp:attachment":[{"href":"https:\/\/skinstudio.ee\/lv\/wp-json\/wp\/v2\/media?parent=76565"}],"wp:term":[{"taxonomy":"pwb-brand","embeddable":true,"href":"https:\/\/skinstudio.ee\/lv\/wp-json\/wp\/v2\/pwb-brand?post=76565"},{"taxonomy":"product_brand","embeddable":true,"href":"https:\/\/skinstudio.ee\/lv\/wp-json\/wp\/v2\/product_brand?post=76565"},{"taxonomy":"product_cat","embeddable":true,"href":"https:\/\/skinstudio.ee\/lv\/wp-json\/wp\/v2\/product_cat?post=76565"},{"taxonomy":"product_tag","embeddable":true,"href":"https:\/\/skinstudio.ee\/lv\/wp-json\/wp\/v2\/product_tag?post=76565"},{"taxonomy":"giftcard-category","embeddable":true,"href":"https:\/\/skinstudio.ee\/lv\/wp-json\/wp\/v2\/giftcard-category?post=76565"}],"curies":[{"name":"wp","href":"https:\/\/api.w.org\/{rel}","templated":true}]}}