{"id":76572,"date":"2025-07-29T12:28:48","date_gmt":"2025-07-29T12:28:48","guid":{"rendered":"https:\/\/skinstudio.ee\/?post_type=product&#038;p=76572"},"modified":"2026-01-28T14:16:30","modified_gmt":"2026-01-28T14:16:30","slug":"essential-daily-cleanser","status":"publish","type":"product","link":"https:\/\/skinstudio.ee\/lv\/catalog\/dermaquest\/essential-daily-cleanser\/","title":{"rendered":"Essential Daily Cleanser"},"content":{"rendered":"<p data-start=\"215\" data-end=\"484\"><strong data-start=\"215\" data-end=\"257\">Essential Daily Cleanser no DermaQuest<\/strong> ir maigs ikdienas att\u012bro\u0161s g\u0113ls, kas paredz\u0113ts efekt\u012bvai \u0101das att\u012br\u012b\u0161anai un atsvaidzin\u0101\u0161anai. Formula ar augu ekstraktiem pal\u012bdz att\u012br\u012bt \u0101du, uztur\u0113t optim\u0101lu mitruma l\u012bmeni un atst\u0101t \u0101du svaigu un komfortablu p\u0113c mazg\u0101\u0161anas.<\/p>\n<p data-start=\"486\" data-end=\"676\">Att\u012bro\u0161ais l\u012bdzeklis maigi no\u0146em net\u012brumus un lieko sebumu, atsvaidzina \u0101du un pal\u012bdz saglab\u0101t vesel\u012bgu, l\u012bdzsvarotu izskatu. Regul\u0101ri lietojot, \u0101da izskat\u0101s t\u012br\u0101ka, glud\u0101ka un vienm\u0113r\u012bg\u0101ka.<\/p>\n<p data-start=\"678\" data-end=\"718\"><strong data-start=\"678\" data-end=\"718\">Galveno akt\u012bvo sast\u0101vda\u013cu iedarb\u012bba:<\/strong><\/p>\n<p data-start=\"720\" data-end=\"1001\"><strong data-start=\"720\" data-end=\"754\">Anan\u0101su un papaijas ekstrakti:<\/strong> pal\u012bdz maigi izl\u012bdzin\u0101t \u0101das virsmu un uzlabot t\u0101s tekst\u016bru.<br data-start=\"815\" data-end=\"818\" \/><strong data-start=\"818\" data-end=\"861\">V\u012bnogu kauli\u0146u ekstrakts un E vitam\u012bns:<\/strong> nodro\u0161ina antioksidantu aizsardz\u012bbu un pal\u012bdz saglab\u0101t svaigu izskatu.<br data-start=\"932\" data-end=\"935\" \/><strong data-start=\"935\" data-end=\"949\">Aloe vera:<\/strong> mitrina un nomierina \u0101du, pal\u012bdzot nov\u0113rst sausumu.<\/p>\n<p data-start=\"1003\" data-end=\"1050\">Piem\u0113rots visiem \u0101das tipiem, ar\u012b jut\u012bgai \u0101dai.<\/p>\n<p data-start=\"1052\" data-end=\"1075\"><strong data-start=\"1052\" data-end=\"1064\">Tilpums:<\/strong> <strong data-start=\"1065\" data-end=\"1075\">178 ml<\/strong><\/p>\n","protected":false},"excerpt":{"rendered":"<p data-start=\"1285\" data-end=\"1318\">Ikdienas att\u012bro\u0161s g\u0113ls sejas \u0101dai<\/p>\n<h2 data-start=\"1320\" data-end=\"1370\"><strong data-start=\"1320\" data-end=\"1370\">\u012apa\u0161\u012bbas DermaQuest &#8211; Essential Daily Cleanser<\/strong><\/h2>\n<p data-start=\"1372\" data-end=\"1577\">\u2714\ufe0f Maigi att\u012bra \u0101du no net\u012brumiem un liek\u0101 sebuma<br data-start=\"1421\" data-end=\"1424\" \/>\u2714\ufe0f Atst\u0101j \u0101du svaigu un komfortablu<br data-start=\"1459\" data-end=\"1462\" \/>\u2714\ufe0f Pal\u012bdz uzlabot \u0101das gludumu un izskatu<br data-start=\"1503\" data-end=\"1506\" \/>\u2714\ufe0f Piem\u0113rots ikdienas lieto\u0161anai<br data-start=\"1538\" data-end=\"1541\" \/>\u2714\ufe0f Sagatavo \u0101du turpm\u0101kai kop\u0161anai<\/p>\n","protected":false},"featured_media":76343,"template":"","meta":[],"pwb-brand":[1257],"product_brand":[],"product_cat":[715],"product_tag":[],"giftcard-category":[],"class_list":{"0":"post-76572","1":"product","2":"type-product","3":"status-publish","4":"has-post-thumbnail","6":"pwb-brand-dermaquest","7":"product_cat-attirisana","9":"first","10":"instock","11":"taxable","12":"shipping-taxable","13":"purchasable","14":"product-type-simple"},"acf":[],"brands":[{"id":1257,"name":"Dermaquest","slug":"dermaquest"}],"_links":{"self":[{"href":"https:\/\/skinstudio.ee\/lv\/wp-json\/wp\/v2\/product\/76572","targetHints":{"allow":["GET"]}}],"collection":[{"href":"https:\/\/skinstudio.ee\/lv\/wp-json\/wp\/v2\/product"}],"about":[{"href":"https:\/\/skinstudio.ee\/lv\/wp-json\/wp\/v2\/types\/product"}],"version-history":[{"count":1,"href":"https:\/\/skinstudio.ee\/lv\/wp-json\/wp\/v2\/product\/76572\/revisions"}],"predecessor-version":[{"id":76573,"href":"https:\/\/skinstudio.ee\/lv\/wp-json\/wp\/v2\/product\/76572\/revisions\/76573"}],"wp:featuredmedia":[{"embeddable":true,"href":"https:\/\/skinstudio.ee\/lv\/wp-json\/wp\/v2\/media\/76343"}],"wp:attachment":[{"href":"https:\/\/skinstudio.ee\/lv\/wp-json\/wp\/v2\/media?parent=76572"}],"wp:term":[{"taxonomy":"pwb-brand","embeddable":true,"href":"https:\/\/skinstudio.ee\/lv\/wp-json\/wp\/v2\/pwb-brand?post=76572"},{"taxonomy":"product_brand","embeddable":true,"href":"https:\/\/skinstudio.ee\/lv\/wp-json\/wp\/v2\/product_brand?post=76572"},{"taxonomy":"product_cat","embeddable":true,"href":"https:\/\/skinstudio.ee\/lv\/wp-json\/wp\/v2\/product_cat?post=76572"},{"taxonomy":"product_tag","embeddable":true,"href":"https:\/\/skinstudio.ee\/lv\/wp-json\/wp\/v2\/product_tag?post=76572"},{"taxonomy":"giftcard-category","embeddable":true,"href":"https:\/\/skinstudio.ee\/lv\/wp-json\/wp\/v2\/giftcard-category?post=76572"}],"curies":[{"name":"wp","href":"https:\/\/api.w.org\/{rel}","templated":true}]}}