{"id":76922,"date":"2025-08-07T09:50:02","date_gmt":"2025-08-07T09:50:02","guid":{"rendered":"https:\/\/skinstudio.ee\/?post_type=product&#038;p=76922"},"modified":"2026-04-09T07:26:08","modified_gmt":"2026-04-09T07:26:08","slug":"vitalized-greens-protein","status":"publish","type":"product","link":"https:\/\/skinstudio.ee\/lv\/catalog\/vitalized\/vitalized-greens-protein\/","title":{"rendered":"Greens &#038; Protein"},"content":{"rendered":"<p data-start=\"2584\" data-end=\"2681\"><strong data-start=\"2584\" data-end=\"2617\">Greens &amp; Protein no Vitalized<\/strong> &#8211; uztura bag\u0101tin\u0101t\u0101js ar augu superp\u0101rtiku un olbaltumviel\u0101m.<\/p>\n<p data-start=\"2683\" data-end=\"2791\">Satur mie\u017eu z\u0101les, spin\u0101tu, broko\u013cu, k\u0101postu, spirul\u012bnas un hlorellas pulverus, k\u0101 ar\u012b acerolas ekstraktu.<\/p>\n<p data-start=\"2793\" data-end=\"2874\">Sast\u0101vs papildin\u0101ts ar augu olbaltumviel\u0101m no pupi\u0146\u0101m, r\u012bsiem un turku zir\u0146iem.<\/p>\n<p data-start=\"2876\" data-end=\"2929\">Produkts ir pieejams paci\u0146u form\u0101 \u0113rtai lieto\u0161anai.<\/p>\n<p data-start=\"2931\" data-end=\"2950\"><strong data-start=\"2931\" data-end=\"2948\">Ra\u017eots Eirop\u0101<\/strong><\/p>\n<p data-start=\"2952\" data-end=\"3083\"><strong data-start=\"2952\" data-end=\"2973\">Der\u012bguma termi\u0146\u0161:<\/strong> skat\u012bt uz iepakojuma<br data-start=\"2994\" data-end=\"2997\" \/><strong data-start=\"2997\" data-end=\"3013\">Uzglab\u0101\u0161ana:<\/strong> uzglab\u0101t cie\u0161i nosl\u0113gtu v\u0113s\u0101, saus\u0101 viet\u0101<br data-start=\"3055\" data-end=\"3058\" \/><strong data-start=\"3058\" data-end=\"3070\">Tilpums:<\/strong> 30 paci\u0146as<\/p>\n","protected":false},"excerpt":{"rendered":"<p data-start=\"3563\" data-end=\"3623\">Uztura bag\u0101tin\u0101t\u0101js ar augu superp\u0101rtiku un olbaltumviel\u0101m<\/p>\n<h2 data-start=\"3625\" data-end=\"3666\"><strong data-start=\"3625\" data-end=\"3666\">\u012apa\u0161\u012bbas Vitalized &#8211; Greens &amp; Protein<\/strong><\/h2>\n<p data-start=\"3668\" data-end=\"3828\">\u2714\ufe0f Satur augu superp\u0101rtikas mais\u012bjumu<br data-start=\"3705\" data-end=\"3708\" \/>\u2714\ufe0f Augu olbaltumvielu avots<br data-start=\"3735\" data-end=\"3738\" \/>\u2714\ufe0f Ietver za\u013cos pulverus un ekstraktus<br data-start=\"3776\" data-end=\"3779\" \/>\u2714\ufe0f Paci\u0146u form\u0101ts \u0113rtai lieto\u0161anai<br data-start=\"3813\" data-end=\"3816\" \/>\u2714\ufe0f Bez \u0122MO<\/p>\n","protected":false},"featured_media":40189,"template":"","meta":[],"pwb-brand":[1353],"product_brand":[],"product_cat":[768],"product_tag":[],"giftcard-category":[],"class_list":{"0":"post-76922","1":"product","2":"type-product","3":"status-publish","4":"has-post-thumbnail","6":"pwb-brand-vitalized","7":"product_cat-vitamini","9":"first","10":"instock","11":"taxable","12":"shipping-taxable","13":"purchasable","14":"product-type-simple"},"acf":[],"brands":[{"id":1353,"name":"Vitalized","slug":"vitalized"}],"_links":{"self":[{"href":"https:\/\/skinstudio.ee\/lv\/wp-json\/wp\/v2\/product\/76922","targetHints":{"allow":["GET"]}}],"collection":[{"href":"https:\/\/skinstudio.ee\/lv\/wp-json\/wp\/v2\/product"}],"about":[{"href":"https:\/\/skinstudio.ee\/lv\/wp-json\/wp\/v2\/types\/product"}],"version-history":[{"count":3,"href":"https:\/\/skinstudio.ee\/lv\/wp-json\/wp\/v2\/product\/76922\/revisions"}],"predecessor-version":[{"id":90011,"href":"https:\/\/skinstudio.ee\/lv\/wp-json\/wp\/v2\/product\/76922\/revisions\/90011"}],"wp:featuredmedia":[{"embeddable":true,"href":"https:\/\/skinstudio.ee\/lv\/wp-json\/wp\/v2\/media\/40189"}],"wp:attachment":[{"href":"https:\/\/skinstudio.ee\/lv\/wp-json\/wp\/v2\/media?parent=76922"}],"wp:term":[{"taxonomy":"pwb-brand","embeddable":true,"href":"https:\/\/skinstudio.ee\/lv\/wp-json\/wp\/v2\/pwb-brand?post=76922"},{"taxonomy":"product_brand","embeddable":true,"href":"https:\/\/skinstudio.ee\/lv\/wp-json\/wp\/v2\/product_brand?post=76922"},{"taxonomy":"product_cat","embeddable":true,"href":"https:\/\/skinstudio.ee\/lv\/wp-json\/wp\/v2\/product_cat?post=76922"},{"taxonomy":"product_tag","embeddable":true,"href":"https:\/\/skinstudio.ee\/lv\/wp-json\/wp\/v2\/product_tag?post=76922"},{"taxonomy":"giftcard-category","embeddable":true,"href":"https:\/\/skinstudio.ee\/lv\/wp-json\/wp\/v2\/giftcard-category?post=76922"}],"curies":[{"name":"wp","href":"https:\/\/api.w.org\/{rel}","templated":true}]}}