{"id":76926,"date":"2025-08-07T09:49:56","date_gmt":"2025-08-07T09:49:56","guid":{"rendered":"https:\/\/skinstudio.ee\/?post_type=product&#038;p=76926"},"modified":"2026-04-09T07:39:49","modified_gmt":"2026-04-09T07:39:49","slug":"vitalized-spermidine-resveratrol","status":"publish","type":"product","link":"https:\/\/skinstudio.ee\/lv\/catalog\/vitalized-lv\/vitalized-spermidine-resveratrol\/","title":{"rendered":"Spermidine &#038; Resveratrol"},"content":{"rendered":"<p data-start=\"2557\" data-end=\"2653\"><strong data-start=\"2557\" data-end=\"2598\">Spermidine &amp; Resveratrol no Vitalized<\/strong> &#8211; uztura bag\u0101tin\u0101t\u0101js ar spermid\u012bnu un resveratrolu.<\/p>\n<p data-start=\"2655\" data-end=\"2724\">Satur spermid\u012bnu no sojas s\u0113klu ekstrakta un resveratrolu Veri-te\u2122.<\/p>\n<p data-start=\"2726\" data-end=\"2791\">Katra kapsula nodro\u0161ina 3 mg spermid\u012bna un 150 mg resveratrola.<\/p>\n<p data-start=\"2793\" data-end=\"2847\">Produkts ir kapsulu form\u0101 \u0113rtai ikdienas lieto\u0161anai.<\/p>\n<p data-start=\"2849\" data-end=\"2868\"><strong data-start=\"2849\" data-end=\"2866\">Ra\u017eots Eirop\u0101<\/strong><\/p>\n<p data-start=\"2870\" data-end=\"3002\"><strong data-start=\"2870\" data-end=\"2891\">Der\u012bguma termi\u0146\u0161:<\/strong> skat\u012bt uz iepakojuma<br data-start=\"2912\" data-end=\"2915\" \/><strong data-start=\"2915\" data-end=\"2931\">Uzglab\u0101\u0161ana:<\/strong> uzglab\u0101t cie\u0161i nosl\u0113gtu v\u0113s\u0101, saus\u0101 viet\u0101<br data-start=\"2973\" data-end=\"2976\" \/><strong data-start=\"2976\" data-end=\"2988\">Tilpums:<\/strong> 30 kapsulas<\/p>\n","protected":false},"excerpt":{"rendered":"<p data-start=\"3518\" data-end=\"3569\">Uztura bag\u0101tin\u0101t\u0101js ar spermid\u012bnu un resveratrolu<\/p>\n<h2 data-start=\"3571\" data-end=\"3620\"><strong data-start=\"3571\" data-end=\"3620\">\u012apa\u0161\u012bbas Vitalized &#8211; Spermidine &amp; Resveratrol<\/strong><\/h2>\n<p data-start=\"3622\" data-end=\"3776\">\u2714\ufe0f Satur spermid\u012bnu no augu avota<br data-start=\"3655\" data-end=\"3658\" \/>\u2714\ufe0f Ietver resveratrolu Veri-te\u2122<br data-start=\"3689\" data-end=\"3692\" \/>\u2714\ufe0f Kapsulu forma \u0113rtai lieto\u0161anai<br data-start=\"3725\" data-end=\"3728\" \/>\u2714\ufe0f Piem\u0113rots regul\u0101rai lieto\u0161anai<br data-start=\"3761\" data-end=\"3764\" \/>\u2714\ufe0f Bez \u0122MO<\/p>\n","protected":false},"featured_media":63424,"template":"","meta":[],"pwb-brand":[1353],"product_brand":[],"product_cat":[768],"product_tag":[],"giftcard-category":[],"class_list":{"0":"post-76926","1":"product","2":"type-product","3":"status-publish","4":"has-post-thumbnail","6":"pwb-brand-vitalized-lv","7":"product_cat-vitamini","9":"first","10":"instock","11":"taxable","12":"shipping-taxable","13":"purchasable","14":"product-type-simple"},"acf":[],"brands":[{"id":1353,"name":"Vitalized","slug":"vitalized-lv"}],"_links":{"self":[{"href":"https:\/\/skinstudio.ee\/lv\/wp-json\/wp\/v2\/product\/76926","targetHints":{"allow":["GET"]}}],"collection":[{"href":"https:\/\/skinstudio.ee\/lv\/wp-json\/wp\/v2\/product"}],"about":[{"href":"https:\/\/skinstudio.ee\/lv\/wp-json\/wp\/v2\/types\/product"}],"version-history":[{"count":3,"href":"https:\/\/skinstudio.ee\/lv\/wp-json\/wp\/v2\/product\/76926\/revisions"}],"predecessor-version":[{"id":90017,"href":"https:\/\/skinstudio.ee\/lv\/wp-json\/wp\/v2\/product\/76926\/revisions\/90017"}],"wp:featuredmedia":[{"embeddable":true,"href":"https:\/\/skinstudio.ee\/lv\/wp-json\/wp\/v2\/media\/63424"}],"wp:attachment":[{"href":"https:\/\/skinstudio.ee\/lv\/wp-json\/wp\/v2\/media?parent=76926"}],"wp:term":[{"taxonomy":"pwb-brand","embeddable":true,"href":"https:\/\/skinstudio.ee\/lv\/wp-json\/wp\/v2\/pwb-brand?post=76926"},{"taxonomy":"product_brand","embeddable":true,"href":"https:\/\/skinstudio.ee\/lv\/wp-json\/wp\/v2\/product_brand?post=76926"},{"taxonomy":"product_cat","embeddable":true,"href":"https:\/\/skinstudio.ee\/lv\/wp-json\/wp\/v2\/product_cat?post=76926"},{"taxonomy":"product_tag","embeddable":true,"href":"https:\/\/skinstudio.ee\/lv\/wp-json\/wp\/v2\/product_tag?post=76926"},{"taxonomy":"giftcard-category","embeddable":true,"href":"https:\/\/skinstudio.ee\/lv\/wp-json\/wp\/v2\/giftcard-category?post=76926"}],"curies":[{"name":"wp","href":"https:\/\/api.w.org\/{rel}","templated":true}]}}