{"id":76931,"date":"2025-08-07T09:47:38","date_gmt":"2025-08-07T09:47:38","guid":{"rendered":"https:\/\/skinstudio.ee\/?post_type=product&#038;p=76931"},"modified":"2026-04-09T07:45:47","modified_gmt":"2026-04-09T07:45:47","slug":"vitalized-iron-eisen","status":"publish","type":"product","link":"https:\/\/skinstudio.ee\/lv\/catalog\/vitalized-lv\/vitalized-iron-eisen\/","title":{"rendered":"Iron+ \/ Eisen+"},"content":{"rendered":"<p data-start=\"2604\" data-end=\"2693\"><strong data-start=\"2604\" data-end=\"2635\">Iron+ \/ Eisen+ no Vitalized<\/strong> &#8211; uztura bag\u0101tin\u0101t\u0101js ar dzelzi un papildu uzturviel\u0101m.<\/p>\n<p data-start=\"2695\" data-end=\"2733\">Satur dzelzi mikroenkapsul\u0113t\u0101 form\u0101.<\/p>\n<p data-start=\"2735\" data-end=\"2792\">Sast\u0101vs papildin\u0101ts ar C vitam\u012bnu, varu un B2 vitam\u012bnu.<\/p>\n<p data-start=\"2794\" data-end=\"2833\">Katra kapsula nodro\u0161ina 15 mg dzelzs.<\/p>\n<p data-start=\"2835\" data-end=\"2889\">Produkts ir kapsulu form\u0101 \u0113rtai ikdienas lieto\u0161anai.<\/p>\n<p data-start=\"2891\" data-end=\"2910\"><strong data-start=\"2891\" data-end=\"2908\">Ra\u017eots Eirop\u0101<\/strong><\/p>\n<p data-start=\"2912\" data-end=\"3067\"><strong data-start=\"2912\" data-end=\"2933\">Der\u012bguma termi\u0146\u0161:<\/strong> skat\u012bt uz iepakojuma<br data-start=\"2954\" data-end=\"2957\" \/><strong data-start=\"2957\" data-end=\"2973\">Uzglab\u0101\u0161ana:<\/strong> uzglab\u0101t cie\u0161i nosl\u0113gtu v\u0113s\u0101, saus\u0101 viet\u0101<br data-start=\"3015\" data-end=\"3018\" \/><strong data-start=\"3018\" data-end=\"3030\">Tilpums:<\/strong> 90 kapsulas (15 mg dzelzs kapsul\u0101)<\/p>\n","protected":false},"excerpt":{"rendered":"<p data-start=\"3579\" data-end=\"3633\">Uztura bag\u0101tin\u0101t\u0101js ar dzelzi un papildu uzturviel\u0101m<\/p>\n<h2 data-start=\"3635\" data-end=\"3674\"><strong data-start=\"3635\" data-end=\"3674\">\u012apa\u0161\u012bbas Vitalized &#8211; Iron+ \/ Eisen+<\/strong><\/h2>\n<p data-start=\"3676\" data-end=\"3826\">\u2714\ufe0f Satur dzelzi mikroenkapsul\u0113t\u0101 form\u0101<br data-start=\"3714\" data-end=\"3717\" \/>\u2714\ufe0f Satur C vitam\u012bnu, varu un B2 vitam\u012bnu<br data-start=\"3757\" data-end=\"3760\" \/>\u2714\ufe0f Dzelzs avots<br data-start=\"3775\" data-end=\"3778\" \/>\u2714\ufe0f Kapsulu forma \u0113rtai lieto\u0161anai<br data-start=\"3811\" data-end=\"3814\" \/>\u2714\ufe0f Bez \u0122MO<\/p>\n","protected":false},"featured_media":63429,"template":"","meta":[],"pwb-brand":[1353],"product_brand":[],"product_cat":[768],"product_tag":[],"giftcard-category":[],"class_list":{"0":"post-76931","1":"product","2":"type-product","3":"status-publish","4":"has-post-thumbnail","6":"pwb-brand-vitalized-lv","7":"product_cat-vitamini","9":"first","10":"instock","11":"taxable","12":"shipping-taxable","13":"purchasable","14":"product-type-simple"},"acf":[],"brands":[{"id":1353,"name":"Vitalized","slug":"vitalized-lv"}],"_links":{"self":[{"href":"https:\/\/skinstudio.ee\/lv\/wp-json\/wp\/v2\/product\/76931","targetHints":{"allow":["GET"]}}],"collection":[{"href":"https:\/\/skinstudio.ee\/lv\/wp-json\/wp\/v2\/product"}],"about":[{"href":"https:\/\/skinstudio.ee\/lv\/wp-json\/wp\/v2\/types\/product"}],"version-history":[{"count":4,"href":"https:\/\/skinstudio.ee\/lv\/wp-json\/wp\/v2\/product\/76931\/revisions"}],"predecessor-version":[{"id":90022,"href":"https:\/\/skinstudio.ee\/lv\/wp-json\/wp\/v2\/product\/76931\/revisions\/90022"}],"wp:featuredmedia":[{"embeddable":true,"href":"https:\/\/skinstudio.ee\/lv\/wp-json\/wp\/v2\/media\/63429"}],"wp:attachment":[{"href":"https:\/\/skinstudio.ee\/lv\/wp-json\/wp\/v2\/media?parent=76931"}],"wp:term":[{"taxonomy":"pwb-brand","embeddable":true,"href":"https:\/\/skinstudio.ee\/lv\/wp-json\/wp\/v2\/pwb-brand?post=76931"},{"taxonomy":"product_brand","embeddable":true,"href":"https:\/\/skinstudio.ee\/lv\/wp-json\/wp\/v2\/product_brand?post=76931"},{"taxonomy":"product_cat","embeddable":true,"href":"https:\/\/skinstudio.ee\/lv\/wp-json\/wp\/v2\/product_cat?post=76931"},{"taxonomy":"product_tag","embeddable":true,"href":"https:\/\/skinstudio.ee\/lv\/wp-json\/wp\/v2\/product_tag?post=76931"},{"taxonomy":"giftcard-category","embeddable":true,"href":"https:\/\/skinstudio.ee\/lv\/wp-json\/wp\/v2\/giftcard-category?post=76931"}],"curies":[{"name":"wp","href":"https:\/\/api.w.org\/{rel}","templated":true}]}}