{"id":76936,"date":"2025-08-07T09:47:12","date_gmt":"2025-08-07T09:47:12","guid":{"rendered":"https:\/\/skinstudio.ee\/?post_type=product&#038;p=76936"},"modified":"2026-04-09T07:50:29","modified_gmt":"2026-04-09T07:50:29","slug":"vitalized-same","status":"publish","type":"product","link":"https:\/\/skinstudio.ee\/lv\/catalog\/vitalized-lv\/vitalized-same\/","title":{"rendered":"SAMe+"},"content":{"rendered":"<p data-start=\"2697\" data-end=\"2781\"><strong data-start=\"2697\" data-end=\"2719\">SAMe+ no Vitalized<\/strong> &#8211; uztura bag\u0101tin\u0101t\u0101js ar S-adenozilmetion\u012bnu un vitam\u012bniem.<\/p>\n<p data-start=\"2783\" data-end=\"2867\">Satur SAMe (Adonat\u00ae) un papildin\u0101ts ar B6, B12 vitam\u012bnu, folijsk\u0101bi un C vitam\u012bnu.<\/p>\n<p data-start=\"2869\" data-end=\"2926\">Sast\u0101v\u0101 ir akt\u012bvo komponentu kombin\u0101cija kapsulu form\u0101.<\/p>\n<p data-start=\"2928\" data-end=\"2978\">Produkts ir piem\u0113rots \u0113rtai ikdienas lieto\u0161anai.<\/p>\n<p data-start=\"2980\" data-end=\"3048\">Nesatur glut\u0113nu, piem\u0113rots veg\u0101niem un atbilst Non-GMO standartam.<\/p>\n<p data-start=\"3050\" data-end=\"3069\"><strong data-start=\"3050\" data-end=\"3067\">Ra\u017eots Eirop\u0101<\/strong><\/p>\n<p data-start=\"3071\" data-end=\"3203\"><strong data-start=\"3071\" data-end=\"3092\">Der\u012bguma termi\u0146\u0161:<\/strong> skat\u012bt uz iepakojuma<br data-start=\"3113\" data-end=\"3116\" \/><strong data-start=\"3116\" data-end=\"3132\">Uzglab\u0101\u0161ana:<\/strong> uzglab\u0101t cie\u0161i nosl\u0113gtu v\u0113s\u0101, saus\u0101 viet\u0101<br data-start=\"3174\" data-end=\"3177\" \/><strong data-start=\"3177\" data-end=\"3189\">Tilpums:<\/strong> 60 kapsulas<\/p>\n","protected":false},"excerpt":{"rendered":"<p data-start=\"3723\" data-end=\"3773\">Uztura bag\u0101tin\u0101t\u0101js ar SAMe un B un C vitam\u012bniem<\/p>\n<h2 data-start=\"3775\" data-end=\"3805\"><strong data-start=\"3775\" data-end=\"3805\">\u012apa\u0161\u012bbas Vitalized &#8211; SAMe+<\/strong><\/h2>\n<p data-start=\"3807\" data-end=\"3955\">\u2714\ufe0f Satur SAMe (Adonat\u00ae)<br data-start=\"3830\" data-end=\"3833\" \/>\u2714\ufe0f Papildin\u0101ts ar B un C vitam\u012bniem<br data-start=\"3868\" data-end=\"3871\" \/>\u2714\ufe0f Kapsulu forma \u0113rtai lieto\u0161anai<br data-start=\"3904\" data-end=\"3907\" \/>\u2714\ufe0f Piem\u0113rots regul\u0101rai lieto\u0161anai<br data-start=\"3940\" data-end=\"3943\" \/>\u2714\ufe0f Bez \u0122MO<\/p>\n","protected":false},"featured_media":63434,"template":"","meta":[],"pwb-brand":[1353],"product_brand":[],"product_cat":[768],"product_tag":[],"giftcard-category":[],"class_list":{"0":"post-76936","1":"product","2":"type-product","3":"status-publish","4":"has-post-thumbnail","6":"pwb-brand-vitalized-lv","7":"product_cat-vitamini","9":"first","10":"instock","11":"taxable","12":"shipping-taxable","13":"purchasable","14":"product-type-simple"},"acf":[],"brands":[{"id":1353,"name":"Vitalized","slug":"vitalized-lv"}],"_links":{"self":[{"href":"https:\/\/skinstudio.ee\/lv\/wp-json\/wp\/v2\/product\/76936","targetHints":{"allow":["GET"]}}],"collection":[{"href":"https:\/\/skinstudio.ee\/lv\/wp-json\/wp\/v2\/product"}],"about":[{"href":"https:\/\/skinstudio.ee\/lv\/wp-json\/wp\/v2\/types\/product"}],"version-history":[{"count":3,"href":"https:\/\/skinstudio.ee\/lv\/wp-json\/wp\/v2\/product\/76936\/revisions"}],"predecessor-version":[{"id":90027,"href":"https:\/\/skinstudio.ee\/lv\/wp-json\/wp\/v2\/product\/76936\/revisions\/90027"}],"wp:featuredmedia":[{"embeddable":true,"href":"https:\/\/skinstudio.ee\/lv\/wp-json\/wp\/v2\/media\/63434"}],"wp:attachment":[{"href":"https:\/\/skinstudio.ee\/lv\/wp-json\/wp\/v2\/media?parent=76936"}],"wp:term":[{"taxonomy":"pwb-brand","embeddable":true,"href":"https:\/\/skinstudio.ee\/lv\/wp-json\/wp\/v2\/pwb-brand?post=76936"},{"taxonomy":"product_brand","embeddable":true,"href":"https:\/\/skinstudio.ee\/lv\/wp-json\/wp\/v2\/product_brand?post=76936"},{"taxonomy":"product_cat","embeddable":true,"href":"https:\/\/skinstudio.ee\/lv\/wp-json\/wp\/v2\/product_cat?post=76936"},{"taxonomy":"product_tag","embeddable":true,"href":"https:\/\/skinstudio.ee\/lv\/wp-json\/wp\/v2\/product_tag?post=76936"},{"taxonomy":"giftcard-category","embeddable":true,"href":"https:\/\/skinstudio.ee\/lv\/wp-json\/wp\/v2\/giftcard-category?post=76936"}],"curies":[{"name":"wp","href":"https:\/\/api.w.org\/{rel}","templated":true}]}}