{"id":76941,"date":"2025-08-07T09:43:07","date_gmt":"2025-08-07T09:43:07","guid":{"rendered":"https:\/\/skinstudio.ee\/?post_type=product&#038;p=76941"},"modified":"2026-04-08T13:42:24","modified_gmt":"2026-04-08T13:42:24","slug":"vitalized-omega-3-vegan","status":"publish","type":"product","link":"https:\/\/skinstudio.ee\/lv\/catalog\/vitalized-lv\/vitalized-omega-3-vegan\/","title":{"rendered":"Omega-3 Vegan"},"content":{"rendered":"<p data-start=\"233\" data-end=\"400\">Omega-3 tauksk\u0101bes, tostarp EPA un DHA, ir nepiecie\u0161amas organisma pareizai darb\u012bbai. T\u0101m ir b\u016btiska loma sirds, smadze\u0146u, redzes un citu sist\u0113mu vesel\u012bbas uztur\u0113\u0161an\u0101.<\/p>\n<p data-start=\"402\" data-end=\"761\">Zivju e\u013c\u013cas ieguvumi ir labi izp\u0113t\u012bti un saist\u012bti tie\u0161i ar EPA un DHA kombin\u0101ciju. Liel\u0101k\u0101 da\u013ca augu izcelsmes alternat\u012bvu satur tikai DHA, savuk\u0101rt Omega-3 Vegan nodro\u0161ina organismu ar 900 mg EPA un DHA no t\u012br\u0101m, augstas kvalit\u0101tes a\u013c\u0123\u0113m, lietojot tikai divas kapsulas dien\u0101. Produkts tiek ra\u017eots Eirop\u0101, nesatur glut\u0113nu un \u0122MO, piem\u0113rots veg\u0101niem.<\/p>\n<p data-start=\"763\" data-end=\"781\"><strong data-start=\"763\" data-end=\"781\">Ra\u017eots Eirop\u0101.<\/strong><\/p>\n<p data-start=\"783\" data-end=\"925\"><strong data-start=\"783\" data-end=\"804\">Der\u012bguma termi\u0146\u0161:<\/strong> skat\u012bt uz iepakojuma<br data-start=\"825\" data-end=\"828\" \/><strong data-start=\"828\" data-end=\"854\">Uzglab\u0101\u0161anas apst\u0101k\u013ci:<\/strong> uzglab\u0101t cie\u0161i nosl\u0113gtu v\u0113s\u0101 un saus\u0101 viet\u0101<br data-start=\"898\" data-end=\"901\" \/><strong data-start=\"901\" data-end=\"913\">Tilpums:<\/strong> 60 kapsulas<\/p>\n","protected":false},"excerpt":{"rendered":"<p data-start=\"1579\" data-end=\"1636\">Uztura bag\u0101tin\u0101t\u0101js ar augu izcelsmes omega-3, EPA un DHA<\/p>\n<h2 data-start=\"1638\" data-end=\"1691\"><strong data-start=\"1638\" data-end=\"1691\">\u012apa\u0161\u012bbas Vitalized &#8211; Omega-3 Vegan<\/strong><\/h2>\n<p data-start=\"1693\" data-end=\"1954\">\u2714\ufe0f Veicina sirds un asinsvadu sist\u0113mas vesel\u012bbas uztur\u0113\u0161anu<br data-start=\"1752\" data-end=\"1755\" \/>\u2714\ufe0f Pal\u012bdz saglab\u0101t skaidru dom\u0101\u0161anu un norm\u0101lu smadze\u0146u darb\u012bbu<br data-start=\"1818\" data-end=\"1821\" \/>\u2714\ufe0f Veicina redzes komfortu un skaidr\u012bbu<br data-start=\"1860\" data-end=\"1863\" \/>\u2714\ufe0f Satur pilnv\u0113rt\u012bgu EPA un DHA kompleksu<br data-start=\"1904\" data-end=\"1907\" \/>\u2714\ufe0f Piem\u0113rots veg\u0101niem, nesatur glut\u0113nu un \u0122MO<\/p>\n","protected":false},"featured_media":63444,"template":"","meta":[],"pwb-brand":[1353],"product_brand":[],"product_cat":[768],"product_tag":[],"giftcard-category":[],"class_list":{"0":"post-76941","1":"product","2":"type-product","3":"status-publish","4":"has-post-thumbnail","6":"pwb-brand-vitalized-lv","7":"product_cat-vitamini","9":"first","10":"instock","11":"taxable","12":"shipping-taxable","13":"purchasable","14":"product-type-simple"},"acf":[],"brands":[{"id":1353,"name":"Vitalized","slug":"vitalized-lv"}],"_links":{"self":[{"href":"https:\/\/skinstudio.ee\/lv\/wp-json\/wp\/v2\/product\/76941","targetHints":{"allow":["GET"]}}],"collection":[{"href":"https:\/\/skinstudio.ee\/lv\/wp-json\/wp\/v2\/product"}],"about":[{"href":"https:\/\/skinstudio.ee\/lv\/wp-json\/wp\/v2\/types\/product"}],"version-history":[{"count":3,"href":"https:\/\/skinstudio.ee\/lv\/wp-json\/wp\/v2\/product\/76941\/revisions"}],"predecessor-version":[{"id":89994,"href":"https:\/\/skinstudio.ee\/lv\/wp-json\/wp\/v2\/product\/76941\/revisions\/89994"}],"wp:featuredmedia":[{"embeddable":true,"href":"https:\/\/skinstudio.ee\/lv\/wp-json\/wp\/v2\/media\/63444"}],"wp:attachment":[{"href":"https:\/\/skinstudio.ee\/lv\/wp-json\/wp\/v2\/media?parent=76941"}],"wp:term":[{"taxonomy":"pwb-brand","embeddable":true,"href":"https:\/\/skinstudio.ee\/lv\/wp-json\/wp\/v2\/pwb-brand?post=76941"},{"taxonomy":"product_brand","embeddable":true,"href":"https:\/\/skinstudio.ee\/lv\/wp-json\/wp\/v2\/product_brand?post=76941"},{"taxonomy":"product_cat","embeddable":true,"href":"https:\/\/skinstudio.ee\/lv\/wp-json\/wp\/v2\/product_cat?post=76941"},{"taxonomy":"product_tag","embeddable":true,"href":"https:\/\/skinstudio.ee\/lv\/wp-json\/wp\/v2\/product_tag?post=76941"},{"taxonomy":"giftcard-category","embeddable":true,"href":"https:\/\/skinstudio.ee\/lv\/wp-json\/wp\/v2\/giftcard-category?post=76941"}],"curies":[{"name":"wp","href":"https:\/\/api.w.org\/{rel}","templated":true}]}}