{"id":76945,"date":"2025-08-07T09:41:05","date_gmt":"2025-08-07T09:41:05","guid":{"rendered":"https:\/\/skinstudio.ee\/?post_type=product&#038;p=76945"},"modified":"2026-04-09T08:00:28","modified_gmt":"2026-04-09T08:00:28","slug":"vitalized-collagen-caps","status":"publish","type":"product","link":"https:\/\/skinstudio.ee\/lv\/catalog\/vitalized-lv\/vitalized-collagen-caps\/","title":{"rendered":"Collagen Caps"},"content":{"rendered":"<p data-start=\"2631\" data-end=\"2719\"><strong data-start=\"2631\" data-end=\"2661\">Collagen Caps no Vitalized<\/strong> &#8211; uztura bag\u0101tin\u0101t\u0101js ar kolag\u0113nu, cinku un C vitam\u012bnu.<\/p>\n<p data-start=\"2721\" data-end=\"2789\">Satur vair\u0101kus kolag\u0113na veidus no zivju un olu \u010daumalas membr\u0101nas.<\/p>\n<p data-start=\"2791\" data-end=\"2836\">Sast\u0101vs papildin\u0101ts ar cinku un C vitam\u012bnu.<\/p>\n<p data-start=\"2838\" data-end=\"2892\">Produkts ir kapsulu form\u0101 \u0113rtai ikdienas lieto\u0161anai.<\/p>\n<p data-start=\"2894\" data-end=\"2947\">Nesatur saldin\u0101t\u0101jus, aromatiz\u0113t\u0101jus un kr\u0101svielas.<\/p>\n<p data-start=\"2949\" data-end=\"2968\"><strong data-start=\"2949\" data-end=\"2966\">Ra\u017eots Eirop\u0101<\/strong><\/p>\n<p data-start=\"2970\" data-end=\"3102\"><strong data-start=\"2970\" data-end=\"2991\">Der\u012bguma termi\u0146\u0161:<\/strong> skat\u012bt uz iepakojuma<br data-start=\"3012\" data-end=\"3015\" \/><strong data-start=\"3015\" data-end=\"3031\">Uzglab\u0101\u0161ana:<\/strong> uzglab\u0101t cie\u0161i nosl\u0113gtu v\u0113s\u0101, saus\u0101 viet\u0101<br data-start=\"3073\" data-end=\"3076\" \/><strong data-start=\"3076\" data-end=\"3088\">Tilpums:<\/strong> 60 kapsulas<\/p>\n","protected":false},"excerpt":{"rendered":"<p data-start=\"3619\" data-end=\"3673\">Uztura bag\u0101tin\u0101t\u0101js ar kolag\u0113nu, cinku un C vitam\u012bnu<\/p>\n<h2 data-start=\"3675\" data-end=\"3713\"><strong data-start=\"3675\" data-end=\"3713\">\u012apa\u0161\u012bbas Vitalized &#8211; Collagen Caps<\/strong><\/h2>\n<p data-start=\"3715\" data-end=\"3879\">\u2714\ufe0f Satur vair\u0101kus kolag\u0113na veidus<br data-start=\"3748\" data-end=\"3751\" \/>\u2714\ufe0f Kolag\u0113na avots no da\u017e\u0101diem avotiem<br data-start=\"3788\" data-end=\"3791\" \/>\u2714\ufe0f Papildin\u0101ts ar cinku un C vitam\u012bnu<br data-start=\"3828\" data-end=\"3831\" \/>\u2714\ufe0f Kapsulu forma \u0113rtai lieto\u0161anai<br data-start=\"3864\" data-end=\"3867\" \/>\u2714\ufe0f Bez \u0122MO<\/p>\n","protected":false},"featured_media":40150,"template":"","meta":[],"pwb-brand":[1353],"product_brand":[],"product_cat":[768],"product_tag":[],"giftcard-category":[],"class_list":{"0":"post-76945","1":"product","2":"type-product","3":"status-publish","4":"has-post-thumbnail","6":"pwb-brand-vitalized-lv","7":"product_cat-vitamini","9":"first","10":"instock","11":"taxable","12":"shipping-taxable","13":"purchasable","14":"product-type-simple"},"acf":[],"brands":[{"id":1353,"name":"Vitalized","slug":"vitalized-lv"}],"_links":{"self":[{"href":"https:\/\/skinstudio.ee\/lv\/wp-json\/wp\/v2\/product\/76945","targetHints":{"allow":["GET"]}}],"collection":[{"href":"https:\/\/skinstudio.ee\/lv\/wp-json\/wp\/v2\/product"}],"about":[{"href":"https:\/\/skinstudio.ee\/lv\/wp-json\/wp\/v2\/types\/product"}],"version-history":[{"count":3,"href":"https:\/\/skinstudio.ee\/lv\/wp-json\/wp\/v2\/product\/76945\/revisions"}],"predecessor-version":[{"id":90041,"href":"https:\/\/skinstudio.ee\/lv\/wp-json\/wp\/v2\/product\/76945\/revisions\/90041"}],"wp:featuredmedia":[{"embeddable":true,"href":"https:\/\/skinstudio.ee\/lv\/wp-json\/wp\/v2\/media\/40150"}],"wp:attachment":[{"href":"https:\/\/skinstudio.ee\/lv\/wp-json\/wp\/v2\/media?parent=76945"}],"wp:term":[{"taxonomy":"pwb-brand","embeddable":true,"href":"https:\/\/skinstudio.ee\/lv\/wp-json\/wp\/v2\/pwb-brand?post=76945"},{"taxonomy":"product_brand","embeddable":true,"href":"https:\/\/skinstudio.ee\/lv\/wp-json\/wp\/v2\/product_brand?post=76945"},{"taxonomy":"product_cat","embeddable":true,"href":"https:\/\/skinstudio.ee\/lv\/wp-json\/wp\/v2\/product_cat?post=76945"},{"taxonomy":"product_tag","embeddable":true,"href":"https:\/\/skinstudio.ee\/lv\/wp-json\/wp\/v2\/product_tag?post=76945"},{"taxonomy":"giftcard-category","embeddable":true,"href":"https:\/\/skinstudio.ee\/lv\/wp-json\/wp\/v2\/giftcard-category?post=76945"}],"curies":[{"name":"wp","href":"https:\/\/api.w.org\/{rel}","templated":true}]}}