{"id":76949,"date":"2025-08-07T09:40:16","date_gmt":"2025-08-07T09:40:16","guid":{"rendered":"https:\/\/skinstudio.ee\/?post_type=product&#038;p=76949"},"modified":"2026-04-08T13:48:34","modified_gmt":"2026-04-08T13:48:34","slug":"vitalized-lactoferrin","status":"publish","type":"product","link":"https:\/\/skinstudio.ee\/lv\/catalog\/vitalized-lv\/vitalized-lactoferrin\/","title":{"rendered":"Lactoferrin+"},"content":{"rendered":"<p data-start=\"233\" data-end=\"745\">Lactoferrin+ ir daudzfunkcion\u0101ls prote\u012bns, ko organisms dabiski ra\u017eo un kas ir paz\u012bstams k\u0101 iedzimt\u0101s aizsardz\u012bbas meh\u0101nismu sast\u0101vda\u013ca. Tas ir sastopams pien\u0101, siekal\u0101s, asaru \u0161\u0137idrum\u0101 un uz g\u013cot\u0101du virsm\u0101m, kur tas mijiedarbojas gan ar organisma strukt\u016br\u0101m, gan ar mikroorganismiem. Viens no galvenajiem t\u0101 darb\u012bbas meh\u0101nismiem ir dzelzs \u2014 svar\u012bga miner\u0101la \u2014 saist\u012b\u0161ana, kas veicina norm\u0101la dzelzs vielmai\u0146as un uzs\u016bk\u0161an\u0101s uztur\u0113\u0161anu. Pats nosaukums atspogu\u013co vielas b\u016bt\u012bbu: \u201clakto\u201d &#8211; piens, \u201cferr\u012bns\u201d &#8211; dzelzs.<\/p>\n<p data-start=\"747\" data-end=\"765\"><strong data-start=\"747\" data-end=\"765\">Ra\u017eots Eirop\u0101.<\/strong><\/p>\n<p data-start=\"767\" data-end=\"921\"><strong data-start=\"767\" data-end=\"788\">Der\u012bguma termi\u0146\u0161:<\/strong> skat\u012bt uz iepakojuma<br data-start=\"809\" data-end=\"812\" \/><strong data-start=\"812\" data-end=\"838\">Uzglab\u0101\u0161anas apst\u0101k\u013ci:<\/strong> uzglab\u0101t cie\u0161i nosl\u0113gt\u0101 iepakojum\u0101, v\u0113s\u0101 un saus\u0101 viet\u0101<br data-start=\"894\" data-end=\"897\" \/><strong data-start=\"897\" data-end=\"909\">Tilpums:<\/strong> 60 kapsulas<\/p>\n","protected":false},"excerpt":{"rendered":"<p data-start=\"1487\" data-end=\"1563\">Uztura bag\u0101tin\u0101t\u0101js ar laktofer\u012bnu imunit\u0101tes un dzelzs vielmai\u0146as atbalstam<\/p>\n<h2 data-start=\"1565\" data-end=\"1617\"><strong data-start=\"1565\" data-end=\"1617\">\u012apa\u0161\u012bbas Vitalized &#8211; Lactoferrin+<\/strong><\/h2>\n<p data-start=\"1619\" data-end=\"1829\">\u2714\ufe0f Veicina organisma dabisko aizsargfunkciju uztur\u0113\u0161anu<br data-start=\"1674\" data-end=\"1677\" \/>\u2714\ufe0f Pal\u012bdz uztur\u0113t norm\u0101lu dzelzs vielmai\u0146u<br data-start=\"1719\" data-end=\"1722\" \/>\u2714\ufe0f Atbalsta g\u013cot\u0101du komfortablu st\u0101vokli<br data-start=\"1762\" data-end=\"1765\" \/>\u2714\ufe0f Satur augst\u0101k\u0101s kvalit\u0101tes laktofer\u012bnu Biotis\u00ae<br data-start=\"1814\" data-end=\"1817\" \/>\u2714\ufe0f Non-GMO<\/p>\n","protected":false},"featured_media":63449,"template":"","meta":[],"pwb-brand":[1353],"product_brand":[],"product_cat":[768],"product_tag":[],"giftcard-category":[],"class_list":{"0":"post-76949","1":"product","2":"type-product","3":"status-publish","4":"has-post-thumbnail","6":"pwb-brand-vitalized-lv","7":"product_cat-vitamini","9":"first","10":"instock","11":"taxable","12":"shipping-taxable","13":"purchasable","14":"product-type-simple"},"acf":[],"brands":[{"id":1353,"name":"Vitalized","slug":"vitalized-lv"}],"_links":{"self":[{"href":"https:\/\/skinstudio.ee\/lv\/wp-json\/wp\/v2\/product\/76949","targetHints":{"allow":["GET"]}}],"collection":[{"href":"https:\/\/skinstudio.ee\/lv\/wp-json\/wp\/v2\/product"}],"about":[{"href":"https:\/\/skinstudio.ee\/lv\/wp-json\/wp\/v2\/types\/product"}],"version-history":[{"count":2,"href":"https:\/\/skinstudio.ee\/lv\/wp-json\/wp\/v2\/product\/76949\/revisions"}],"predecessor-version":[{"id":83135,"href":"https:\/\/skinstudio.ee\/lv\/wp-json\/wp\/v2\/product\/76949\/revisions\/83135"}],"wp:featuredmedia":[{"embeddable":true,"href":"https:\/\/skinstudio.ee\/lv\/wp-json\/wp\/v2\/media\/63449"}],"wp:attachment":[{"href":"https:\/\/skinstudio.ee\/lv\/wp-json\/wp\/v2\/media?parent=76949"}],"wp:term":[{"taxonomy":"pwb-brand","embeddable":true,"href":"https:\/\/skinstudio.ee\/lv\/wp-json\/wp\/v2\/pwb-brand?post=76949"},{"taxonomy":"product_brand","embeddable":true,"href":"https:\/\/skinstudio.ee\/lv\/wp-json\/wp\/v2\/product_brand?post=76949"},{"taxonomy":"product_cat","embeddable":true,"href":"https:\/\/skinstudio.ee\/lv\/wp-json\/wp\/v2\/product_cat?post=76949"},{"taxonomy":"product_tag","embeddable":true,"href":"https:\/\/skinstudio.ee\/lv\/wp-json\/wp\/v2\/product_tag?post=76949"},{"taxonomy":"giftcard-category","embeddable":true,"href":"https:\/\/skinstudio.ee\/lv\/wp-json\/wp\/v2\/giftcard-category?post=76949"}],"curies":[{"name":"wp","href":"https:\/\/api.w.org\/{rel}","templated":true}]}}