{"id":76953,"date":"2025-06-17T09:12:55","date_gmt":"2025-06-17T09:12:55","guid":{"rendered":"https:\/\/skinstudio.ee\/?post_type=product&#038;p=76953"},"modified":"2026-05-07T13:41:43","modified_gmt":"2026-05-07T13:41:43","slug":"inositol","status":"publish","type":"product","link":"https:\/\/skinstudio.ee\/lv\/catalog\/life-extension\/inositol\/","title":{"rendered":"Inositol"},"content":{"rendered":"<p data-start=\"1432\" data-end=\"1515\"><strong data-start=\"1439\" data-end=\"1474\">Inositol Caps no Life Extension<\/strong> ir uztura bag\u0101tin\u0101t\u0101js ar mio-inozitolu.<\/p>\n<p data-start=\"1517\" data-end=\"1640\">Formula nodro\u0161ina 1000 mg mio-inozitola vien\u0101 kapsul\u0101. Mio-inozitols ir dab\u012bgs savienojums, kas ir da\u013ca no \u0161\u016bnu strukt\u016br\u0101m.<\/p>\n<p data-start=\"1642\" data-end=\"1685\">Produkts ir kapsulu form\u0101 \u0113rtai lieto\u0161anai.<\/p>\n<p data-start=\"1687\" data-end=\"1707\"><strong data-start=\"1687\" data-end=\"1705\">Ra\u017eots Eirop\u0101.<\/strong><\/p>\n<p data-start=\"1709\" data-end=\"1852\"><strong data-start=\"1709\" data-end=\"1728\">Ieteicams l\u012bdz:<\/strong> skat\u012bt uz iepakojuma<br data-start=\"1749\" data-end=\"1752\" \/><strong data-start=\"1752\" data-end=\"1778\">Uzglab\u0101\u0161anas apst\u0101k\u013ci:<\/strong> uzglab\u0101t cie\u0161i nosl\u0113gtu v\u0113s\u0101 un saus\u0101 viet\u0101<br data-start=\"1822\" data-end=\"1825\" \/><strong data-start=\"1825\" data-end=\"1837\">Tilpums:<\/strong> 360 kapsulas<\/p>\n","protected":false},"excerpt":{"rendered":"<p data-start=\"1859\" data-end=\"1897\">Uztura bag\u0101tin\u0101t\u0101js ar mio-inozitolu<\/p>\n<h2 data-start=\"1899\" data-end=\"1942\"><strong data-start=\"1899\" data-end=\"1942\">\u012apa\u0161\u012bbas Life Extension &#8211; Inositol Caps<\/strong><\/h2>\n<p data-start=\"1944\" data-end=\"2114\">\u2714\ufe0f 1000 mg mio-inozitola vien\u0101 kapsul\u0101<br data-start=\"1982\" data-end=\"1985\" \/>\u2714\ufe0f Augsta deva vien\u0101 porcij\u0101<br data-start=\"2013\" data-end=\"2016\" \/>\u2714\ufe0f Kapsulu forma \u0113rtai lieto\u0161anai<br data-start=\"2049\" data-end=\"2052\" \/>\u2714\ufe0f Piem\u0113rots ikdienas lieto\u0161anai<br data-start=\"2084\" data-end=\"2087\" \/>\u2714\ufe0f Bez glut\u0113na un bez \u0122MO<\/p>\n","protected":false},"featured_media":92039,"template":"","meta":[],"pwb-brand":[774],"product_brand":[],"product_cat":[768],"product_tag":[],"giftcard-category":[],"class_list":{"0":"post-76953","1":"product","2":"type-product","3":"status-publish","4":"has-post-thumbnail","6":"pwb-brand-life-extension","7":"product_cat-vitamini","9":"first","10":"outofstock","11":"taxable","12":"shipping-taxable","13":"purchasable","14":"product-type-simple"},"acf":[],"brands":[{"id":774,"name":"Life Extension","slug":"life-extension"}],"_links":{"self":[{"href":"https:\/\/skinstudio.ee\/lv\/wp-json\/wp\/v2\/product\/76953","targetHints":{"allow":["GET"]}}],"collection":[{"href":"https:\/\/skinstudio.ee\/lv\/wp-json\/wp\/v2\/product"}],"about":[{"href":"https:\/\/skinstudio.ee\/lv\/wp-json\/wp\/v2\/types\/product"}],"version-history":[{"count":2,"href":"https:\/\/skinstudio.ee\/lv\/wp-json\/wp\/v2\/product\/76953\/revisions"}],"predecessor-version":[{"id":88221,"href":"https:\/\/skinstudio.ee\/lv\/wp-json\/wp\/v2\/product\/76953\/revisions\/88221"}],"wp:featuredmedia":[{"embeddable":true,"href":"https:\/\/skinstudio.ee\/lv\/wp-json\/wp\/v2\/media\/92039"}],"wp:attachment":[{"href":"https:\/\/skinstudio.ee\/lv\/wp-json\/wp\/v2\/media?parent=76953"}],"wp:term":[{"taxonomy":"pwb-brand","embeddable":true,"href":"https:\/\/skinstudio.ee\/lv\/wp-json\/wp\/v2\/pwb-brand?post=76953"},{"taxonomy":"product_brand","embeddable":true,"href":"https:\/\/skinstudio.ee\/lv\/wp-json\/wp\/v2\/product_brand?post=76953"},{"taxonomy":"product_cat","embeddable":true,"href":"https:\/\/skinstudio.ee\/lv\/wp-json\/wp\/v2\/product_cat?post=76953"},{"taxonomy":"product_tag","embeddable":true,"href":"https:\/\/skinstudio.ee\/lv\/wp-json\/wp\/v2\/product_tag?post=76953"},{"taxonomy":"giftcard-category","embeddable":true,"href":"https:\/\/skinstudio.ee\/lv\/wp-json\/wp\/v2\/giftcard-category?post=76953"}],"curies":[{"name":"wp","href":"https:\/\/api.w.org\/{rel}","templated":true}]}}