{"id":76959,"date":"2025-06-17T09:11:20","date_gmt":"2025-06-17T09:11:20","guid":{"rendered":"https:\/\/skinstudio.ee\/?post_type=product&#038;p=76959"},"modified":"2026-04-07T09:04:34","modified_gmt":"2026-04-07T09:04:34","slug":"digestive-enzymes","status":"publish","type":"product","link":"https:\/\/skinstudio.ee\/lv\/catalog\/life-extension\/digestive-enzymes\/","title":{"rendered":"Digestive Enzymes"},"content":{"rendered":"<p data-start=\"1489\" data-end=\"1590\"><strong data-start=\"1496\" data-end=\"1535\">Digestive Enzymes no Life Extension<\/strong> ir uztura bag\u0101tin\u0101t\u0101js ar gremo\u0161anas enz\u012bmu kompleksu.<\/p>\n<p data-start=\"1592\" data-end=\"1739\">Formula satur enz\u012bmus, tostarp amil\u0101zi, lip\u0101zi un prote\u0101zi, k\u0101 ar\u012b beta\u012bnu HCl. Komplekss apvieno enz\u012bmus, kas tiek izmantoti uztura bag\u0101tin\u0101t\u0101jos.<\/p>\n<p data-start=\"1741\" data-end=\"1767\">Produkts ir kapsulu form\u0101.<\/p>\n<p data-start=\"1769\" data-end=\"1789\"><strong data-start=\"1769\" data-end=\"1787\">Ra\u017eots Eirop\u0101.<\/strong><\/p>\n<p data-start=\"1791\" data-end=\"1933\"><strong data-start=\"1791\" data-end=\"1810\">Ieteicams l\u012bdz:<\/strong> skat\u012bt uz iepakojuma<br data-start=\"1831\" data-end=\"1834\" \/><strong data-start=\"1834\" data-end=\"1860\">Uzglab\u0101\u0161anas apst\u0101k\u013ci:<\/strong> uzglab\u0101t cie\u0161i nosl\u0113gtu v\u0113s\u0101 un saus\u0101 viet\u0101<br data-start=\"1904\" data-end=\"1907\" \/><strong data-start=\"1907\" data-end=\"1919\">Tilpums:<\/strong> 60 kapsulas<\/p>\n","protected":false},"excerpt":{"rendered":"<p data-start=\"1940\" data-end=\"1984\">Uztura bag\u0101tin\u0101t\u0101js ar gremo\u0161anas enz\u012bmiem<\/p>\n<h2 data-start=\"1986\" data-end=\"2033\"><strong data-start=\"1986\" data-end=\"2033\">\u012apa\u0161\u012bbas Life Extension &#8211; Digestive Enzymes<\/strong><\/h2>\n<p data-start=\"2035\" data-end=\"2207\">\u2714\ufe0f Enz\u012bmu komplekss vien\u0101 formul\u0101<br data-start=\"2068\" data-end=\"2071\" \/>\u2714\ufe0f Amil\u0101ze, lip\u0101ze un prote\u0101ze sast\u0101v\u0101<br data-start=\"2109\" data-end=\"2112\" \/>\u2714\ufe0f Papildin\u0101ts ar beta\u012bnu HCl<br data-start=\"2141\" data-end=\"2144\" \/>\u2714\ufe0f Kapsulu forma \u0113rtai lieto\u0161anai<br data-start=\"2177\" data-end=\"2180\" \/>\u2714\ufe0f Bez glut\u0113na un bez \u0122MO<\/p>\n","protected":false},"featured_media":92059,"template":"","meta":[],"pwb-brand":[774],"product_brand":[],"product_cat":[768],"product_tag":[],"giftcard-category":[],"class_list":{"0":"post-76959","1":"product","2":"type-product","3":"status-publish","4":"has-post-thumbnail","6":"pwb-brand-life-extension","7":"product_cat-vitamini","9":"first","10":"instock","11":"taxable","12":"shipping-taxable","13":"purchasable","14":"product-type-simple"},"acf":[],"brands":[{"id":774,"name":"Life Extension","slug":"life-extension"}],"_links":{"self":[{"href":"https:\/\/skinstudio.ee\/lv\/wp-json\/wp\/v2\/product\/76959","targetHints":{"allow":["GET"]}}],"collection":[{"href":"https:\/\/skinstudio.ee\/lv\/wp-json\/wp\/v2\/product"}],"about":[{"href":"https:\/\/skinstudio.ee\/lv\/wp-json\/wp\/v2\/types\/product"}],"version-history":[{"count":2,"href":"https:\/\/skinstudio.ee\/lv\/wp-json\/wp\/v2\/product\/76959\/revisions"}],"predecessor-version":[{"id":88216,"href":"https:\/\/skinstudio.ee\/lv\/wp-json\/wp\/v2\/product\/76959\/revisions\/88216"}],"wp:featuredmedia":[{"embeddable":true,"href":"https:\/\/skinstudio.ee\/lv\/wp-json\/wp\/v2\/media\/92059"}],"wp:attachment":[{"href":"https:\/\/skinstudio.ee\/lv\/wp-json\/wp\/v2\/media?parent=76959"}],"wp:term":[{"taxonomy":"pwb-brand","embeddable":true,"href":"https:\/\/skinstudio.ee\/lv\/wp-json\/wp\/v2\/pwb-brand?post=76959"},{"taxonomy":"product_brand","embeddable":true,"href":"https:\/\/skinstudio.ee\/lv\/wp-json\/wp\/v2\/product_brand?post=76959"},{"taxonomy":"product_cat","embeddable":true,"href":"https:\/\/skinstudio.ee\/lv\/wp-json\/wp\/v2\/product_cat?post=76959"},{"taxonomy":"product_tag","embeddable":true,"href":"https:\/\/skinstudio.ee\/lv\/wp-json\/wp\/v2\/product_tag?post=76959"},{"taxonomy":"giftcard-category","embeddable":true,"href":"https:\/\/skinstudio.ee\/lv\/wp-json\/wp\/v2\/giftcard-category?post=76959"}],"curies":[{"name":"wp","href":"https:\/\/api.w.org\/{rel}","templated":true}]}}