{"id":76964,"date":"2025-06-17T09:02:47","date_gmt":"2025-06-17T09:02:47","guid":{"rendered":"https:\/\/skinstudio.ee\/?post_type=product&#038;p=76964"},"modified":"2026-04-07T09:07:28","modified_gmt":"2026-04-07T09:07:28","slug":"optimised-quercetin","status":"publish","type":"product","link":"https:\/\/skinstudio.ee\/lv\/catalog\/life-extension\/optimised-quercetin\/","title":{"rendered":"Optimised Quercetin"},"content":{"rendered":"<p data-start=\"1925\" data-end=\"2038\"><strong data-start=\"1925\" data-end=\"1966\">Optimised Quercetin no Life Extension<\/strong> &#8211; uztura bag\u0101tin\u0101t\u0101js ar kvercet\u012bnu, C vitam\u012bnu un camu-camu ekstraktu.<\/p>\n<p data-start=\"2040\" data-end=\"2220\">C vitam\u012bns veicina norm\u0101lu im\u016bnsist\u0113mas darb\u012bbu un pal\u012bdz aizsarg\u0101t \u0161\u016bnas no oksidat\u012bv\u0101 stresa. Tas ar\u012b pal\u012bdz samazin\u0101t nogurumu un nesp\u0113ku un veicina norm\u0101lu ener\u0123ijas vielmai\u0146u.<\/p>\n<p data-start=\"2222\" data-end=\"2343\">Formula satur 250 mg kvercet\u012bna, k\u0101 ar\u012b C vitam\u012bnu un camu-camu ekstraktu, un ir kapsulu form\u0101 \u0113rtai ikdienas lieto\u0161anai.<\/p>\n<p data-start=\"2345\" data-end=\"2500\"><strong data-start=\"2345\" data-end=\"2363\">Ra\u017eots Eirop\u0101.<\/strong><br data-start=\"2363\" data-end=\"2366\" \/><strong data-start=\"2366\" data-end=\"2387\">Der\u012bguma termi\u0146\u0161:<\/strong> skat\u012bt uz iepakojuma<br data-start=\"2408\" data-end=\"2411\" \/><strong data-start=\"2411\" data-end=\"2427\">Uzglab\u0101\u0161ana:<\/strong> uzglab\u0101t cie\u0161i nosl\u0113gtu v\u0113s\u0101 un saus\u0101 viet\u0101<br data-start=\"2471\" data-end=\"2474\" \/><strong data-start=\"2474\" data-end=\"2486\">Tilpums:<\/strong> 60 kapsulas<\/p>\n","protected":false},"excerpt":{"rendered":"<p data-start=\"2507\" data-end=\"2542\">Uztura bag\u0101tin\u0101t\u0101js ar kvercet\u012bnu<\/p>\n<h2 data-section-id=\"6cdvuv\" data-start=\"2544\" data-end=\"2597\"><strong data-start=\"2548\" data-end=\"2597\">\u012apa\u0161\u012bbas Life Extension &#8211; Optimised Quercetin<\/strong><\/h2>\n<p data-start=\"2599\" data-end=\"2736\">\u2714\ufe0f 250 mg kvercet\u012bna kapsul\u0101<br data-start=\"2627\" data-end=\"2630\" \/>\u2714\ufe0f Satur C vitam\u012bnu<br data-start=\"2649\" data-end=\"2652\" \/>\u2714\ufe0f Formula ar camu-camu ekstraktu<br data-start=\"2685\" data-end=\"2688\" \/>\u2714\ufe0f Kapsulu forma \u0113rtai lieto\u0161anai<br data-start=\"2721\" data-end=\"2724\" \/>\u2714\ufe0f Bez \u0122MO<\/p>\n","protected":false},"featured_media":63464,"template":"","meta":[],"pwb-brand":[774],"product_brand":[],"product_cat":[768],"product_tag":[],"giftcard-category":[],"class_list":{"0":"post-76964","1":"product","2":"type-product","3":"status-publish","4":"has-post-thumbnail","6":"pwb-brand-life-extension","7":"product_cat-vitamini","9":"first","10":"instock","11":"taxable","12":"shipping-taxable","13":"purchasable","14":"product-type-simple"},"acf":[],"brands":[{"id":774,"name":"Life Extension","slug":"life-extension"}],"_links":{"self":[{"href":"https:\/\/skinstudio.ee\/lv\/wp-json\/wp\/v2\/product\/76964","targetHints":{"allow":["GET"]}}],"collection":[{"href":"https:\/\/skinstudio.ee\/lv\/wp-json\/wp\/v2\/product"}],"about":[{"href":"https:\/\/skinstudio.ee\/lv\/wp-json\/wp\/v2\/types\/product"}],"version-history":[{"count":4,"href":"https:\/\/skinstudio.ee\/lv\/wp-json\/wp\/v2\/product\/76964\/revisions"}],"predecessor-version":[{"id":89689,"href":"https:\/\/skinstudio.ee\/lv\/wp-json\/wp\/v2\/product\/76964\/revisions\/89689"}],"wp:featuredmedia":[{"embeddable":true,"href":"https:\/\/skinstudio.ee\/lv\/wp-json\/wp\/v2\/media\/63464"}],"wp:attachment":[{"href":"https:\/\/skinstudio.ee\/lv\/wp-json\/wp\/v2\/media?parent=76964"}],"wp:term":[{"taxonomy":"pwb-brand","embeddable":true,"href":"https:\/\/skinstudio.ee\/lv\/wp-json\/wp\/v2\/pwb-brand?post=76964"},{"taxonomy":"product_brand","embeddable":true,"href":"https:\/\/skinstudio.ee\/lv\/wp-json\/wp\/v2\/product_brand?post=76964"},{"taxonomy":"product_cat","embeddable":true,"href":"https:\/\/skinstudio.ee\/lv\/wp-json\/wp\/v2\/product_cat?post=76964"},{"taxonomy":"product_tag","embeddable":true,"href":"https:\/\/skinstudio.ee\/lv\/wp-json\/wp\/v2\/product_tag?post=76964"},{"taxonomy":"giftcard-category","embeddable":true,"href":"https:\/\/skinstudio.ee\/lv\/wp-json\/wp\/v2\/giftcard-category?post=76964"}],"curies":[{"name":"wp","href":"https:\/\/api.w.org\/{rel}","templated":true}]}}