{"id":76972,"date":"2025-06-17T09:01:25","date_gmt":"2025-06-17T09:01:25","guid":{"rendered":"https:\/\/skinstudio.ee\/?post_type=product&#038;p=76972"},"modified":"2026-04-07T09:10:36","modified_gmt":"2026-04-07T09:10:36","slug":"two-per-day-multivitamin","status":"publish","type":"product","link":"https:\/\/skinstudio.ee\/lv\/catalog\/life-extension\/two-per-day-multivitamin\/","title":{"rendered":"Two-Per-Day Multivitamin"},"content":{"rendered":"<p data-start=\"2006\" data-end=\"2097\"><strong data-start=\"2006\" data-end=\"2052\">Two-Per-Day Multivitamin no Life Extension<\/strong> ir multivitam\u012bnu komplekss ikdienas uzturam.<\/p>\n<p data-start=\"2099\" data-end=\"2279\">Sast\u0101vs ietver B grupas vitam\u012bnus, C, D3 un E vitam\u012bnu, k\u0101 ar\u012b cinku, sel\u0113nu, kvercet\u012bnu un likop\u0113nu. Produkts nodro\u0161ina b\u016btisku mikroelementu uz\u0146em\u0161anu \u0113rt\u0101 2 kapsulu dienas dev\u0101.<\/p>\n<p data-start=\"2281\" data-end=\"2301\"><strong data-start=\"2281\" data-end=\"2299\">Ra\u017eots Eirop\u0101.<\/strong><\/p>\n<p data-start=\"2303\" data-end=\"2448\"><strong data-start=\"2303\" data-end=\"2324\">Der\u012bguma termi\u0146\u0161:<\/strong> skat\u012bt uz iepakojuma<br data-start=\"2345\" data-end=\"2348\" \/><strong data-start=\"2348\" data-end=\"2374\">Uzglab\u0101\u0161anas apst\u0101k\u013ci:<\/strong> uzglab\u0101t cie\u0161i nosl\u0113gtu v\u0113s\u0101 un saus\u0101 viet\u0101<br data-start=\"2418\" data-end=\"2421\" \/><strong data-start=\"2421\" data-end=\"2433\">Tilpums:<\/strong> 120 kapsulas<\/p>\n","protected":false},"excerpt":{"rendered":"<p data-start=\"1674\" data-end=\"1733\">Uztura bag\u0101tin\u0101t\u0101js ar vitam\u012bniem un miner\u0101lviel\u0101m<\/p>\n<h2 data-start=\"1735\" data-end=\"1789\"><strong data-start=\"1735\" data-end=\"1789\">\u012apa\u0161\u012bbas Life Extension &#8211; Two-Per-Day Multivitamin<\/strong><\/h2>\n<p data-start=\"1791\" data-end=\"1999\">\u2714\ufe0f satur A, C, D3, E un B grupas vitam\u012bnus<br data-start=\"1833\" data-end=\"1836\" \/>\u2714\ufe0f satur cinku, sel\u0113nu, kvercet\u012bnu un likop\u0113nu<br data-start=\"1882\" data-end=\"1885\" \/>\u2714\ufe0f augstas vitam\u012bnu un miner\u0101lvielu devas<br data-start=\"1926\" data-end=\"1929\" \/>\u2714\ufe0f paredz\u0113ts lieto\u0161anai 2 kapsulas dien\u0101<br data-start=\"1969\" data-end=\"1972\" \/>\u2714\ufe0f bez glut\u0113na un bez \u0122MO<\/p>\n","protected":false},"featured_media":63469,"template":"","meta":[],"pwb-brand":[774],"product_brand":[],"product_cat":[768],"product_tag":[],"giftcard-category":[],"class_list":{"0":"post-76972","1":"product","2":"type-product","3":"status-publish","4":"has-post-thumbnail","6":"pwb-brand-life-extension","7":"product_cat-vitamini","9":"first","10":"instock","11":"taxable","12":"shipping-taxable","13":"purchasable","14":"product-type-simple"},"acf":[],"brands":[{"id":774,"name":"Life Extension","slug":"life-extension"}],"_links":{"self":[{"href":"https:\/\/skinstudio.ee\/lv\/wp-json\/wp\/v2\/product\/76972","targetHints":{"allow":["GET"]}}],"collection":[{"href":"https:\/\/skinstudio.ee\/lv\/wp-json\/wp\/v2\/product"}],"about":[{"href":"https:\/\/skinstudio.ee\/lv\/wp-json\/wp\/v2\/types\/product"}],"version-history":[{"count":3,"href":"https:\/\/skinstudio.ee\/lv\/wp-json\/wp\/v2\/product\/76972\/revisions"}],"predecessor-version":[{"id":88028,"href":"https:\/\/skinstudio.ee\/lv\/wp-json\/wp\/v2\/product\/76972\/revisions\/88028"}],"wp:featuredmedia":[{"embeddable":true,"href":"https:\/\/skinstudio.ee\/lv\/wp-json\/wp\/v2\/media\/63469"}],"wp:attachment":[{"href":"https:\/\/skinstudio.ee\/lv\/wp-json\/wp\/v2\/media?parent=76972"}],"wp:term":[{"taxonomy":"pwb-brand","embeddable":true,"href":"https:\/\/skinstudio.ee\/lv\/wp-json\/wp\/v2\/pwb-brand?post=76972"},{"taxonomy":"product_brand","embeddable":true,"href":"https:\/\/skinstudio.ee\/lv\/wp-json\/wp\/v2\/product_brand?post=76972"},{"taxonomy":"product_cat","embeddable":true,"href":"https:\/\/skinstudio.ee\/lv\/wp-json\/wp\/v2\/product_cat?post=76972"},{"taxonomy":"product_tag","embeddable":true,"href":"https:\/\/skinstudio.ee\/lv\/wp-json\/wp\/v2\/product_tag?post=76972"},{"taxonomy":"giftcard-category","embeddable":true,"href":"https:\/\/skinstudio.ee\/lv\/wp-json\/wp\/v2\/giftcard-category?post=76972"}],"curies":[{"name":"wp","href":"https:\/\/api.w.org\/{rel}","templated":true}]}}