{"id":76977,"date":"2024-12-10T14:21:22","date_gmt":"2024-12-10T14:21:22","guid":{"rendered":"https:\/\/skinstudio.ee\/?post_type=product&#038;p=76977"},"modified":"2026-04-07T09:12:11","modified_gmt":"2026-04-07T09:12:11","slug":"calm-mag","status":"publish","type":"product","link":"https:\/\/skinstudio.ee\/lv\/catalog\/life-extension\/calm-mag\/","title":{"rendered":"Calm-Mag"},"content":{"rendered":"<div class=\"col-md-12 ng-scope\">\n<p data-start=\"1754\" data-end=\"1852\"><strong data-start=\"1754\" data-end=\"1784\">Calm-Mag no Life Extension<\/strong> &#8211; uztura bag\u0101tin\u0101t\u0101js ar magniju magnija acetiltaur\u0101ta (ATA) form\u0101.<\/p>\n<p data-start=\"1854\" data-end=\"2034\">Magnijs ir miner\u0101ls, kas piedal\u0101s da\u017e\u0101dos fiziolo\u0123iskos procesos, tostarp ener\u0123ijas vielmai\u0146\u0101 un nervu sist\u0113mas darb\u012bb\u0101. Tas ir saist\u012bts ar\u012b ar musku\u013cu funkciju un noguruma l\u012bmeni.<\/p>\n<p data-start=\"2036\" data-end=\"2098\">Formula ir izstr\u0101d\u0101ta kapsulu form\u0101 \u0113rtai ikdienas lieto\u0161anai.<\/p>\n<p data-start=\"2100\" data-end=\"2118\"><strong data-start=\"2100\" data-end=\"2118\">Ra\u017eots Eirop\u0101.<\/strong><\/p>\n<p data-start=\"2120\" data-end=\"2254\"><strong data-start=\"2120\" data-end=\"2141\">Der\u012bguma termi\u0146\u0161:<\/strong> skat\u012bt uz iepakojuma<br data-start=\"2162\" data-end=\"2165\" \/><strong data-start=\"2165\" data-end=\"2181\">Uzglab\u0101\u0161ana:<\/strong> uzglab\u0101t cie\u0161i nosl\u0113gtu v\u0113s\u0101 un saus\u0101 viet\u0101<br data-start=\"2225\" data-end=\"2228\" \/><strong data-start=\"2228\" data-end=\"2240\">Tilpums:<\/strong> 30 kapsulas<\/p>\n<\/div>\n","protected":false},"excerpt":{"rendered":"<p data-start=\"2261\" data-end=\"2293\">Uztura bag\u0101tin\u0101t\u0101js ar magniju<\/p>\n<h2 data-section-id=\"rg8skw\" data-start=\"2295\" data-end=\"2337\"><strong data-start=\"2299\" data-end=\"2337\">\u012apa\u0161\u012bbas Life Extension &#8211; Calm-Mag<\/strong><\/h2>\n<p data-start=\"2339\" data-end=\"2473\">\u2714\ufe0f Satur magniju<br data-start=\"2355\" data-end=\"2358\" \/>\u2714\ufe0f \u0112rta kapsulu forma<br data-start=\"2379\" data-end=\"2382\" \/>\u2714\ufe0f Formula uz magnija acetiltaur\u0101ta b\u0101zes<br data-start=\"2423\" data-end=\"2426\" \/>\u2714\ufe0f Piem\u0113rots ikdienas lieto\u0161anai<br data-start=\"2458\" data-end=\"2461\" \/>\u2714\ufe0f Bez \u0122MO<\/p>\n","protected":false},"featured_media":92049,"template":"","meta":[],"pwb-brand":[774],"product_brand":[],"product_cat":[768],"product_tag":[],"giftcard-category":[],"class_list":{"0":"post-76977","1":"product","2":"type-product","3":"status-publish","4":"has-post-thumbnail","6":"pwb-brand-life-extension","7":"product_cat-vitamini","9":"first","10":"instock","11":"taxable","12":"shipping-taxable","13":"purchasable","14":"product-type-simple"},"acf":[],"brands":[{"id":774,"name":"Life Extension","slug":"life-extension"}],"_links":{"self":[{"href":"https:\/\/skinstudio.ee\/lv\/wp-json\/wp\/v2\/product\/76977","targetHints":{"allow":["GET"]}}],"collection":[{"href":"https:\/\/skinstudio.ee\/lv\/wp-json\/wp\/v2\/product"}],"about":[{"href":"https:\/\/skinstudio.ee\/lv\/wp-json\/wp\/v2\/types\/product"}],"version-history":[{"count":3,"href":"https:\/\/skinstudio.ee\/lv\/wp-json\/wp\/v2\/product\/76977\/revisions"}],"predecessor-version":[{"id":87068,"href":"https:\/\/skinstudio.ee\/lv\/wp-json\/wp\/v2\/product\/76977\/revisions\/87068"}],"wp:featuredmedia":[{"embeddable":true,"href":"https:\/\/skinstudio.ee\/lv\/wp-json\/wp\/v2\/media\/92049"}],"wp:attachment":[{"href":"https:\/\/skinstudio.ee\/lv\/wp-json\/wp\/v2\/media?parent=76977"}],"wp:term":[{"taxonomy":"pwb-brand","embeddable":true,"href":"https:\/\/skinstudio.ee\/lv\/wp-json\/wp\/v2\/pwb-brand?post=76977"},{"taxonomy":"product_brand","embeddable":true,"href":"https:\/\/skinstudio.ee\/lv\/wp-json\/wp\/v2\/product_brand?post=76977"},{"taxonomy":"product_cat","embeddable":true,"href":"https:\/\/skinstudio.ee\/lv\/wp-json\/wp\/v2\/product_cat?post=76977"},{"taxonomy":"product_tag","embeddable":true,"href":"https:\/\/skinstudio.ee\/lv\/wp-json\/wp\/v2\/product_tag?post=76977"},{"taxonomy":"giftcard-category","embeddable":true,"href":"https:\/\/skinstudio.ee\/lv\/wp-json\/wp\/v2\/giftcard-category?post=76977"}],"curies":[{"name":"wp","href":"https:\/\/api.w.org\/{rel}","templated":true}]}}