{"id":76987,"date":"2024-10-25T14:48:38","date_gmt":"2024-10-25T14:48:38","guid":{"rendered":"https:\/\/skinstudio.ee\/?post_type=product&#038;p=76987"},"modified":"2026-04-07T09:13:43","modified_gmt":"2026-04-07T09:13:43","slug":"curcumin-elite","status":"publish","type":"product","link":"https:\/\/skinstudio.ee\/lv\/catalog\/life-extension\/curcumin-elite\/","title":{"rendered":"Curcumin Elite"},"content":{"rendered":"<p data-start=\"1755\" data-end=\"1864\"><strong data-start=\"1762\" data-end=\"1798\">Curcumin Elite no Life Extension<\/strong> ir uztura bag\u0101tin\u0101t\u0101js ar kurkum\u012bnu augstas biopieejam\u012bbas form\u0101.<\/p>\n<p data-start=\"1866\" data-end=\"2012\">Formula apvieno kurkum\u012bnu ar galaktomann\u0101niem no grie\u0137u sier\u0101boli\u0146a s\u0113kl\u0101m, kas uzlabo t\u0101 uzs\u016bk\u0161anos. T\u0101pat sast\u0101v\u0101 ir dab\u012bgie kurkumas turmeroni.<\/p>\n<p data-start=\"2014\" data-end=\"2112\">Komplekss nodro\u0161ina kurkumino\u012bdu un saist\u012bto savienojumu uz\u0146em\u0161anu \u0113rt\u0101 form\u0101 ikdienas lieto\u0161anai.<\/p>\n<p data-start=\"2114\" data-end=\"2134\"><strong data-start=\"2114\" data-end=\"2132\">Ra\u017eots Eirop\u0101.<\/strong><\/p>\n<p data-start=\"2136\" data-end=\"2278\"><strong data-start=\"2136\" data-end=\"2155\">Ieteicams l\u012bdz:<\/strong> skat\u012bt uz iepakojuma<br data-start=\"2176\" data-end=\"2179\" \/><strong data-start=\"2179\" data-end=\"2205\">Uzglab\u0101\u0161anas apst\u0101k\u013ci:<\/strong> uzglab\u0101t cie\u0161i nosl\u0113gtu v\u0113s\u0101 un saus\u0101 viet\u0101<br data-start=\"2249\" data-end=\"2252\" \/><strong data-start=\"2252\" data-end=\"2264\">Tilpums:<\/strong> 60 kapsulas<\/p>\n","protected":false},"excerpt":{"rendered":"<p data-start=\"2285\" data-end=\"2328\">Uztura bag\u0101tin\u0101t\u0101js ar kurkumas ekstraktu<\/p>\n<h2 data-start=\"2330\" data-end=\"2374\"><strong data-start=\"2330\" data-end=\"2374\">\u012apa\u0161\u012bbas Life Extension &#8211; Curcumin Elite<\/strong><\/h2>\n<p data-start=\"2376\" data-end=\"2579\">\u2714\ufe0f Kurkum\u012bns augstas biopieejam\u012bbas form\u0101<br data-start=\"2417\" data-end=\"2420\" \/>\u2714\ufe0f Satur galaktomann\u0101nus no grie\u0137u sier\u0101boli\u0146a s\u0113kl\u0101m<br data-start=\"2473\" data-end=\"2476\" \/>\u2714\ufe0f Satur dab\u012bgos kurkumas turmeronus<br data-start=\"2512\" data-end=\"2515\" \/>\u2714\ufe0f Kurkumino\u012bdu komplekss kapsul\u0101s<br data-start=\"2549\" data-end=\"2552\" \/>\u2714\ufe0f Bez glut\u0113na un bez \u0122MO<\/p>\n","protected":false},"featured_media":63474,"template":"","meta":[],"pwb-brand":[774],"product_brand":[],"product_cat":[768],"product_tag":[],"giftcard-category":[],"class_list":{"0":"post-76987","1":"product","2":"type-product","3":"status-publish","4":"has-post-thumbnail","6":"pwb-brand-life-extension","7":"product_cat-vitamini","9":"first","10":"instock","11":"taxable","12":"shipping-taxable","13":"purchasable","14":"product-type-simple"},"acf":[],"brands":[{"id":774,"name":"Life Extension","slug":"life-extension"}],"_links":{"self":[{"href":"https:\/\/skinstudio.ee\/lv\/wp-json\/wp\/v2\/product\/76987","targetHints":{"allow":["GET"]}}],"collection":[{"href":"https:\/\/skinstudio.ee\/lv\/wp-json\/wp\/v2\/product"}],"about":[{"href":"https:\/\/skinstudio.ee\/lv\/wp-json\/wp\/v2\/types\/product"}],"version-history":[{"count":2,"href":"https:\/\/skinstudio.ee\/lv\/wp-json\/wp\/v2\/product\/76987\/revisions"}],"predecessor-version":[{"id":88033,"href":"https:\/\/skinstudio.ee\/lv\/wp-json\/wp\/v2\/product\/76987\/revisions\/88033"}],"wp:featuredmedia":[{"embeddable":true,"href":"https:\/\/skinstudio.ee\/lv\/wp-json\/wp\/v2\/media\/63474"}],"wp:attachment":[{"href":"https:\/\/skinstudio.ee\/lv\/wp-json\/wp\/v2\/media?parent=76987"}],"wp:term":[{"taxonomy":"pwb-brand","embeddable":true,"href":"https:\/\/skinstudio.ee\/lv\/wp-json\/wp\/v2\/pwb-brand?post=76987"},{"taxonomy":"product_brand","embeddable":true,"href":"https:\/\/skinstudio.ee\/lv\/wp-json\/wp\/v2\/product_brand?post=76987"},{"taxonomy":"product_cat","embeddable":true,"href":"https:\/\/skinstudio.ee\/lv\/wp-json\/wp\/v2\/product_cat?post=76987"},{"taxonomy":"product_tag","embeddable":true,"href":"https:\/\/skinstudio.ee\/lv\/wp-json\/wp\/v2\/product_tag?post=76987"},{"taxonomy":"giftcard-category","embeddable":true,"href":"https:\/\/skinstudio.ee\/lv\/wp-json\/wp\/v2\/giftcard-category?post=76987"}],"curies":[{"name":"wp","href":"https:\/\/api.w.org\/{rel}","templated":true}]}}