{"id":76995,"date":"2024-09-13T14:05:10","date_gmt":"2024-09-13T14:05:10","guid":{"rendered":"https:\/\/skinstudio.ee\/?post_type=product&#038;p=76995"},"modified":"2026-04-07T09:16:56","modified_gmt":"2026-04-07T09:16:56","slug":"silymarin","status":"publish","type":"product","link":"https:\/\/skinstudio.ee\/lv\/catalog\/life-extension\/silymarin\/","title":{"rendered":"Silymarin"},"content":{"rendered":"<p data-start=\"2387\" data-end=\"2485\"><strong data-start=\"2387\" data-end=\"2418\">Silymarin no Life Extension<\/strong> &#8211; uztura bag\u0101tin\u0101t\u0101js ar piena dad\u017ea (Silybum marianum) ekstraktu.<\/p>\n<p data-start=\"2487\" data-end=\"2616\">Formula satur silimar\u012bnu &#8211; augu savienojumu kompleksu, kas ieg\u016bts no piena dad\u017ea &#8211; un ir kapsulu veid\u0101 \u0113rtai ikdienas lieto\u0161anai.<\/p>\n<p data-start=\"2618\" data-end=\"2683\">Sast\u0101v\u0101 ir augu ekstrakts, ko pla\u0161i izmanto uztura bag\u0101tin\u0101t\u0101jos.<\/p>\n<p data-start=\"2685\" data-end=\"2840\"><strong data-start=\"2685\" data-end=\"2703\">Ra\u017eots Eirop\u0101.<\/strong><br data-start=\"2703\" data-end=\"2706\" \/><strong data-start=\"2706\" data-end=\"2727\">Der\u012bguma termi\u0146\u0161:<\/strong> skat\u012bt uz iepakojuma<br data-start=\"2748\" data-end=\"2751\" \/><strong data-start=\"2751\" data-end=\"2767\">Uzglab\u0101\u0161ana:<\/strong> uzglab\u0101t cie\u0161i nosl\u0113gtu v\u0113s\u0101 un saus\u0101 viet\u0101<br data-start=\"2811\" data-end=\"2814\" \/><strong data-start=\"2814\" data-end=\"2826\">Tilpums:<\/strong> 90 kapsulas<\/p>\n","protected":false},"excerpt":{"rendered":"<div class=\"familyOverview family-overview\">\n<p data-start=\"2847\" data-end=\"2893\">Uztura bag\u0101tin\u0101t\u0101js ar piena dad\u017ea ekstraktu<\/p>\n<h2 data-section-id=\"1w8umar\" data-start=\"2895\" data-end=\"2938\"><strong data-start=\"2899\" data-end=\"2938\">\u012apa\u0161\u012bbas Life Extension &#8211; Silymarin<\/strong><\/h2>\n<p data-start=\"2940\" data-end=\"3078\">\u2714\ufe0f Satur piena dad\u017ea ekstraktu<br data-start=\"2970\" data-end=\"2973\" \/>\u2714\ufe0f Silimar\u012bna avots<br data-start=\"2992\" data-end=\"2995\" \/>\u2714\ufe0f Kapsulu forma \u0113rtai lieto\u0161anai<br data-start=\"3028\" data-end=\"3031\" \/>\u2714\ufe0f Piem\u0113rots ikdienas lieto\u0161anai<br data-start=\"3063\" data-end=\"3066\" \/>\u2714\ufe0f Bez \u0122MO<\/p>\n<\/div>\n","protected":false},"featured_media":92034,"template":"","meta":[],"pwb-brand":[774],"product_brand":[],"product_cat":[768],"product_tag":[],"giftcard-category":[],"class_list":{"0":"post-76995","1":"product","2":"type-product","3":"status-publish","4":"has-post-thumbnail","6":"pwb-brand-life-extension","7":"product_cat-vitamini","9":"first","10":"instock","11":"taxable","12":"shipping-taxable","13":"purchasable","14":"product-type-simple"},"acf":[],"brands":[{"id":774,"name":"Life Extension","slug":"life-extension"}],"_links":{"self":[{"href":"https:\/\/skinstudio.ee\/lv\/wp-json\/wp\/v2\/product\/76995","targetHints":{"allow":["GET"]}}],"collection":[{"href":"https:\/\/skinstudio.ee\/lv\/wp-json\/wp\/v2\/product"}],"about":[{"href":"https:\/\/skinstudio.ee\/lv\/wp-json\/wp\/v2\/types\/product"}],"version-history":[{"count":3,"href":"https:\/\/skinstudio.ee\/lv\/wp-json\/wp\/v2\/product\/76995\/revisions"}],"predecessor-version":[{"id":89693,"href":"https:\/\/skinstudio.ee\/lv\/wp-json\/wp\/v2\/product\/76995\/revisions\/89693"}],"wp:featuredmedia":[{"embeddable":true,"href":"https:\/\/skinstudio.ee\/lv\/wp-json\/wp\/v2\/media\/92034"}],"wp:attachment":[{"href":"https:\/\/skinstudio.ee\/lv\/wp-json\/wp\/v2\/media?parent=76995"}],"wp:term":[{"taxonomy":"pwb-brand","embeddable":true,"href":"https:\/\/skinstudio.ee\/lv\/wp-json\/wp\/v2\/pwb-brand?post=76995"},{"taxonomy":"product_brand","embeddable":true,"href":"https:\/\/skinstudio.ee\/lv\/wp-json\/wp\/v2\/product_brand?post=76995"},{"taxonomy":"product_cat","embeddable":true,"href":"https:\/\/skinstudio.ee\/lv\/wp-json\/wp\/v2\/product_cat?post=76995"},{"taxonomy":"product_tag","embeddable":true,"href":"https:\/\/skinstudio.ee\/lv\/wp-json\/wp\/v2\/product_tag?post=76995"},{"taxonomy":"giftcard-category","embeddable":true,"href":"https:\/\/skinstudio.ee\/lv\/wp-json\/wp\/v2\/giftcard-category?post=76995"}],"curies":[{"name":"wp","href":"https:\/\/api.w.org\/{rel}","templated":true}]}}