{"id":77011,"date":"2024-09-13T13:50:12","date_gmt":"2024-09-13T13:50:12","guid":{"rendered":"https:\/\/skinstudio.ee\/?post_type=product&#038;p=77011"},"modified":"2026-04-07T09:19:05","modified_gmt":"2026-04-07T09:19:05","slug":"senolytic-activator","status":"publish","type":"product","link":"https:\/\/skinstudio.ee\/lv\/catalog\/life-extension\/senolytic-activator\/","title":{"rendered":"Senolytic Activator"},"content":{"rendered":"<p data-start=\"2904\" data-end=\"3022\"><strong data-start=\"2911\" data-end=\"2952\">Senolytic Activator no Life Extension<\/strong> ir uztura bag\u0101tin\u0101t\u0101js ar flavono\u012bdiem augstas biopieejam\u012bbas form\u0101s.<\/p>\n<p data-start=\"3024\" data-end=\"3280\">Formula ietver Bio-Quercetin\u00ae \u2014 kvercet\u012bna fitosomu formu, kas ir fosfolip\u012bdu komplekss uzlabotai uzs\u016bk\u0161anai. T\u0101pat sast\u0101v\u0101 ir Bio-Fisetin ar paaugstin\u0101tu biopieejam\u012bbu un flavono\u012bds apigen\u012bns. Meln\u0101s t\u0113jas (Camellia sinensis) teaflav\u012bni papildina sast\u0101vu.<\/p>\n<p data-start=\"3282\" data-end=\"3355\">Komplekss nodro\u0161ina flavono\u012bdu uz\u0146em\u0161anu \u0113rt\u0101 form\u0101 kursveida lieto\u0161anai.<\/p>\n<p data-start=\"3357\" data-end=\"3377\"><strong data-start=\"3357\" data-end=\"3375\">Ra\u017eots Eirop\u0101.<\/strong><\/p>\n<p data-start=\"3379\" data-end=\"3521\"><strong data-start=\"3379\" data-end=\"3398\">Ieteicams l\u012bdz:<\/strong> skat\u012bt uz iepakojuma<br data-start=\"3419\" data-end=\"3422\" \/><strong data-start=\"3422\" data-end=\"3448\">Uzglab\u0101\u0161anas apst\u0101k\u013ci:<\/strong> uzglab\u0101t cie\u0161i nosl\u0113gtu v\u0113s\u0101 un saus\u0101 viet\u0101<br data-start=\"3492\" data-end=\"3495\" \/><strong data-start=\"3495\" data-end=\"3507\">Tilpums:<\/strong> 36 kapsulas<\/p>\n","protected":false},"excerpt":{"rendered":"<p data-start=\"3528\" data-end=\"3563\">Uztura bag\u0101tin\u0101t\u0101js ar kvercet\u012bnu<\/p>\n<h2 data-start=\"3565\" data-end=\"3614\"><strong data-start=\"3565\" data-end=\"3614\">\u012apa\u0161\u012bbas Life Extension &#8211; Senolytic Activator<\/strong><\/h2>\n<p data-start=\"3616\" data-end=\"3816\">\u2714\ufe0f Bio-Quercetin\u00ae fitosomu tehnolo\u0123ija<br data-start=\"3654\" data-end=\"3657\" \/>\u2714\ufe0f Bio-Fisetin ar paaugstin\u0101tu biopieejam\u012bbu<br data-start=\"3701\" data-end=\"3704\" \/>\u2714\ufe0f Apigen\u012bns un meln\u0101s t\u0113jas teaflav\u012bni sast\u0101v\u0101<br data-start=\"3751\" data-end=\"3754\" \/>\u2714\ufe0f Flavono\u012bdu komplekss kapsul\u0101s<br data-start=\"3786\" data-end=\"3789\" \/>\u2714\ufe0f Bez glut\u0113na un bez \u0122MO<\/p>\n","protected":false},"featured_media":63484,"template":"","meta":[],"pwb-brand":[774],"product_brand":[],"product_cat":[768],"product_tag":[],"giftcard-category":[],"class_list":{"0":"post-77011","1":"product","2":"type-product","3":"status-publish","4":"has-post-thumbnail","6":"pwb-brand-life-extension","7":"product_cat-vitamini","9":"first","10":"instock","11":"taxable","12":"shipping-taxable","13":"purchasable","14":"product-type-simple"},"acf":[],"brands":[{"id":774,"name":"Life Extension","slug":"life-extension"}],"_links":{"self":[{"href":"https:\/\/skinstudio.ee\/lv\/wp-json\/wp\/v2\/product\/77011","targetHints":{"allow":["GET"]}}],"collection":[{"href":"https:\/\/skinstudio.ee\/lv\/wp-json\/wp\/v2\/product"}],"about":[{"href":"https:\/\/skinstudio.ee\/lv\/wp-json\/wp\/v2\/types\/product"}],"version-history":[{"count":2,"href":"https:\/\/skinstudio.ee\/lv\/wp-json\/wp\/v2\/product\/77011\/revisions"}],"predecessor-version":[{"id":88038,"href":"https:\/\/skinstudio.ee\/lv\/wp-json\/wp\/v2\/product\/77011\/revisions\/88038"}],"wp:featuredmedia":[{"embeddable":true,"href":"https:\/\/skinstudio.ee\/lv\/wp-json\/wp\/v2\/media\/63484"}],"wp:attachment":[{"href":"https:\/\/skinstudio.ee\/lv\/wp-json\/wp\/v2\/media?parent=77011"}],"wp:term":[{"taxonomy":"pwb-brand","embeddable":true,"href":"https:\/\/skinstudio.ee\/lv\/wp-json\/wp\/v2\/pwb-brand?post=77011"},{"taxonomy":"product_brand","embeddable":true,"href":"https:\/\/skinstudio.ee\/lv\/wp-json\/wp\/v2\/product_brand?post=77011"},{"taxonomy":"product_cat","embeddable":true,"href":"https:\/\/skinstudio.ee\/lv\/wp-json\/wp\/v2\/product_cat?post=77011"},{"taxonomy":"product_tag","embeddable":true,"href":"https:\/\/skinstudio.ee\/lv\/wp-json\/wp\/v2\/product_tag?post=77011"},{"taxonomy":"giftcard-category","embeddable":true,"href":"https:\/\/skinstudio.ee\/lv\/wp-json\/wp\/v2\/giftcard-category?post=77011"}],"curies":[{"name":"wp","href":"https:\/\/api.w.org\/{rel}","templated":true}]}}