{"id":77019,"date":"2024-07-31T14:02:15","date_gmt":"2024-07-31T14:02:15","guid":{"rendered":"https:\/\/skinstudio.ee\/?post_type=product&#038;p=77019"},"modified":"2026-04-28T10:20:30","modified_gmt":"2026-04-28T10:20:30","slug":"optimized-resveratrol-elite","status":"publish","type":"product","link":"https:\/\/skinstudio.ee\/lv\/catalog\/life-extension\/optimized-resveratrol-elite\/","title":{"rendered":"Optimized Resveratrol Elite"},"content":{"rendered":"<p data-start=\"1738\" data-end=\"1846\"><strong data-start=\"1738\" data-end=\"1787\">Optimized Resveratrol Elite no Life Extension<\/strong> &#8211; uztura bag\u0101tin\u0101t\u0101js ar trans-resveratrolu un kvercet\u012bnu.<\/p>\n<p data-start=\"1848\" data-end=\"1978\">Formula satur trans-resveratrolu hidrog\u0113la form\u0101, k\u0101 ar\u012b kvercet\u012bnu fitosomas form\u0101 un ir kapsulu veid\u0101 \u0113rtai ikdienas lieto\u0161anai.<\/p>\n<p data-start=\"1980\" data-end=\"2096\">Sast\u0101vs ietver augu izcelsmes savienojumus un ir izstr\u0101d\u0101ts, izmantojot modernas akt\u012bvo vielu pieg\u0101des tehnolo\u0123ijas.<\/p>\n<p data-start=\"2098\" data-end=\"2253\"><strong data-start=\"2098\" data-end=\"2116\">Ra\u017eots Eirop\u0101.<\/strong><br data-start=\"2116\" data-end=\"2119\" \/><strong data-start=\"2119\" data-end=\"2140\">Der\u012bguma termi\u0146\u0161:<\/strong> skat\u012bt uz iepakojuma<br data-start=\"2161\" data-end=\"2164\" \/><strong data-start=\"2164\" data-end=\"2180\">Uzglab\u0101\u0161ana:<\/strong> uzglab\u0101t cie\u0161i nosl\u0113gtu v\u0113s\u0101 un saus\u0101 viet\u0101<br data-start=\"2224\" data-end=\"2227\" \/><strong data-start=\"2227\" data-end=\"2239\">Tilpums:<\/strong> 60 kapsulas<\/p>\n","protected":false},"excerpt":{"rendered":"<p data-start=\"2260\" data-end=\"2297\">Uztura bag\u0101tin\u0101t\u0101js ar resveratrolu<\/p>\n<h2 data-section-id=\"1gpfpi0\" data-start=\"2299\" data-end=\"2360\"><strong data-start=\"2303\" data-end=\"2360\">\u012apa\u0161\u012bbas Life Extension &#8211; Optimized Resveratrol Elite<\/strong><\/h2>\n<p data-start=\"2362\" data-end=\"2488\">\u2714\ufe0f Satur trans-resveratrolu<br data-start=\"2389\" data-end=\"2392\" \/>\u2714\ufe0f Formula ar kvercet\u012bnu<br data-start=\"2416\" data-end=\"2419\" \/>\u2714\ufe0f Hidrog\u0113la forma<br data-start=\"2437\" data-end=\"2440\" \/>\u2714\ufe0f Kapsulu forma \u0113rtai lieto\u0161anai<br data-start=\"2473\" data-end=\"2476\" \/>\u2714\ufe0f Bez \u0122MO<\/p>\n","protected":false},"featured_media":63489,"template":"","meta":[],"pwb-brand":[774],"product_brand":[],"product_cat":[768],"product_tag":[],"giftcard-category":[],"class_list":{"0":"post-77019","1":"product","2":"type-product","3":"status-publish","4":"has-post-thumbnail","6":"pwb-brand-life-extension","7":"product_cat-vitamini","9":"first","10":"instock","11":"sale","12":"taxable","13":"shipping-taxable","14":"purchasable","15":"product-type-simple"},"acf":[],"brands":[{"id":774,"name":"Life Extension","slug":"life-extension"}],"_links":{"self":[{"href":"https:\/\/skinstudio.ee\/lv\/wp-json\/wp\/v2\/product\/77019","targetHints":{"allow":["GET"]}}],"collection":[{"href":"https:\/\/skinstudio.ee\/lv\/wp-json\/wp\/v2\/product"}],"about":[{"href":"https:\/\/skinstudio.ee\/lv\/wp-json\/wp\/v2\/types\/product"}],"version-history":[{"count":2,"href":"https:\/\/skinstudio.ee\/lv\/wp-json\/wp\/v2\/product\/77019\/revisions"}],"predecessor-version":[{"id":87084,"href":"https:\/\/skinstudio.ee\/lv\/wp-json\/wp\/v2\/product\/77019\/revisions\/87084"}],"wp:featuredmedia":[{"embeddable":true,"href":"https:\/\/skinstudio.ee\/lv\/wp-json\/wp\/v2\/media\/63489"}],"wp:attachment":[{"href":"https:\/\/skinstudio.ee\/lv\/wp-json\/wp\/v2\/media?parent=77019"}],"wp:term":[{"taxonomy":"pwb-brand","embeddable":true,"href":"https:\/\/skinstudio.ee\/lv\/wp-json\/wp\/v2\/pwb-brand?post=77019"},{"taxonomy":"product_brand","embeddable":true,"href":"https:\/\/skinstudio.ee\/lv\/wp-json\/wp\/v2\/product_brand?post=77019"},{"taxonomy":"product_cat","embeddable":true,"href":"https:\/\/skinstudio.ee\/lv\/wp-json\/wp\/v2\/product_cat?post=77019"},{"taxonomy":"product_tag","embeddable":true,"href":"https:\/\/skinstudio.ee\/lv\/wp-json\/wp\/v2\/product_tag?post=77019"},{"taxonomy":"giftcard-category","embeddable":true,"href":"https:\/\/skinstudio.ee\/lv\/wp-json\/wp\/v2\/giftcard-category?post=77019"}],"curies":[{"name":"wp","href":"https:\/\/api.w.org\/{rel}","templated":true}]}}