{"id":77027,"date":"2023-11-20T14:20:20","date_gmt":"2023-11-20T14:20:20","guid":{"rendered":"https:\/\/skinstudio.ee\/?post_type=product&#038;p=77027"},"modified":"2026-04-28T10:42:38","modified_gmt":"2026-04-28T10:42:38","slug":"super-omega-3-plus","status":"publish","type":"product","link":"https:\/\/skinstudio.ee\/lv\/catalog\/life-extension\/super-omega-3-plus\/","title":{"rendered":"Super Omega-3 Plus"},"content":{"rendered":"<p data-start=\"2654\" data-end=\"2794\"><strong data-start=\"2661\" data-end=\"2709\">Super Omega-3 Plus EPA\/DHA no Life Extension<\/strong> ir uztura bag\u0101tin\u0101t\u0101js ar omega-3 tauksk\u0101b\u0113m, tostarp EPA un DHA, kombin\u0113t\u0101 formul\u0101.<\/p>\n<p data-start=\"2796\" data-end=\"2976\">Formula apvieno omega-3 no zivju e\u013c\u013cas un krila e\u013c\u013cas. T\u0101pat sast\u0101v\u0101 ir sezama lign\u0101ni, ol\u012bvu ekstrakts un astaksant\u012bns. Komplekss apvieno vair\u0101kus tauksk\u0101bju avotus vien\u0101 formul\u0101.<\/p>\n<p data-start=\"2978\" data-end=\"3012\">Pievienots dab\u012bgs citrona arom\u0101ts.<\/p>\n<p data-start=\"3014\" data-end=\"3034\"><strong data-start=\"3014\" data-end=\"3032\">Ra\u017eots Eirop\u0101.<\/strong><\/p>\n<p data-start=\"3036\" data-end=\"3179\"><strong data-start=\"3036\" data-end=\"3055\">Ieteicams l\u012bdz:<\/strong> skat\u012bt uz iepakojuma<br data-start=\"3076\" data-end=\"3079\" \/><strong data-start=\"3079\" data-end=\"3105\">Uzglab\u0101\u0161anas apst\u0101k\u013ci:<\/strong> uzglab\u0101t cie\u0161i nosl\u0113gtu v\u0113s\u0101 un saus\u0101 viet\u0101<br data-start=\"3149\" data-end=\"3152\" \/><strong data-start=\"3152\" data-end=\"3164\">Tilpums:<\/strong> 120 kapsulas<\/p>\n","protected":false},"excerpt":{"rendered":"<p data-start=\"3186\" data-end=\"3230\">Uztura bag\u0101tin\u0101t\u0101js ar omega-3, EPA un DHA<\/p>\n<h2 data-start=\"3232\" data-end=\"3280\"><strong data-start=\"3232\" data-end=\"3280\">\u012apa\u0161\u012bbas Life Extension &#8211; Super Omega-3 Plus<\/strong><\/h2>\n<p data-start=\"3282\" data-end=\"3471\">\u2714\ufe0f Zivju e\u013c\u013cas un krila e\u013c\u013cas kombin\u0101cija<br data-start=\"3323\" data-end=\"3326\" \/>\u2714\ufe0f Satur EPA un DHA<br data-start=\"3345\" data-end=\"3348\" \/>\u2714\ufe0f Ietver astaksant\u012bnu, ol\u012bvu un sezama ekstraktus<br data-start=\"3398\" data-end=\"3401\" \/>\u2714\ufe0f Omega-3 tauksk\u0101bju komplekss kapsul\u0101s<br data-start=\"3441\" data-end=\"3444\" \/>\u2714\ufe0f Bez glut\u0113na un bez \u0122MO<\/p>\n","protected":false},"featured_media":77028,"template":"","meta":[],"pwb-brand":[774],"product_brand":[],"product_cat":[768],"product_tag":[],"giftcard-category":[],"class_list":{"0":"post-77027","1":"product","2":"type-product","3":"status-publish","4":"has-post-thumbnail","6":"pwb-brand-life-extension","7":"product_cat-vitamini","9":"first","10":"instock","11":"sale","12":"taxable","13":"shipping-taxable","14":"purchasable","15":"product-type-simple"},"acf":[],"brands":[{"id":774,"name":"Life Extension","slug":"life-extension"}],"_links":{"self":[{"href":"https:\/\/skinstudio.ee\/lv\/wp-json\/wp\/v2\/product\/77027","targetHints":{"allow":["GET"]}}],"collection":[{"href":"https:\/\/skinstudio.ee\/lv\/wp-json\/wp\/v2\/product"}],"about":[{"href":"https:\/\/skinstudio.ee\/lv\/wp-json\/wp\/v2\/types\/product"}],"version-history":[{"count":4,"href":"https:\/\/skinstudio.ee\/lv\/wp-json\/wp\/v2\/product\/77027\/revisions"}],"predecessor-version":[{"id":88045,"href":"https:\/\/skinstudio.ee\/lv\/wp-json\/wp\/v2\/product\/77027\/revisions\/88045"}],"wp:featuredmedia":[{"embeddable":true,"href":"https:\/\/skinstudio.ee\/lv\/wp-json\/wp\/v2\/media\/77028"}],"wp:attachment":[{"href":"https:\/\/skinstudio.ee\/lv\/wp-json\/wp\/v2\/media?parent=77027"}],"wp:term":[{"taxonomy":"pwb-brand","embeddable":true,"href":"https:\/\/skinstudio.ee\/lv\/wp-json\/wp\/v2\/pwb-brand?post=77027"},{"taxonomy":"product_brand","embeddable":true,"href":"https:\/\/skinstudio.ee\/lv\/wp-json\/wp\/v2\/product_brand?post=77027"},{"taxonomy":"product_cat","embeddable":true,"href":"https:\/\/skinstudio.ee\/lv\/wp-json\/wp\/v2\/product_cat?post=77027"},{"taxonomy":"product_tag","embeddable":true,"href":"https:\/\/skinstudio.ee\/lv\/wp-json\/wp\/v2\/product_tag?post=77027"},{"taxonomy":"giftcard-category","embeddable":true,"href":"https:\/\/skinstudio.ee\/lv\/wp-json\/wp\/v2\/giftcard-category?post=77027"}],"curies":[{"name":"wp","href":"https:\/\/api.w.org\/{rel}","templated":true}]}}