{"id":77039,"date":"2023-11-20T12:52:50","date_gmt":"2023-11-20T12:52:50","guid":{"rendered":"https:\/\/skinstudio.ee\/?post_type=product&#038;p=77039"},"modified":"2026-04-07T09:25:34","modified_gmt":"2026-04-07T09:25:34","slug":"nad-cell-formula","status":"publish","type":"product","link":"https:\/\/skinstudio.ee\/lv\/catalog\/life-extension\/nad-cell-formula\/","title":{"rendered":"NAD+ Cell Formula"},"content":{"rendered":"<p data-start=\"1690\" data-end=\"1798\"><strong data-start=\"1697\" data-end=\"1736\">NAD+ Cell Formula no Life Extension<\/strong> ir uztura bag\u0101tin\u0101t\u0101js ar komponentiem, kas saist\u012bti ar NAD+.<\/p>\n<p data-start=\"1800\" data-end=\"1972\">NAD+ ir koenz\u012bms, kas atrodas organisma \u0161\u016bn\u0101s un piedal\u0101s \u0161\u016bnu vielmai\u0146as procesos. NAD+ Cell Formula\u2122 ir izstr\u0101d\u0101ts, lai ietvertu komponentus, kas saist\u012bti ar NAD+ l\u012bmeni.<\/p>\n<p data-start=\"1974\" data-end=\"2017\">Produkts ir kapsulu form\u0101 \u0113rtai lieto\u0161anai.<\/p>\n<p data-start=\"2019\" data-end=\"2039\"><strong data-start=\"2019\" data-end=\"2037\">Ra\u017eots Eirop\u0101.<\/strong><\/p>\n<p data-start=\"2041\" data-end=\"2183\"><strong data-start=\"2041\" data-end=\"2060\">Ieteicams l\u012bdz:<\/strong> skat\u012bt uz iepakojuma<br data-start=\"2081\" data-end=\"2084\" \/><strong data-start=\"2084\" data-end=\"2110\">Uzglab\u0101\u0161anas apst\u0101k\u013ci:<\/strong> uzglab\u0101t cie\u0161i nosl\u0113gtu v\u0113s\u0101 un saus\u0101 viet\u0101<br data-start=\"2154\" data-end=\"2157\" \/><strong data-start=\"2157\" data-end=\"2169\">Tilpums:<\/strong> 30 kapsulas<\/p>\n","protected":false},"excerpt":{"rendered":"<p data-start=\"2190\" data-end=\"2249\">Uztura bag\u0101tin\u0101t\u0101js ar komponentiem, kas saist\u012bti ar NAD+<\/p>\n<h2 data-start=\"2251\" data-end=\"2298\"><strong data-start=\"2251\" data-end=\"2298\">\u012apa\u0161\u012bbas Life Extension &#8211; NAD+ Cell Formula<\/strong><\/h2>\n<p data-start=\"2300\" data-end=\"2491\">\u2714\ufe0f Formula ar komponentiem, kas saist\u012bti ar NAD+<br data-start=\"2348\" data-end=\"2351\" \/>\u2714\ufe0f Kapsulu forma \u0113rtai lieto\u0161anai<br data-start=\"2384\" data-end=\"2387\" \/>\u2714\ufe0f Piem\u0113rots ikdienas lieto\u0161anai<br data-start=\"2419\" data-end=\"2422\" \/>\u2714\ufe0f Satur akt\u012bvo savienojumu kombin\u0101ciju<br data-start=\"2461\" data-end=\"2464\" \/>\u2714\ufe0f Bez glut\u0113na un bez \u0122MO<\/p>\n","protected":false},"featured_media":63499,"template":"","meta":[],"pwb-brand":[774],"product_brand":[],"product_cat":[768],"product_tag":[],"giftcard-category":[],"class_list":{"0":"post-77039","1":"product","2":"type-product","3":"status-publish","4":"has-post-thumbnail","6":"pwb-brand-life-extension","7":"product_cat-vitamini","9":"first","10":"instock","11":"taxable","12":"shipping-taxable","13":"purchasable","14":"product-type-simple"},"acf":[],"brands":[{"id":774,"name":"Life Extension","slug":"life-extension"}],"_links":{"self":[{"href":"https:\/\/skinstudio.ee\/lv\/wp-json\/wp\/v2\/product\/77039","targetHints":{"allow":["GET"]}}],"collection":[{"href":"https:\/\/skinstudio.ee\/lv\/wp-json\/wp\/v2\/product"}],"about":[{"href":"https:\/\/skinstudio.ee\/lv\/wp-json\/wp\/v2\/types\/product"}],"version-history":[{"count":2,"href":"https:\/\/skinstudio.ee\/lv\/wp-json\/wp\/v2\/product\/77039\/revisions"}],"predecessor-version":[{"id":88050,"href":"https:\/\/skinstudio.ee\/lv\/wp-json\/wp\/v2\/product\/77039\/revisions\/88050"}],"wp:featuredmedia":[{"embeddable":true,"href":"https:\/\/skinstudio.ee\/lv\/wp-json\/wp\/v2\/media\/63499"}],"wp:attachment":[{"href":"https:\/\/skinstudio.ee\/lv\/wp-json\/wp\/v2\/media?parent=77039"}],"wp:term":[{"taxonomy":"pwb-brand","embeddable":true,"href":"https:\/\/skinstudio.ee\/lv\/wp-json\/wp\/v2\/pwb-brand?post=77039"},{"taxonomy":"product_brand","embeddable":true,"href":"https:\/\/skinstudio.ee\/lv\/wp-json\/wp\/v2\/product_brand?post=77039"},{"taxonomy":"product_cat","embeddable":true,"href":"https:\/\/skinstudio.ee\/lv\/wp-json\/wp\/v2\/product_cat?post=77039"},{"taxonomy":"product_tag","embeddable":true,"href":"https:\/\/skinstudio.ee\/lv\/wp-json\/wp\/v2\/product_tag?post=77039"},{"taxonomy":"giftcard-category","embeddable":true,"href":"https:\/\/skinstudio.ee\/lv\/wp-json\/wp\/v2\/giftcard-category?post=77039"}],"curies":[{"name":"wp","href":"https:\/\/api.w.org\/{rel}","templated":true}]}}