{"id":77045,"date":"2023-11-20T12:31:11","date_gmt":"2023-11-20T12:31:11","guid":{"rendered":"https:\/\/skinstudio.ee\/?post_type=product&#038;p=77045"},"modified":"2026-04-07T09:27:23","modified_gmt":"2026-04-07T09:27:23","slug":"ashwagandha-plus-calm-focus","status":"publish","type":"product","link":"https:\/\/skinstudio.ee\/lv\/catalog\/life-extension\/ashwagandha-plus-calm-focus\/","title":{"rendered":"Ashwagandha Plus Calm &amp; Focus"},"content":{"rendered":"<p data-start=\"1663\" data-end=\"1786\"><strong data-start=\"1670\" data-end=\"1721\">Ashwagandha Plus Calm &amp; Focus no Life Extension<\/strong> ir uztura bag\u0101tin\u0101t\u0101js ar a\u0161vagandas un piparm\u0113tras ekstraktiem.<\/p>\n<p data-start=\"1788\" data-end=\"1963\">Formula ietver Sensoril\u00ae \u2014 standartiz\u0113tu a\u0161vagandas ekstraktu, k\u0101 ar\u012b Neumentix\u2122 \u2014 patent\u0113tu piparm\u0113tras ekstraktu. Komplekss apvieno augu izcelsmes sast\u0101vda\u013cas kapsulu form\u0101.<\/p>\n<p data-start=\"1965\" data-end=\"1994\">Produkts nesatur stimulantus.<\/p>\n<p data-start=\"1996\" data-end=\"2016\"><strong data-start=\"1996\" data-end=\"2014\">Ra\u017eots Eirop\u0101.<\/strong><\/p>\n<p data-start=\"2018\" data-end=\"2160\"><strong data-start=\"2018\" data-end=\"2037\">Ieteicams l\u012bdz:<\/strong> skat\u012bt uz iepakojuma<br data-start=\"2058\" data-end=\"2061\" \/><strong data-start=\"2061\" data-end=\"2087\">Uzglab\u0101\u0161anas apst\u0101k\u013ci:<\/strong> uzglab\u0101t cie\u0161i nosl\u0113gtu v\u0113s\u0101 un saus\u0101 viet\u0101<br data-start=\"2131\" data-end=\"2134\" \/><strong data-start=\"2134\" data-end=\"2146\">Tilpums:<\/strong> 60 kapsulas<\/p>\n","protected":false},"excerpt":{"rendered":"<p data-start=\"2167\" data-end=\"2215\">Uztura bag\u0101tin\u0101t\u0101js ar a\u0161vagandu un piparm\u0113tru<\/p>\n<h2 data-start=\"2217\" data-end=\"2276\"><strong data-start=\"2217\" data-end=\"2276\">\u012apa\u0161\u012bbas Life Extension &#8211; Ashwagandha Plus Calm &amp; Focus<\/strong><\/h2>\n<p data-start=\"2278\" data-end=\"2453\">\u2714\ufe0f A\u0161vagandas un piparm\u0113tras kombin\u0101cija vien\u0101 formul\u0101<br data-start=\"2332\" data-end=\"2335\" \/>\u2714\ufe0f Patent\u0113ti augu kompleksi<br data-start=\"2362\" data-end=\"2365\" \/>\u2714\ufe0f Augu ekstraktu komplekss kapsul\u0101s<br data-start=\"2401\" data-end=\"2404\" \/>\u2714\ufe0f Bez stimulantiem<br data-start=\"2423\" data-end=\"2426\" \/>\u2714\ufe0f Bez glut\u0113na un bez \u0122MO<\/p>\n","protected":false},"featured_media":92029,"template":"","meta":[],"pwb-brand":[774],"product_brand":[],"product_cat":[768],"product_tag":[],"giftcard-category":[],"class_list":{"0":"post-77045","1":"product","2":"type-product","3":"status-publish","4":"has-post-thumbnail","6":"pwb-brand-life-extension","7":"product_cat-vitamini","9":"first","10":"instock","11":"taxable","12":"shipping-taxable","13":"purchasable","14":"product-type-simple"},"acf":[],"brands":[{"id":774,"name":"Life Extension","slug":"life-extension"}],"_links":{"self":[{"href":"https:\/\/skinstudio.ee\/lv\/wp-json\/wp\/v2\/product\/77045","targetHints":{"allow":["GET"]}}],"collection":[{"href":"https:\/\/skinstudio.ee\/lv\/wp-json\/wp\/v2\/product"}],"about":[{"href":"https:\/\/skinstudio.ee\/lv\/wp-json\/wp\/v2\/types\/product"}],"version-history":[{"count":2,"href":"https:\/\/skinstudio.ee\/lv\/wp-json\/wp\/v2\/product\/77045\/revisions"}],"predecessor-version":[{"id":88055,"href":"https:\/\/skinstudio.ee\/lv\/wp-json\/wp\/v2\/product\/77045\/revisions\/88055"}],"wp:featuredmedia":[{"embeddable":true,"href":"https:\/\/skinstudio.ee\/lv\/wp-json\/wp\/v2\/media\/92029"}],"wp:attachment":[{"href":"https:\/\/skinstudio.ee\/lv\/wp-json\/wp\/v2\/media?parent=77045"}],"wp:term":[{"taxonomy":"pwb-brand","embeddable":true,"href":"https:\/\/skinstudio.ee\/lv\/wp-json\/wp\/v2\/pwb-brand?post=77045"},{"taxonomy":"product_brand","embeddable":true,"href":"https:\/\/skinstudio.ee\/lv\/wp-json\/wp\/v2\/product_brand?post=77045"},{"taxonomy":"product_cat","embeddable":true,"href":"https:\/\/skinstudio.ee\/lv\/wp-json\/wp\/v2\/product_cat?post=77045"},{"taxonomy":"product_tag","embeddable":true,"href":"https:\/\/skinstudio.ee\/lv\/wp-json\/wp\/v2\/product_tag?post=77045"},{"taxonomy":"giftcard-category","embeddable":true,"href":"https:\/\/skinstudio.ee\/lv\/wp-json\/wp\/v2\/giftcard-category?post=77045"}],"curies":[{"name":"wp","href":"https:\/\/api.w.org\/{rel}","templated":true}]}}