{"id":77060,"date":"2023-11-17T16:00:32","date_gmt":"2023-11-17T16:00:32","guid":{"rendered":"https:\/\/skinstudio.ee\/?post_type=product&#038;p=77060"},"modified":"2026-04-07T09:35:15","modified_gmt":"2026-04-07T09:35:15","slug":"super-r-lipoic-acid","status":"publish","type":"product","link":"https:\/\/skinstudio.ee\/lv\/catalog\/life-extension\/super-r-lipoic-acid\/","title":{"rendered":"Super R-Lipoic Acid"},"content":{"rendered":"<p data-start=\"1737\" data-end=\"1845\"><strong data-start=\"1744\" data-end=\"1785\">Super R-Lipoic Acid no Life Extension<\/strong> ir uztura bag\u0101tin\u0101t\u0101js ar R-lipo\u012bnsk\u0101bi n\u0101trija s\u0101ls form\u0101.<\/p>\n<p data-start=\"1847\" data-end=\"2075\">Formula satur n\u0101trija R-lipo\u0101tu \u2014 liposk\u0101bes formu ar paaugstin\u0101tu stabilit\u0101ti. Saska\u0146\u0101 ar p\u0113t\u012bjumiem \u0161\u012b forma sasniedz augst\u0101ku koncentr\u0101ciju asin\u012bs sal\u012bdzin\u0101jum\u0101 ar parasto R-lipo\u012bnsk\u0101bi un \u0101tr\u0101k izplat\u0101s audos p\u0113c lieto\u0161anas.<\/p>\n<p data-start=\"2077\" data-end=\"2120\">Produkts ir kapsulu form\u0101 \u0113rtai lieto\u0161anai.<\/p>\n<p data-start=\"2122\" data-end=\"2142\"><strong data-start=\"2122\" data-end=\"2140\">Ra\u017eots Eirop\u0101.<\/strong><\/p>\n<p data-start=\"2144\" data-end=\"2286\"><strong data-start=\"2144\" data-end=\"2163\">Ieteicams l\u012bdz:<\/strong> skat\u012bt uz iepakojuma<br data-start=\"2184\" data-end=\"2187\" \/><strong data-start=\"2187\" data-end=\"2213\">Uzglab\u0101\u0161anas apst\u0101k\u013ci:<\/strong> uzglab\u0101t cie\u0161i nosl\u0113gtu v\u0113s\u0101 un saus\u0101 viet\u0101<br data-start=\"2257\" data-end=\"2260\" \/><strong data-start=\"2260\" data-end=\"2272\">Tilpums:<\/strong> 60 kapsulas<\/p>\n","protected":false},"excerpt":{"rendered":"<p data-start=\"2293\" data-end=\"2331\">Uztura bag\u0101tin\u0101t\u0101js ar R-lipo\u012bnsk\u0101bi<\/p>\n<h2 data-start=\"2333\" data-end=\"2382\"><strong data-start=\"2333\" data-end=\"2382\">\u012apa\u0161\u012bbas Life Extension &#8211; Super R-Lipoic Acid<\/strong><\/h2>\n<p data-start=\"2384\" data-end=\"2569\">\u2714\ufe0f N\u0101trija R-lipo\u0101ts standarta formas viet\u0101<br data-start=\"2427\" data-end=\"2430\" \/>\u2714\ufe0f Uzlabota akt\u012bv\u0101s vielas stabilit\u0101te<br data-start=\"2468\" data-end=\"2471\" \/>\u2714\ufe0f Augsta R-formas koncentr\u0101cija<br data-start=\"2503\" data-end=\"2506\" \/>\u2714\ufe0f Kapsulu forma \u0113rtai lieto\u0161anai<br data-start=\"2539\" data-end=\"2542\" \/>\u2714\ufe0f Bez glut\u0113na un bez \u0122MO<\/p>\n","protected":false},"featured_media":77061,"template":"","meta":[],"pwb-brand":[774],"product_brand":[],"product_cat":[768],"product_tag":[],"giftcard-category":[],"class_list":{"0":"post-77060","1":"product","2":"type-product","3":"status-publish","4":"has-post-thumbnail","6":"pwb-brand-life-extension","7":"product_cat-vitamini","9":"first","10":"instock","11":"taxable","12":"shipping-taxable","13":"purchasable","14":"product-type-simple"},"acf":[],"brands":[{"id":774,"name":"Life Extension","slug":"life-extension"}],"_links":{"self":[{"href":"https:\/\/skinstudio.ee\/lv\/wp-json\/wp\/v2\/product\/77060","targetHints":{"allow":["GET"]}}],"collection":[{"href":"https:\/\/skinstudio.ee\/lv\/wp-json\/wp\/v2\/product"}],"about":[{"href":"https:\/\/skinstudio.ee\/lv\/wp-json\/wp\/v2\/types\/product"}],"version-history":[{"count":2,"href":"https:\/\/skinstudio.ee\/lv\/wp-json\/wp\/v2\/product\/77060\/revisions"}],"predecessor-version":[{"id":88060,"href":"https:\/\/skinstudio.ee\/lv\/wp-json\/wp\/v2\/product\/77060\/revisions\/88060"}],"wp:featuredmedia":[{"embeddable":true,"href":"https:\/\/skinstudio.ee\/lv\/wp-json\/wp\/v2\/media\/77061"}],"wp:attachment":[{"href":"https:\/\/skinstudio.ee\/lv\/wp-json\/wp\/v2\/media?parent=77060"}],"wp:term":[{"taxonomy":"pwb-brand","embeddable":true,"href":"https:\/\/skinstudio.ee\/lv\/wp-json\/wp\/v2\/pwb-brand?post=77060"},{"taxonomy":"product_brand","embeddable":true,"href":"https:\/\/skinstudio.ee\/lv\/wp-json\/wp\/v2\/product_brand?post=77060"},{"taxonomy":"product_cat","embeddable":true,"href":"https:\/\/skinstudio.ee\/lv\/wp-json\/wp\/v2\/product_cat?post=77060"},{"taxonomy":"product_tag","embeddable":true,"href":"https:\/\/skinstudio.ee\/lv\/wp-json\/wp\/v2\/product_tag?post=77060"},{"taxonomy":"giftcard-category","embeddable":true,"href":"https:\/\/skinstudio.ee\/lv\/wp-json\/wp\/v2\/giftcard-category?post=77060"}],"curies":[{"name":"wp","href":"https:\/\/api.w.org\/{rel}","templated":true}]}}