{"id":77066,"date":"2023-11-17T15:12:21","date_gmt":"2023-11-17T15:12:21","guid":{"rendered":"https:\/\/skinstudio.ee\/?post_type=product&#038;p=77066"},"modified":"2026-04-07T09:37:22","modified_gmt":"2026-04-07T09:37:22","slug":"menopause-relief","status":"publish","type":"product","link":"https:\/\/skinstudio.ee\/lv\/catalog\/life-extension\/menopause-relief\/","title":{"rendered":"Menopause Relief"},"content":{"rendered":"<p data-start=\"1500\" data-end=\"1629\"><strong data-start=\"1507\" data-end=\"1545\">Menopause Relief no Life Extension<\/strong> ir uztura bag\u0101tin\u0101t\u0101js ar Sib\u012brijas rabarbera saknes ekstraktu (Rheum rhaponticum).<\/p>\n<p data-start=\"1631\" data-end=\"1723\">Formula satur standartiz\u0113tu augu ekstraktu table\u0161u form\u0101. Produkts nesatur soju un hormonus.<\/p>\n<p data-start=\"1725\" data-end=\"1777\">Ieteicamais lieto\u0161anas veids ir viena tablete dien\u0101.<\/p>\n<p data-start=\"1779\" data-end=\"1799\"><strong data-start=\"1779\" data-end=\"1797\">Ra\u017eots Eirop\u0101.<\/strong><\/p>\n<p data-start=\"1801\" data-end=\"1943\"><strong data-start=\"1801\" data-end=\"1820\">Ieteicams l\u012bdz:<\/strong> skat\u012bt uz iepakojuma<br data-start=\"1841\" data-end=\"1844\" \/><strong data-start=\"1844\" data-end=\"1870\">Uzglab\u0101\u0161anas apst\u0101k\u013ci:<\/strong> uzglab\u0101t cie\u0161i nosl\u0113gtu v\u0113s\u0101 un saus\u0101 viet\u0101<br data-start=\"1914\" data-end=\"1917\" \/><strong data-start=\"1917\" data-end=\"1929\">Tilpums:<\/strong> 30 tabletes<\/p>\n","protected":false},"excerpt":{"rendered":"<p data-start=\"1950\" data-end=\"1994\">Uztura bag\u0101tin\u0101t\u0101js ar rabarbera ekstraktu<\/p>\n<h2 data-start=\"1996\" data-end=\"2042\"><strong data-start=\"1996\" data-end=\"2042\">\u012apa\u0161\u012bbas Life Extension &#8211; Menopause Relief<\/strong><\/h2>\n<p data-start=\"2044\" data-end=\"2229\">\u2714\ufe0f Rheum rhaponticum saknes ekstrakts sast\u0101v\u0101<br data-start=\"2089\" data-end=\"2092\" \/>\u2714\ufe0f Table\u0161u forma \u0113rtai lieto\u0161anai<br data-start=\"2125\" data-end=\"2128\" \/>\u2714\ufe0f Bez sojas un bez hormoniem<br data-start=\"2157\" data-end=\"2160\" \/>\u2714\ufe0f Kompakts iepakojums kursa lieto\u0161anai<br data-start=\"2199\" data-end=\"2202\" \/>\u2714\ufe0f Bez glut\u0113na un bez \u0122MO<\/p>\n","protected":false},"featured_media":92089,"template":"","meta":[],"pwb-brand":[774],"product_brand":[],"product_cat":[768],"product_tag":[],"giftcard-category":[],"class_list":{"0":"post-77066","1":"product","2":"type-product","3":"status-publish","4":"has-post-thumbnail","6":"pwb-brand-life-extension","7":"product_cat-vitamini","9":"first","10":"instock","11":"taxable","12":"shipping-taxable","13":"purchasable","14":"product-type-simple"},"acf":[],"brands":[{"id":774,"name":"Life Extension","slug":"life-extension"}],"_links":{"self":[{"href":"https:\/\/skinstudio.ee\/lv\/wp-json\/wp\/v2\/product\/77066","targetHints":{"allow":["GET"]}}],"collection":[{"href":"https:\/\/skinstudio.ee\/lv\/wp-json\/wp\/v2\/product"}],"about":[{"href":"https:\/\/skinstudio.ee\/lv\/wp-json\/wp\/v2\/types\/product"}],"version-history":[{"count":2,"href":"https:\/\/skinstudio.ee\/lv\/wp-json\/wp\/v2\/product\/77066\/revisions"}],"predecessor-version":[{"id":88065,"href":"https:\/\/skinstudio.ee\/lv\/wp-json\/wp\/v2\/product\/77066\/revisions\/88065"}],"wp:featuredmedia":[{"embeddable":true,"href":"https:\/\/skinstudio.ee\/lv\/wp-json\/wp\/v2\/media\/92089"}],"wp:attachment":[{"href":"https:\/\/skinstudio.ee\/lv\/wp-json\/wp\/v2\/media?parent=77066"}],"wp:term":[{"taxonomy":"pwb-brand","embeddable":true,"href":"https:\/\/skinstudio.ee\/lv\/wp-json\/wp\/v2\/pwb-brand?post=77066"},{"taxonomy":"product_brand","embeddable":true,"href":"https:\/\/skinstudio.ee\/lv\/wp-json\/wp\/v2\/product_brand?post=77066"},{"taxonomy":"product_cat","embeddable":true,"href":"https:\/\/skinstudio.ee\/lv\/wp-json\/wp\/v2\/product_cat?post=77066"},{"taxonomy":"product_tag","embeddable":true,"href":"https:\/\/skinstudio.ee\/lv\/wp-json\/wp\/v2\/product_tag?post=77066"},{"taxonomy":"giftcard-category","embeddable":true,"href":"https:\/\/skinstudio.ee\/lv\/wp-json\/wp\/v2\/giftcard-category?post=77066"}],"curies":[{"name":"wp","href":"https:\/\/api.w.org\/{rel}","templated":true}]}}