{"id":77079,"date":"2023-11-17T11:45:23","date_gmt":"2023-11-17T11:45:23","guid":{"rendered":"https:\/\/skinstudio.ee\/?post_type=product&#038;p=77079"},"modified":"2026-04-07T09:39:19","modified_gmt":"2026-04-07T09:39:19","slug":"peony-immune","status":"publish","type":"product","link":"https:\/\/skinstudio.ee\/lv\/catalog\/life-extension\/peony-immune\/","title":{"rendered":"Peony Immune"},"content":{"rendered":"<p data-start=\"1623\" data-end=\"1723\"><strong data-start=\"1630\" data-end=\"1664\">Peony Immune no Life Extension<\/strong> ir uztura bag\u0101tin\u0101t\u0101js ar balt\u0101 peonijas saknes ekstraktu.<\/p>\n<p data-start=\"1725\" data-end=\"1895\">Formula satur standartiz\u0113tu balt\u0101 peonijas saknes ekstraktu (Paeonia lactiflora), tostarp bioakt\u012bvo savienojumu paeoniflor\u012bnu. Augu izcelsmes komponenti ir kapsulu form\u0101.<\/p>\n<p data-start=\"1897\" data-end=\"1961\">Balt\u0101 peonijas ekstrakts tradicion\u0101li izmantots augu prepar\u0101tos.<\/p>\n<p data-start=\"1963\" data-end=\"1983\"><strong data-start=\"1963\" data-end=\"1981\">Ra\u017eots Eirop\u0101.<\/strong><\/p>\n<p data-start=\"1985\" data-end=\"2127\"><strong data-start=\"1985\" data-end=\"2004\">Ieteicams l\u012bdz:<\/strong> skat\u012bt uz iepakojuma<br data-start=\"2025\" data-end=\"2028\" \/><strong data-start=\"2028\" data-end=\"2054\">Uzglab\u0101\u0161anas apst\u0101k\u013ci:<\/strong> uzglab\u0101t cie\u0161i nosl\u0113gtu v\u0113s\u0101 un saus\u0101 viet\u0101<br data-start=\"2098\" data-end=\"2101\" \/><strong data-start=\"2101\" data-end=\"2113\">Tilpums:<\/strong> 60 kapsulas<\/p>\n","protected":false},"excerpt":{"rendered":"<p data-start=\"2134\" data-end=\"2184\">Uztura bag\u0101tin\u0101t\u0101js ar peonijas saknes ekstraktu<\/p>\n<h2 data-start=\"2186\" data-end=\"2228\"><strong data-start=\"2186\" data-end=\"2228\">\u012apa\u0161\u012bbas Life Extension &#8211; Peony Immune<\/strong><\/h2>\n<p data-start=\"2230\" data-end=\"2397\">\u2714\ufe0f Standartiz\u0113ts Paeonia lactiflora ekstrakts<br data-start=\"2275\" data-end=\"2278\" \/>\u2714\ufe0f Satur paeoniflor\u012bnu<br data-start=\"2300\" data-end=\"2303\" \/>\u2714\ufe0f Augu izcelsmes komponents kapsul\u0101s<br data-start=\"2340\" data-end=\"2343\" \/>\u2714\ufe0f Formula uz augu b\u0101zes<br data-start=\"2367\" data-end=\"2370\" \/>\u2714\ufe0f Bez glut\u0113na un bez \u0122MO<\/p>\n","protected":false},"featured_media":92079,"template":"","meta":[],"pwb-brand":[774],"product_brand":[],"product_cat":[768],"product_tag":[],"giftcard-category":[],"class_list":{"0":"post-77079","1":"product","2":"type-product","3":"status-publish","4":"has-post-thumbnail","6":"pwb-brand-life-extension","7":"product_cat-vitamini","9":"first","10":"instock","11":"taxable","12":"shipping-taxable","13":"purchasable","14":"product-type-simple"},"acf":[],"brands":[{"id":774,"name":"Life Extension","slug":"life-extension"}],"_links":{"self":[{"href":"https:\/\/skinstudio.ee\/lv\/wp-json\/wp\/v2\/product\/77079","targetHints":{"allow":["GET"]}}],"collection":[{"href":"https:\/\/skinstudio.ee\/lv\/wp-json\/wp\/v2\/product"}],"about":[{"href":"https:\/\/skinstudio.ee\/lv\/wp-json\/wp\/v2\/types\/product"}],"version-history":[{"count":2,"href":"https:\/\/skinstudio.ee\/lv\/wp-json\/wp\/v2\/product\/77079\/revisions"}],"predecessor-version":[{"id":88144,"href":"https:\/\/skinstudio.ee\/lv\/wp-json\/wp\/v2\/product\/77079\/revisions\/88144"}],"wp:featuredmedia":[{"embeddable":true,"href":"https:\/\/skinstudio.ee\/lv\/wp-json\/wp\/v2\/media\/92079"}],"wp:attachment":[{"href":"https:\/\/skinstudio.ee\/lv\/wp-json\/wp\/v2\/media?parent=77079"}],"wp:term":[{"taxonomy":"pwb-brand","embeddable":true,"href":"https:\/\/skinstudio.ee\/lv\/wp-json\/wp\/v2\/pwb-brand?post=77079"},{"taxonomy":"product_brand","embeddable":true,"href":"https:\/\/skinstudio.ee\/lv\/wp-json\/wp\/v2\/product_brand?post=77079"},{"taxonomy":"product_cat","embeddable":true,"href":"https:\/\/skinstudio.ee\/lv\/wp-json\/wp\/v2\/product_cat?post=77079"},{"taxonomy":"product_tag","embeddable":true,"href":"https:\/\/skinstudio.ee\/lv\/wp-json\/wp\/v2\/product_tag?post=77079"},{"taxonomy":"giftcard-category","embeddable":true,"href":"https:\/\/skinstudio.ee\/lv\/wp-json\/wp\/v2\/giftcard-category?post=77079"}],"curies":[{"name":"wp","href":"https:\/\/api.w.org\/{rel}","templated":true}]}}