{"id":77086,"date":"2023-08-12T11:58:23","date_gmt":"2023-08-12T11:58:23","guid":{"rendered":"https:\/\/skinstudio.ee\/?post_type=product&#038;p=77086"},"modified":"2026-04-28T11:34:22","modified_gmt":"2026-04-28T11:34:22","slug":"nad-cell-regenerator-and-resveratrol","status":"publish","type":"product","link":"https:\/\/skinstudio.ee\/lv\/catalog\/life-extension\/nad-cell-regenerator-and-resveratrol\/","title":{"rendered":"NAD+ Cell Regenerator\u2122 and Resveratrol\u2122"},"content":{"rendered":"<p data-start=\"1791\" data-end=\"1924\"><strong data-start=\"1798\" data-end=\"1859\">NAD+ Cell Regenerator\u2122 and Resveratrol\u2122 no Life Extension<\/strong> ir uztura bag\u0101tin\u0101t\u0101js ar nikotinam\u012bda riboz\u012bdu un resveratrolu.<\/p>\n<p data-start=\"1926\" data-end=\"2074\">Formula satur nikotinam\u012bda riboz\u012bdu NIAGEN\u00ae \u2014 B3 vitam\u012bna formu, k\u0101 ar\u012b resveratrolu. Komplekss apvieno ar NAD+ saist\u012btus komponentus kapsulu form\u0101.<\/p>\n<p data-start=\"2076\" data-end=\"2148\">Produkts apvieno vair\u0101kus biolo\u0123iski akt\u012bvus savienojumus vien\u0101 formul\u0101.<\/p>\n<p data-start=\"2150\" data-end=\"2170\"><strong data-start=\"2150\" data-end=\"2168\">Ra\u017eots Eirop\u0101.<\/strong><\/p>\n<p data-start=\"2172\" data-end=\"2314\"><strong data-start=\"2172\" data-end=\"2191\">Ieteicams l\u012bdz:<\/strong> skat\u012bt uz iepakojuma<br data-start=\"2212\" data-end=\"2215\" \/><strong data-start=\"2215\" data-end=\"2241\">Uzglab\u0101\u0161anas apst\u0101k\u013ci:<\/strong> uzglab\u0101t cie\u0161i nosl\u0113gtu v\u0113s\u0101 un saus\u0101 viet\u0101<br data-start=\"2285\" data-end=\"2288\" \/><strong data-start=\"2288\" data-end=\"2300\">Tilpums:<\/strong> 30 kapsulas<\/p>\n","protected":false},"excerpt":{"rendered":"<p data-start=\"2321\" data-end=\"2383\">Uztura bag\u0101tin\u0101t\u0101js ar nikotinam\u012bda riboz\u012bdu un resveratrolu<\/p>\n<h2 data-start=\"2385\" data-end=\"2454\"><strong data-start=\"2385\" data-end=\"2454\">\u012apa\u0161\u012bbas Life Extension &#8211; NAD+ Cell Regenerator\u2122 and Resveratrol\u2122<\/strong><\/h2>\n<p data-start=\"2456\" data-end=\"2648\">\u2714\ufe0f Nikotinam\u012bda riboz\u012bds NIAGEN\u00ae sast\u0101v\u0101<br data-start=\"2496\" data-end=\"2499\" \/>\u2714\ufe0f Resveratrols kapsulu form\u0101<br data-start=\"2528\" data-end=\"2531\" \/>\u2714\ufe0f Ar NAD+ saist\u012btu komponentu komplekss<br data-start=\"2571\" data-end=\"2574\" \/>\u2714\ufe0f Biolo\u0123iski akt\u012bvu savienojumu kombin\u0101cija<br data-start=\"2618\" data-end=\"2621\" \/>\u2714\ufe0f Bez glut\u0113na un bez \u0122MO<\/p>\n","protected":false},"featured_media":92084,"template":"","meta":[],"pwb-brand":[774],"product_brand":[],"product_cat":[768],"product_tag":[],"giftcard-category":[],"class_list":{"0":"post-77086","1":"product","2":"type-product","3":"status-publish","4":"has-post-thumbnail","6":"pwb-brand-life-extension","7":"product_cat-vitamini","9":"first","10":"instock","11":"taxable","12":"shipping-taxable","13":"purchasable","14":"product-type-simple"},"acf":[],"brands":[{"id":774,"name":"Life Extension","slug":"life-extension"}],"_links":{"self":[{"href":"https:\/\/skinstudio.ee\/lv\/wp-json\/wp\/v2\/product\/77086","targetHints":{"allow":["GET"]}}],"collection":[{"href":"https:\/\/skinstudio.ee\/lv\/wp-json\/wp\/v2\/product"}],"about":[{"href":"https:\/\/skinstudio.ee\/lv\/wp-json\/wp\/v2\/types\/product"}],"version-history":[{"count":2,"href":"https:\/\/skinstudio.ee\/lv\/wp-json\/wp\/v2\/product\/77086\/revisions"}],"predecessor-version":[{"id":88150,"href":"https:\/\/skinstudio.ee\/lv\/wp-json\/wp\/v2\/product\/77086\/revisions\/88150"}],"wp:featuredmedia":[{"embeddable":true,"href":"https:\/\/skinstudio.ee\/lv\/wp-json\/wp\/v2\/media\/92084"}],"wp:attachment":[{"href":"https:\/\/skinstudio.ee\/lv\/wp-json\/wp\/v2\/media?parent=77086"}],"wp:term":[{"taxonomy":"pwb-brand","embeddable":true,"href":"https:\/\/skinstudio.ee\/lv\/wp-json\/wp\/v2\/pwb-brand?post=77086"},{"taxonomy":"product_brand","embeddable":true,"href":"https:\/\/skinstudio.ee\/lv\/wp-json\/wp\/v2\/product_brand?post=77086"},{"taxonomy":"product_cat","embeddable":true,"href":"https:\/\/skinstudio.ee\/lv\/wp-json\/wp\/v2\/product_cat?post=77086"},{"taxonomy":"product_tag","embeddable":true,"href":"https:\/\/skinstudio.ee\/lv\/wp-json\/wp\/v2\/product_tag?post=77086"},{"taxonomy":"giftcard-category","embeddable":true,"href":"https:\/\/skinstudio.ee\/lv\/wp-json\/wp\/v2\/giftcard-category?post=77086"}],"curies":[{"name":"wp","href":"https:\/\/api.w.org\/{rel}","templated":true}]}}