{"id":77105,"date":"2023-08-12T11:30:22","date_gmt":"2023-08-12T11:30:22","guid":{"rendered":"https:\/\/skinstudio.ee\/?post_type=product&#038;p=77105"},"modified":"2026-04-07T12:14:30","modified_gmt":"2026-04-07T12:14:30","slug":"super-k","status":"publish","type":"product","link":"https:\/\/skinstudio.ee\/lv\/catalog\/life-extension\/super-k\/","title":{"rendered":"Super K"},"content":{"rendered":"<p data-start=\"1897\" data-end=\"1965\"><strong data-start=\"1897\" data-end=\"1926\">Super K no Life Extension<\/strong> &#8211; uztura bag\u0101tin\u0101t\u0101js ar K vitam\u012bniem.<\/p>\n<p data-start=\"1967\" data-end=\"2043\">K vitam\u012bns veicina norm\u0101lu asins rec\u0113\u0161anu un veicina norm\u0101lu kaulu st\u0101vokli.<\/p>\n<p data-start=\"2045\" data-end=\"2186\">K vitam\u012bna uz\u0146em\u0161ana ar uzturu var at\u0161\u0137irties atkar\u012bb\u0101 no \u0113\u0161anas paradumiem. T\u0101p\u0113c Super K ir \u0113rts veids, k\u0101 papildin\u0101t K vitam\u012bna uz\u0146em\u0161anu.<\/p>\n<p data-start=\"2188\" data-end=\"2327\">Formula satur K1 vitam\u012bnu un K2 vitam\u012bna formas \u2014 menahinonu-4 (MK-4) un menahinonu-7 (MK-7) un ir kapsulu veid\u0101 \u0113rtai ikdienas lieto\u0161anai.<\/p>\n<p data-start=\"2329\" data-end=\"2484\"><strong data-start=\"2329\" data-end=\"2347\">Ra\u017eots Eirop\u0101.<\/strong><br data-start=\"2347\" data-end=\"2350\" \/><strong data-start=\"2350\" data-end=\"2371\">Der\u012bguma termi\u0146\u0161:<\/strong> skat\u012bt uz iepakojuma<br data-start=\"2392\" data-end=\"2395\" \/><strong data-start=\"2395\" data-end=\"2411\">Uzglab\u0101\u0161ana:<\/strong> uzglab\u0101t cie\u0161i nosl\u0113gtu v\u0113s\u0101 un saus\u0101 viet\u0101<br data-start=\"2455\" data-end=\"2458\" \/><strong data-start=\"2458\" data-end=\"2470\">Tilpums:<\/strong> 90 kapsulas<\/p>\n","protected":false},"excerpt":{"rendered":"<p data-start=\"2491\" data-end=\"2528\">Uztura bag\u0101tin\u0101t\u0101js ar K vitam\u012bniem<\/p>\n<h2 data-section-id=\"416ov\" data-start=\"2530\" data-end=\"2571\"><strong data-start=\"2534\" data-end=\"2571\">\u012apa\u0161\u012bbas Life Extension &#8211; Super K<\/strong><\/h2>\n<p data-start=\"2573\" data-end=\"2715\">\u2714\ufe0f Satur K1 un K2 vitam\u012bnus<br data-start=\"2600\" data-end=\"2603\" \/>\u2714\ufe0f Formula ar MK-4 un MK-7<br data-start=\"2629\" data-end=\"2632\" \/>\u2714\ufe0f Kapsulu forma \u0113rtai lieto\u0161anai<br data-start=\"2665\" data-end=\"2668\" \/>\u2714\ufe0f Piem\u0113rots ikdienas lieto\u0161anai<br data-start=\"2700\" data-end=\"2703\" \/>\u2714\ufe0f Bez \u0122MO<\/p>\n","protected":false},"featured_media":63529,"template":"","meta":[],"pwb-brand":[774],"product_brand":[],"product_cat":[768],"product_tag":[],"giftcard-category":[],"class_list":{"0":"post-77105","1":"product","2":"type-product","3":"status-publish","4":"has-post-thumbnail","6":"pwb-brand-life-extension","7":"product_cat-vitamini","9":"first","10":"instock","11":"taxable","12":"shipping-taxable","13":"purchasable","14":"product-type-simple"},"acf":[],"brands":[{"id":774,"name":"Life Extension","slug":"life-extension"}],"_links":{"self":[{"href":"https:\/\/skinstudio.ee\/lv\/wp-json\/wp\/v2\/product\/77105","targetHints":{"allow":["GET"]}}],"collection":[{"href":"https:\/\/skinstudio.ee\/lv\/wp-json\/wp\/v2\/product"}],"about":[{"href":"https:\/\/skinstudio.ee\/lv\/wp-json\/wp\/v2\/types\/product"}],"version-history":[{"count":2,"href":"https:\/\/skinstudio.ee\/lv\/wp-json\/wp\/v2\/product\/77105\/revisions"}],"predecessor-version":[{"id":87115,"href":"https:\/\/skinstudio.ee\/lv\/wp-json\/wp\/v2\/product\/77105\/revisions\/87115"}],"wp:featuredmedia":[{"embeddable":true,"href":"https:\/\/skinstudio.ee\/lv\/wp-json\/wp\/v2\/media\/63529"}],"wp:attachment":[{"href":"https:\/\/skinstudio.ee\/lv\/wp-json\/wp\/v2\/media?parent=77105"}],"wp:term":[{"taxonomy":"pwb-brand","embeddable":true,"href":"https:\/\/skinstudio.ee\/lv\/wp-json\/wp\/v2\/pwb-brand?post=77105"},{"taxonomy":"product_brand","embeddable":true,"href":"https:\/\/skinstudio.ee\/lv\/wp-json\/wp\/v2\/product_brand?post=77105"},{"taxonomy":"product_cat","embeddable":true,"href":"https:\/\/skinstudio.ee\/lv\/wp-json\/wp\/v2\/product_cat?post=77105"},{"taxonomy":"product_tag","embeddable":true,"href":"https:\/\/skinstudio.ee\/lv\/wp-json\/wp\/v2\/product_tag?post=77105"},{"taxonomy":"giftcard-category","embeddable":true,"href":"https:\/\/skinstudio.ee\/lv\/wp-json\/wp\/v2\/giftcard-category?post=77105"}],"curies":[{"name":"wp","href":"https:\/\/api.w.org\/{rel}","templated":true}]}}