{"id":77113,"date":"2023-08-12T10:55:05","date_gmt":"2023-08-12T10:55:05","guid":{"rendered":"https:\/\/skinstudio.ee\/?post_type=product&#038;p=77113"},"modified":"2026-04-07T12:15:55","modified_gmt":"2026-04-07T12:15:55","slug":"zinc-caps","status":"publish","type":"product","link":"https:\/\/skinstudio.ee\/lv\/catalog\/life-extension\/zinc-caps\/","title":{"rendered":"Zinc Caps"},"content":{"rendered":"<p data-start=\"2572\" data-end=\"2657\"><strong data-start=\"2572\" data-end=\"2603\">Zinc Caps no Life Extension<\/strong> &#8211; uztura bag\u0101tin\u0101t\u0101js ar cinku cinka metion\u012bna form\u0101.<\/p>\n<p data-start=\"2659\" data-end=\"2849\">Cinks veicina norm\u0101lu im\u016bnsist\u0113mas darb\u012bbu, \u0161\u016bnu aizsardz\u012bbu pret oksidat\u012bvo stresu, k\u0101 ar\u012b norm\u0101lu DNS un olbaltumvielu sint\u0113zi. Tas ar\u012b veicina norm\u0101lu \u0101das, matu, nagu un redzes st\u0101vokli.<\/p>\n<p data-start=\"2851\" data-end=\"2933\">Formula satur cinku metion\u012bna form\u0101 un ir kapsulu veid\u0101 \u0113rtai ikdienas lieto\u0161anai.<\/p>\n<p data-start=\"2935\" data-end=\"3090\"><strong data-start=\"2935\" data-end=\"2953\">Ra\u017eots Eirop\u0101.<\/strong><br data-start=\"2953\" data-end=\"2956\" \/><strong data-start=\"2956\" data-end=\"2977\">Der\u012bguma termi\u0146\u0161:<\/strong> skat\u012bt uz iepakojuma<br data-start=\"2998\" data-end=\"3001\" \/><strong data-start=\"3001\" data-end=\"3017\">Uzglab\u0101\u0161ana:<\/strong> uzglab\u0101t cie\u0161i nosl\u0113gtu v\u0113s\u0101 un saus\u0101 viet\u0101<br data-start=\"3061\" data-end=\"3064\" \/><strong data-start=\"3064\" data-end=\"3076\">Tilpums:<\/strong> 90 kapsulas<\/p>\n","protected":false},"excerpt":{"rendered":"<p data-start=\"3097\" data-end=\"3127\">Uztura bag\u0101tin\u0101t\u0101js ar cinku<\/p>\n<h2 data-section-id=\"vabuui\" data-start=\"3129\" data-end=\"3172\"><strong data-start=\"3133\" data-end=\"3172\">\u012apa\u0161\u012bbas Life Extension &#8211; Zinc Caps<\/strong><\/h2>\n<p data-start=\"3174\" data-end=\"3312\">\u2714\ufe0f Cinks metion\u012bna form\u0101<br data-start=\"3198\" data-end=\"3201\" \/>\u2714\ufe0f 90 kapsulas iepakojum\u0101<br data-start=\"3226\" data-end=\"3229\" \/>\u2714\ufe0f Kapsulu forma \u0113rtai lieto\u0161anai<br data-start=\"3262\" data-end=\"3265\" \/>\u2714\ufe0f Piem\u0113rots ikdienas lieto\u0161anai<br data-start=\"3297\" data-end=\"3300\" \/>\u2714\ufe0f Bez \u0122MO<\/p>\n","protected":false},"featured_media":63534,"template":"","meta":[],"pwb-brand":[774],"product_brand":[],"product_cat":[768],"product_tag":[],"giftcard-category":[],"class_list":{"0":"post-77113","1":"product","2":"type-product","3":"status-publish","4":"has-post-thumbnail","6":"pwb-brand-life-extension","7":"product_cat-vitamini","9":"first","10":"instock","11":"taxable","12":"shipping-taxable","13":"purchasable","14":"product-type-simple"},"acf":[],"brands":[{"id":774,"name":"Life Extension","slug":"life-extension"}],"_links":{"self":[{"href":"https:\/\/skinstudio.ee\/lv\/wp-json\/wp\/v2\/product\/77113","targetHints":{"allow":["GET"]}}],"collection":[{"href":"https:\/\/skinstudio.ee\/lv\/wp-json\/wp\/v2\/product"}],"about":[{"href":"https:\/\/skinstudio.ee\/lv\/wp-json\/wp\/v2\/types\/product"}],"version-history":[{"count":2,"href":"https:\/\/skinstudio.ee\/lv\/wp-json\/wp\/v2\/product\/77113\/revisions"}],"predecessor-version":[{"id":87127,"href":"https:\/\/skinstudio.ee\/lv\/wp-json\/wp\/v2\/product\/77113\/revisions\/87127"}],"wp:featuredmedia":[{"embeddable":true,"href":"https:\/\/skinstudio.ee\/lv\/wp-json\/wp\/v2\/media\/63534"}],"wp:attachment":[{"href":"https:\/\/skinstudio.ee\/lv\/wp-json\/wp\/v2\/media?parent=77113"}],"wp:term":[{"taxonomy":"pwb-brand","embeddable":true,"href":"https:\/\/skinstudio.ee\/lv\/wp-json\/wp\/v2\/pwb-brand?post=77113"},{"taxonomy":"product_brand","embeddable":true,"href":"https:\/\/skinstudio.ee\/lv\/wp-json\/wp\/v2\/product_brand?post=77113"},{"taxonomy":"product_cat","embeddable":true,"href":"https:\/\/skinstudio.ee\/lv\/wp-json\/wp\/v2\/product_cat?post=77113"},{"taxonomy":"product_tag","embeddable":true,"href":"https:\/\/skinstudio.ee\/lv\/wp-json\/wp\/v2\/product_tag?post=77113"},{"taxonomy":"giftcard-category","embeddable":true,"href":"https:\/\/skinstudio.ee\/lv\/wp-json\/wp\/v2\/giftcard-category?post=77113"}],"curies":[{"name":"wp","href":"https:\/\/api.w.org\/{rel}","templated":true}]}}