{"id":77122,"date":"2023-08-11T09:53:27","date_gmt":"2023-08-11T09:53:27","guid":{"rendered":"https:\/\/skinstudio.ee\/?post_type=product&#038;p=77122"},"modified":"2026-04-07T12:19:49","modified_gmt":"2026-04-07T12:19:49","slug":"omega-3-fish-oil-gummy-bites","status":"publish","type":"product","link":"https:\/\/skinstudio.ee\/lv\/catalog\/life-extension\/omega-3-fish-oil-gummy-bites\/","title":{"rendered":"Omega-3 Fish Oil Gummy Bites"},"content":{"rendered":"<p data-start=\"1671\" data-end=\"1799\"><strong data-start=\"1678\" data-end=\"1728\">Omega-3 Fish Oil Gummy Bites no Life Extension<\/strong> ir uztura bag\u0101tin\u0101t\u0101js ar omega-3 tauksk\u0101b\u0113m ko\u0161\u013c\u0101jamo konfek\u0161u form\u0101.<\/p>\n<p data-start=\"1801\" data-end=\"2016\">Formula satur zivju e\u013c\u013cu ar augstu omega-3 saturu. Viena porcija nodro\u0161ina 300 mg EPA un 225 mg DHA. Izmantot\u0101 tehnolo\u0123ija nodro\u0161ina augst\u0101ku zivju e\u013c\u013cas koncentr\u0101ciju sal\u012bdzin\u0101jum\u0101 ar parast\u0101m ko\u0161\u013c\u0101jam\u0101m konfekt\u0113m.<\/p>\n<p data-start=\"2018\" data-end=\"2055\">Produkts ir ko\u0161\u013c\u0101jamo konfek\u0161u form\u0101.<\/p>\n<p data-start=\"2057\" data-end=\"2077\"><strong data-start=\"2057\" data-end=\"2075\">Ra\u017eots Eirop\u0101.<\/strong><\/p>\n<p data-start=\"2079\" data-end=\"2233\"><strong data-start=\"2079\" data-end=\"2098\">Ieteicams l\u012bdz:<\/strong> skat\u012bt uz iepakojuma<br data-start=\"2119\" data-end=\"2122\" \/><strong data-start=\"2122\" data-end=\"2148\">Uzglab\u0101\u0161anas apst\u0101k\u013ci:<\/strong> uzglab\u0101t cie\u0161i nosl\u0113gtu v\u0113s\u0101 un saus\u0101 viet\u0101<br data-start=\"2192\" data-end=\"2195\" \/><strong data-start=\"2195\" data-end=\"2207\">Tilpums:<\/strong> 36 ko\u0161\u013c\u0101jam\u0101s konfektes<\/p>\n","protected":false},"excerpt":{"rendered":"<p data-start=\"2240\" data-end=\"2297\">Uztura bag\u0101tin\u0101t\u0101js ar omega-3 ko\u0161\u013c\u0101jamo konfek\u0161u form\u0101<\/p>\n<h2 data-start=\"2299\" data-end=\"2357\"><strong data-start=\"2299\" data-end=\"2357\">\u012apa\u0161\u012bbas Life Extension &#8211; Omega-3 Fish Oil Gummy Bites<\/strong><\/h2>\n<p data-start=\"2359\" data-end=\"2527\">\u2714\ufe0f 300 mg EPA un 225 mg DHA vien\u0101 porcij\u0101<br data-start=\"2400\" data-end=\"2403\" \/>\u2714\ufe0f Paaugstin\u0101ts zivju e\u013c\u013cas saturs<br data-start=\"2437\" data-end=\"2440\" \/>\u2714\ufe0f Ko\u0161\u013c\u0101jamo konfek\u0161u form\u0101ts<br data-start=\"2469\" data-end=\"2472\" \/>\u2714\ufe0f \u0112rta lieto\u0161ana ikdien\u0101<br data-start=\"2497\" data-end=\"2500\" \/>\u2714\ufe0f Bez glut\u0113na un bez \u0122MO<\/p>\n","protected":false},"featured_media":77123,"template":"","meta":[],"pwb-brand":[774],"product_brand":[],"product_cat":[768],"product_tag":[],"giftcard-category":[],"class_list":{"0":"post-77122","1":"product","2":"type-product","3":"status-publish","4":"has-post-thumbnail","6":"pwb-brand-life-extension","7":"product_cat-vitamini","9":"first","10":"instock","11":"taxable","12":"shipping-taxable","13":"purchasable","14":"product-type-simple"},"acf":[],"brands":[{"id":774,"name":"Life Extension","slug":"life-extension"}],"_links":{"self":[{"href":"https:\/\/skinstudio.ee\/lv\/wp-json\/wp\/v2\/product\/77122","targetHints":{"allow":["GET"]}}],"collection":[{"href":"https:\/\/skinstudio.ee\/lv\/wp-json\/wp\/v2\/product"}],"about":[{"href":"https:\/\/skinstudio.ee\/lv\/wp-json\/wp\/v2\/types\/product"}],"version-history":[{"count":2,"href":"https:\/\/skinstudio.ee\/lv\/wp-json\/wp\/v2\/product\/77122\/revisions"}],"predecessor-version":[{"id":88161,"href":"https:\/\/skinstudio.ee\/lv\/wp-json\/wp\/v2\/product\/77122\/revisions\/88161"}],"wp:featuredmedia":[{"embeddable":true,"href":"https:\/\/skinstudio.ee\/lv\/wp-json\/wp\/v2\/media\/77123"}],"wp:attachment":[{"href":"https:\/\/skinstudio.ee\/lv\/wp-json\/wp\/v2\/media?parent=77122"}],"wp:term":[{"taxonomy":"pwb-brand","embeddable":true,"href":"https:\/\/skinstudio.ee\/lv\/wp-json\/wp\/v2\/pwb-brand?post=77122"},{"taxonomy":"product_brand","embeddable":true,"href":"https:\/\/skinstudio.ee\/lv\/wp-json\/wp\/v2\/product_brand?post=77122"},{"taxonomy":"product_cat","embeddable":true,"href":"https:\/\/skinstudio.ee\/lv\/wp-json\/wp\/v2\/product_cat?post=77122"},{"taxonomy":"product_tag","embeddable":true,"href":"https:\/\/skinstudio.ee\/lv\/wp-json\/wp\/v2\/product_tag?post=77122"},{"taxonomy":"giftcard-category","embeddable":true,"href":"https:\/\/skinstudio.ee\/lv\/wp-json\/wp\/v2\/giftcard-category?post=77122"}],"curies":[{"name":"wp","href":"https:\/\/api.w.org\/{rel}","templated":true}]}}