{"id":77128,"date":"2023-08-11T09:33:41","date_gmt":"2023-08-11T09:33:41","guid":{"rendered":"https:\/\/skinstudio.ee\/?post_type=product&#038;p=77128"},"modified":"2026-04-28T11:52:56","modified_gmt":"2026-04-28T11:52:56","slug":"florassist-balance","status":"publish","type":"product","link":"https:\/\/skinstudio.ee\/lv\/catalog\/life-extension\/florassist-balance\/","title":{"rendered":"FLORASSIST\u00ae Balance"},"content":{"rendered":"<p data-start=\"1481\" data-end=\"1580\"><strong data-start=\"1488\" data-end=\"1529\">FLORASSIST\u00ae Balance no Life Extension<\/strong> ir uztura bag\u0101tin\u0101t\u0101js ar probiotiskaj\u0101m kult\u016br\u0101m.<\/p>\n<p data-start=\"1582\" data-end=\"1708\">Formula satur probiotisko bakt\u0113riju celmu kombin\u0101ciju. Probiotikas ir mikroorganismi, kas tiek izmantoti uztura bag\u0101tin\u0101t\u0101jos.<\/p>\n<p data-start=\"1710\" data-end=\"1754\">Komplekss ir kapsulu form\u0101 \u0113rtai lieto\u0161anai.<\/p>\n<p data-start=\"1756\" data-end=\"1776\"><strong data-start=\"1756\" data-end=\"1774\">Ra\u017eots Eirop\u0101.<\/strong><\/p>\n<p data-start=\"1778\" data-end=\"1920\"><strong data-start=\"1778\" data-end=\"1797\">Ieteicams l\u012bdz:<\/strong> skat\u012bt uz iepakojuma<br data-start=\"1818\" data-end=\"1821\" \/><strong data-start=\"1821\" data-end=\"1847\">Uzglab\u0101\u0161anas apst\u0101k\u013ci:<\/strong> uzglab\u0101t cie\u0161i nosl\u0113gtu v\u0113s\u0101 un saus\u0101 viet\u0101<br data-start=\"1891\" data-end=\"1894\" \/><strong data-start=\"1894\" data-end=\"1906\">Tilpums:<\/strong> 30 kapsulas<\/p>\n","protected":false},"excerpt":{"rendered":"<p data-start=\"1927\" data-end=\"1975\">Uztura bag\u0101tin\u0101t\u0101js ar probiotiskaj\u0101m kult\u016br\u0101m<\/p>\n<h2 data-start=\"1977\" data-end=\"2026\"><strong data-start=\"1977\" data-end=\"2026\">\u012apa\u0161\u012bbas Life Extension &#8211; FLORASSIST\u00ae Balance<\/strong><\/h2>\n<p data-start=\"2028\" data-end=\"2198\">\u2714\ufe0f Probiotisko celmu kombin\u0101cija<br data-start=\"2060\" data-end=\"2063\" \/>\u2714\ufe0f Kapsulu forma \u0113rtai lieto\u0161anai<br data-start=\"2096\" data-end=\"2099\" \/>\u2714\ufe0f Dubult\u0101s kapsul\u0113\u0161anas tehnolo\u0123ija<br data-start=\"2135\" data-end=\"2138\" \/>\u2714\ufe0f Formula ar mikroorganismiem<br data-start=\"2168\" data-end=\"2171\" \/>\u2714\ufe0f Bez glut\u0113na un bez \u0122MO<\/p>\n","protected":false},"featured_media":77130,"template":"","meta":[],"pwb-brand":[774],"product_brand":[],"product_cat":[768],"product_tag":[],"giftcard-category":[],"class_list":{"0":"post-77128","1":"product","2":"type-product","3":"status-publish","4":"has-post-thumbnail","6":"pwb-brand-life-extension","7":"product_cat-vitamini","9":"first","10":"instock","11":"sale","12":"taxable","13":"shipping-taxable","14":"purchasable","15":"product-type-simple"},"acf":[],"brands":[{"id":774,"name":"Life Extension","slug":"life-extension"}],"_links":{"self":[{"href":"https:\/\/skinstudio.ee\/lv\/wp-json\/wp\/v2\/product\/77128","targetHints":{"allow":["GET"]}}],"collection":[{"href":"https:\/\/skinstudio.ee\/lv\/wp-json\/wp\/v2\/product"}],"about":[{"href":"https:\/\/skinstudio.ee\/lv\/wp-json\/wp\/v2\/types\/product"}],"version-history":[{"count":3,"href":"https:\/\/skinstudio.ee\/lv\/wp-json\/wp\/v2\/product\/77128\/revisions"}],"predecessor-version":[{"id":89699,"href":"https:\/\/skinstudio.ee\/lv\/wp-json\/wp\/v2\/product\/77128\/revisions\/89699"}],"wp:featuredmedia":[{"embeddable":true,"href":"https:\/\/skinstudio.ee\/lv\/wp-json\/wp\/v2\/media\/77130"}],"wp:attachment":[{"href":"https:\/\/skinstudio.ee\/lv\/wp-json\/wp\/v2\/media?parent=77128"}],"wp:term":[{"taxonomy":"pwb-brand","embeddable":true,"href":"https:\/\/skinstudio.ee\/lv\/wp-json\/wp\/v2\/pwb-brand?post=77128"},{"taxonomy":"product_brand","embeddable":true,"href":"https:\/\/skinstudio.ee\/lv\/wp-json\/wp\/v2\/product_brand?post=77128"},{"taxonomy":"product_cat","embeddable":true,"href":"https:\/\/skinstudio.ee\/lv\/wp-json\/wp\/v2\/product_cat?post=77128"},{"taxonomy":"product_tag","embeddable":true,"href":"https:\/\/skinstudio.ee\/lv\/wp-json\/wp\/v2\/product_tag?post=77128"},{"taxonomy":"giftcard-category","embeddable":true,"href":"https:\/\/skinstudio.ee\/lv\/wp-json\/wp\/v2\/giftcard-category?post=77128"}],"curies":[{"name":"wp","href":"https:\/\/api.w.org\/{rel}","templated":true}]}}