{"id":77136,"date":"2023-08-11T09:32:54","date_gmt":"2023-08-11T09:32:54","guid":{"rendered":"https:\/\/skinstudio.ee\/?post_type=product&#038;p=77136"},"modified":"2026-04-28T11:55:08","modified_gmt":"2026-04-28T11:55:08","slug":"chewwies-vitamin-d3","status":"publish","type":"product","link":"https:\/\/skinstudio.ee\/lv\/catalog\/life-extension\/chewwies-vitamin-d3\/","title":{"rendered":"Chewwies Vitamin D3"},"content":{"rendered":"<p data-start=\"1553\" data-end=\"1664\"><strong data-start=\"1560\" data-end=\"1601\">Chewwies Vitamin D3 no Life Extension<\/strong> ir uztura bag\u0101tin\u0101t\u0101js ar D vitam\u012bnu ko\u0161\u013c\u0101jamo konfek\u0161u form\u0101.<\/p>\n<p data-start=\"1666\" data-end=\"1824\">D vitam\u012bns piedal\u0101s da\u017e\u0101dos organisma fiziolo\u0123iskajos procesos. Produkts ir ko\u0161\u013c\u0101jamo konfek\u0161u form\u0101, kas piem\u0113rots b\u0113rniem no 3 gadu vecuma un pieaugu\u0161ajiem.<\/p>\n<p data-start=\"1826\" data-end=\"1875\">Formulu var izmantot k\u0101 papildu D vitam\u012bna avotu.<\/p>\n<p data-start=\"1877\" data-end=\"1897\"><strong data-start=\"1877\" data-end=\"1895\">Ra\u017eots Eirop\u0101.<\/strong><\/p>\n<p data-start=\"1899\" data-end=\"2053\"><strong data-start=\"1899\" data-end=\"1918\">Ieteicams l\u012bdz:<\/strong> skat\u012bt uz iepakojuma<br data-start=\"1939\" data-end=\"1942\" \/><strong data-start=\"1942\" data-end=\"1968\">Uzglab\u0101\u0161anas apst\u0101k\u013ci:<\/strong> uzglab\u0101t cie\u0161i nosl\u0113gtu v\u0113s\u0101 un saus\u0101 viet\u0101<br data-start=\"2012\" data-end=\"2015\" \/><strong data-start=\"2015\" data-end=\"2027\">Tilpums:<\/strong> 30 ko\u0161\u013c\u0101jam\u0101s konfektes<\/p>\n","protected":false},"excerpt":{"rendered":"<p data-start=\"2060\" data-end=\"2120\">Uztura bag\u0101tin\u0101t\u0101js ar D vitam\u012bnu ko\u0161\u013c\u0101jamo konfek\u0161u form\u0101<\/p>\n<h2 data-start=\"2122\" data-end=\"2171\"><strong data-start=\"2122\" data-end=\"2171\">\u012apa\u0161\u012bbas Life Extension &#8211; Chewwies Vitamin D3<\/strong><\/h2>\n<p data-start=\"2173\" data-end=\"2324\">\u2714\ufe0f Ko\u0161\u013c\u0101jamo konfek\u0161u form\u0101ts<br data-start=\"2202\" data-end=\"2205\" \/>\u2714\ufe0f Piem\u0113rots b\u0113rniem no 3 gadu vecuma<br data-start=\"2242\" data-end=\"2245\" \/>\u2714\ufe0f Veg\u0101niska formula<br data-start=\"2265\" data-end=\"2268\" \/>\u2714\ufe0f \u0112rts lieto\u0161anai ikdien\u0101<br data-start=\"2294\" data-end=\"2297\" \/>\u2714\ufe0f Bez glut\u0113na un bez \u0122MO<\/p>\n","protected":false},"featured_media":77137,"template":"","meta":[],"pwb-brand":[774],"product_brand":[],"product_cat":[768],"product_tag":[],"giftcard-category":[],"class_list":{"0":"post-77136","1":"product","2":"type-product","3":"status-publish","4":"has-post-thumbnail","6":"pwb-brand-life-extension","7":"product_cat-vitamini","9":"first","10":"instock","11":"sale","12":"taxable","13":"shipping-taxable","14":"purchasable","15":"product-type-simple"},"acf":[],"brands":[{"id":774,"name":"Life Extension","slug":"life-extension"}],"_links":{"self":[{"href":"https:\/\/skinstudio.ee\/lv\/wp-json\/wp\/v2\/product\/77136","targetHints":{"allow":["GET"]}}],"collection":[{"href":"https:\/\/skinstudio.ee\/lv\/wp-json\/wp\/v2\/product"}],"about":[{"href":"https:\/\/skinstudio.ee\/lv\/wp-json\/wp\/v2\/types\/product"}],"version-history":[{"count":3,"href":"https:\/\/skinstudio.ee\/lv\/wp-json\/wp\/v2\/product\/77136\/revisions"}],"predecessor-version":[{"id":89701,"href":"https:\/\/skinstudio.ee\/lv\/wp-json\/wp\/v2\/product\/77136\/revisions\/89701"}],"wp:featuredmedia":[{"embeddable":true,"href":"https:\/\/skinstudio.ee\/lv\/wp-json\/wp\/v2\/media\/77137"}],"wp:attachment":[{"href":"https:\/\/skinstudio.ee\/lv\/wp-json\/wp\/v2\/media?parent=77136"}],"wp:term":[{"taxonomy":"pwb-brand","embeddable":true,"href":"https:\/\/skinstudio.ee\/lv\/wp-json\/wp\/v2\/pwb-brand?post=77136"},{"taxonomy":"product_brand","embeddable":true,"href":"https:\/\/skinstudio.ee\/lv\/wp-json\/wp\/v2\/product_brand?post=77136"},{"taxonomy":"product_cat","embeddable":true,"href":"https:\/\/skinstudio.ee\/lv\/wp-json\/wp\/v2\/product_cat?post=77136"},{"taxonomy":"product_tag","embeddable":true,"href":"https:\/\/skinstudio.ee\/lv\/wp-json\/wp\/v2\/product_tag?post=77136"},{"taxonomy":"giftcard-category","embeddable":true,"href":"https:\/\/skinstudio.ee\/lv\/wp-json\/wp\/v2\/giftcard-category?post=77136"}],"curies":[{"name":"wp","href":"https:\/\/api.w.org\/{rel}","templated":true}]}}