{"id":77142,"date":"2023-08-07T14:40:45","date_gmt":"2023-08-07T14:40:45","guid":{"rendered":"https:\/\/skinstudio.ee\/?post_type=product&#038;p=77142"},"modified":"2026-04-07T12:24:57","modified_gmt":"2026-04-07T12:24:57","slug":"optimized-folate","status":"publish","type":"product","link":"https:\/\/skinstudio.ee\/lv\/catalog\/life-extension\/optimized-folate\/","title":{"rendered":"Optimized Folate"},"content":{"rendered":"<p data-start=\"1617\" data-end=\"1736\"><strong data-start=\"1624\" data-end=\"1662\">Optimized Folate no Life Extension<\/strong> ir uztura bag\u0101tin\u0101t\u0101js ar L-metilfol\u0101tu \u2014 biolo\u0123iski akt\u012bvu fol\u0101ta formu.<\/p>\n<p data-start=\"1738\" data-end=\"1886\">Fol\u0101ts pieder B grupas vitam\u012bniem un piedal\u0101s da\u017e\u0101dos vielmai\u0146as procesos. Formula nodro\u0161ina 1700 mcg L-metilfol\u0101ta \u2014 formu ar augstu biopieejam\u012bbu.<\/p>\n<p data-start=\"1888\" data-end=\"1931\">Produkts ir kapsulu form\u0101 \u0113rtai lieto\u0161anai.<\/p>\n<p data-start=\"1933\" data-end=\"1953\"><strong data-start=\"1933\" data-end=\"1951\">Ra\u017eots Eirop\u0101.<\/strong><\/p>\n<p data-start=\"1955\" data-end=\"2098\"><strong data-start=\"1955\" data-end=\"1974\">Ieteicams l\u012bdz:<\/strong> skat\u012bt uz iepakojuma<br data-start=\"1995\" data-end=\"1998\" \/><strong data-start=\"1998\" data-end=\"2024\">Uzglab\u0101\u0161anas apst\u0101k\u013ci:<\/strong> uzglab\u0101t cie\u0161i nosl\u0113gtu v\u0113s\u0101 un saus\u0101 viet\u0101<br data-start=\"2068\" data-end=\"2071\" \/><strong data-start=\"2071\" data-end=\"2083\">Tilpums:<\/strong> 100 kapsulas<\/p>\n","protected":false},"excerpt":{"rendered":"<p data-start=\"2105\" data-end=\"2149\">Uztura bag\u0101tin\u0101t\u0101js ar akt\u012bvo fol\u0101ta formu<\/p>\n<h2 data-start=\"2151\" data-end=\"2197\"><strong data-start=\"2151\" data-end=\"2197\">\u012apa\u0161\u012bbas Life Extension &#8211; Optimized Folate<\/strong><\/h2>\n<p data-start=\"2199\" data-end=\"2366\">\u2714\ufe0f 1700 mcg L-metilfol\u0101ta vien\u0101 porcij\u0101<br data-start=\"2238\" data-end=\"2241\" \/>\u2714\ufe0f Biolo\u0123iski akt\u012bva fol\u0101ta forma<br data-start=\"2274\" data-end=\"2277\" \/>\u2714\ufe0f Augsta biopieejam\u012bba<br data-start=\"2300\" data-end=\"2303\" \/>\u2714\ufe0f Kapsulu forma \u0113rtai lieto\u0161anai<br data-start=\"2336\" data-end=\"2339\" \/>\u2714\ufe0f Bez glut\u0113na un bez \u0122MO<\/p>\n","protected":false},"featured_media":63544,"template":"","meta":[],"pwb-brand":[774],"product_brand":[],"product_cat":[768],"product_tag":[],"giftcard-category":[],"class_list":{"0":"post-77142","1":"product","2":"type-product","3":"status-publish","4":"has-post-thumbnail","6":"pwb-brand-life-extension","7":"product_cat-vitamini","9":"first","10":"instock","11":"taxable","12":"shipping-taxable","13":"purchasable","14":"product-type-simple"},"acf":[],"brands":[{"id":774,"name":"Life Extension","slug":"life-extension"}],"_links":{"self":[{"href":"https:\/\/skinstudio.ee\/lv\/wp-json\/wp\/v2\/product\/77142","targetHints":{"allow":["GET"]}}],"collection":[{"href":"https:\/\/skinstudio.ee\/lv\/wp-json\/wp\/v2\/product"}],"about":[{"href":"https:\/\/skinstudio.ee\/lv\/wp-json\/wp\/v2\/types\/product"}],"version-history":[{"count":2,"href":"https:\/\/skinstudio.ee\/lv\/wp-json\/wp\/v2\/product\/77142\/revisions"}],"predecessor-version":[{"id":88179,"href":"https:\/\/skinstudio.ee\/lv\/wp-json\/wp\/v2\/product\/77142\/revisions\/88179"}],"wp:featuredmedia":[{"embeddable":true,"href":"https:\/\/skinstudio.ee\/lv\/wp-json\/wp\/v2\/media\/63544"}],"wp:attachment":[{"href":"https:\/\/skinstudio.ee\/lv\/wp-json\/wp\/v2\/media?parent=77142"}],"wp:term":[{"taxonomy":"pwb-brand","embeddable":true,"href":"https:\/\/skinstudio.ee\/lv\/wp-json\/wp\/v2\/pwb-brand?post=77142"},{"taxonomy":"product_brand","embeddable":true,"href":"https:\/\/skinstudio.ee\/lv\/wp-json\/wp\/v2\/product_brand?post=77142"},{"taxonomy":"product_cat","embeddable":true,"href":"https:\/\/skinstudio.ee\/lv\/wp-json\/wp\/v2\/product_cat?post=77142"},{"taxonomy":"product_tag","embeddable":true,"href":"https:\/\/skinstudio.ee\/lv\/wp-json\/wp\/v2\/product_tag?post=77142"},{"taxonomy":"giftcard-category","embeddable":true,"href":"https:\/\/skinstudio.ee\/lv\/wp-json\/wp\/v2\/giftcard-category?post=77142"}],"curies":[{"name":"wp","href":"https:\/\/api.w.org\/{rel}","templated":true}]}}