{"id":77150,"date":"2023-08-07T14:30:00","date_gmt":"2023-08-07T14:30:00","guid":{"rendered":"https:\/\/skinstudio.ee\/?post_type=product&#038;p=77150"},"modified":"2026-04-07T12:26:25","modified_gmt":"2026-04-07T12:26:25","slug":"neuro-mag-magnesium-l-threonate","status":"publish","type":"product","link":"https:\/\/skinstudio.ee\/lv\/catalog\/life-extension\/neuro-mag-magnesium-l-threonate\/","title":{"rendered":"Neuro-Mag (Magnesium L-Threonate)"},"content":{"rendered":"<p data-start=\"1946\" data-end=\"2060\"><strong data-start=\"1946\" data-end=\"2001\">Neuro-Mag (Magnesium L-Threonate) no Life Extension<\/strong> &#8211; uztura bag\u0101tin\u0101t\u0101js ar magniju magnija L-treon\u0101ta form\u0101.<\/p>\n<p data-start=\"2062\" data-end=\"2227\">Magnijs veicina norm\u0101lu nervu sist\u0113mas darb\u012bbu, pal\u012bdz samazin\u0101t nogurumu un nesp\u0113ku un veicina norm\u0101lu ener\u0123ijas vielmai\u0146u. Tas ar\u012b veicina norm\u0101lu musku\u013cu darb\u012bbu.<\/p>\n<p data-start=\"2229\" data-end=\"2314\">Formula satur magniju L-treon\u0101ta form\u0101 un ir kapsulu veid\u0101 \u0113rtai ikdienas lieto\u0161anai.<\/p>\n<p data-start=\"2316\" data-end=\"2334\"><strong data-start=\"2316\" data-end=\"2334\">Ra\u017eots Eirop\u0101.<\/strong><\/p>\n<p data-start=\"2336\" data-end=\"2470\"><strong data-start=\"2336\" data-end=\"2357\">Der\u012bguma termi\u0146\u0161:<\/strong> skat\u012bt uz iepakojuma<br data-start=\"2378\" data-end=\"2381\" \/><strong data-start=\"2381\" data-end=\"2397\">Uzglab\u0101\u0161ana:<\/strong> uzglab\u0101t cie\u0161i nosl\u0113gtu v\u0113s\u0101 un saus\u0101 viet\u0101<br data-start=\"2441\" data-end=\"2444\" \/><strong data-start=\"2444\" data-end=\"2456\">Tilpums:<\/strong> 90 kapsulas<\/p>\n","protected":false},"excerpt":{"rendered":"<p data-start=\"2477\" data-end=\"2509\">Uztura bag\u0101tin\u0101t\u0101js ar magniju<\/p>\n<h2 data-section-id=\"udq2fc\" data-start=\"2511\" data-end=\"2578\"><strong data-start=\"2515\" data-end=\"2578\">\u012apa\u0161\u012bbas Life Extension &#8211; Neuro-Mag (Magnesium L-Threonate)<\/strong><\/h2>\n<p data-start=\"2580\" data-end=\"2730\">\u2714\ufe0f Magnijs L-treon\u0101ta form\u0101<br data-start=\"2607\" data-end=\"2610\" \/>\u2714\ufe0f 2000 mg magnija L-treon\u0101ta dienas dev\u0101<br data-start=\"2651\" data-end=\"2654\" \/>\u2714\ufe0f Kapsulu forma \u0113rtai lieto\u0161anai<br data-start=\"2687\" data-end=\"2690\" \/>\u2714\ufe0f 90 kapsulas iepakojum\u0101<br data-start=\"2715\" data-end=\"2718\" \/>\u2714\ufe0f Bez \u0122MO<\/p>\n","protected":false},"featured_media":92003,"template":"","meta":[],"pwb-brand":[774],"product_brand":[],"product_cat":[768],"product_tag":[],"giftcard-category":[],"class_list":{"0":"post-77150","1":"product","2":"type-product","3":"status-publish","4":"has-post-thumbnail","6":"pwb-brand-life-extension","7":"product_cat-vitamini","9":"first","10":"instock","11":"taxable","12":"shipping-taxable","13":"purchasable","14":"product-type-simple"},"acf":[],"brands":[{"id":774,"name":"Life Extension","slug":"life-extension"}],"_links":{"self":[{"href":"https:\/\/skinstudio.ee\/lv\/wp-json\/wp\/v2\/product\/77150","targetHints":{"allow":["GET"]}}],"collection":[{"href":"https:\/\/skinstudio.ee\/lv\/wp-json\/wp\/v2\/product"}],"about":[{"href":"https:\/\/skinstudio.ee\/lv\/wp-json\/wp\/v2\/types\/product"}],"version-history":[{"count":2,"href":"https:\/\/skinstudio.ee\/lv\/wp-json\/wp\/v2\/product\/77150\/revisions"}],"predecessor-version":[{"id":87074,"href":"https:\/\/skinstudio.ee\/lv\/wp-json\/wp\/v2\/product\/77150\/revisions\/87074"}],"wp:featuredmedia":[{"embeddable":true,"href":"https:\/\/skinstudio.ee\/lv\/wp-json\/wp\/v2\/media\/92003"}],"wp:attachment":[{"href":"https:\/\/skinstudio.ee\/lv\/wp-json\/wp\/v2\/media?parent=77150"}],"wp:term":[{"taxonomy":"pwb-brand","embeddable":true,"href":"https:\/\/skinstudio.ee\/lv\/wp-json\/wp\/v2\/pwb-brand?post=77150"},{"taxonomy":"product_brand","embeddable":true,"href":"https:\/\/skinstudio.ee\/lv\/wp-json\/wp\/v2\/product_brand?post=77150"},{"taxonomy":"product_cat","embeddable":true,"href":"https:\/\/skinstudio.ee\/lv\/wp-json\/wp\/v2\/product_cat?post=77150"},{"taxonomy":"product_tag","embeddable":true,"href":"https:\/\/skinstudio.ee\/lv\/wp-json\/wp\/v2\/product_tag?post=77150"},{"taxonomy":"giftcard-category","embeddable":true,"href":"https:\/\/skinstudio.ee\/lv\/wp-json\/wp\/v2\/giftcard-category?post=77150"}],"curies":[{"name":"wp","href":"https:\/\/api.w.org\/{rel}","templated":true}]}}