{"id":77158,"date":"2023-08-07T13:50:13","date_gmt":"2023-08-07T13:50:13","guid":{"rendered":"https:\/\/skinstudio.ee\/?post_type=product&#038;p=77158"},"modified":"2026-04-07T12:27:57","modified_gmt":"2026-04-07T12:27:57","slug":"iron-protein-plus","status":"publish","type":"product","link":"https:\/\/skinstudio.ee\/lv\/catalog\/life-extension\/iron-protein-plus\/","title":{"rendered":"Iron Protein Plus"},"content":{"rendered":"<p data-start=\"2723\" data-end=\"2795\"><strong data-start=\"2723\" data-end=\"2762\">Iron Protein Plus no Life Extension<\/strong> &#8211; uztura bag\u0101tin\u0101t\u0101js ar dzelzi.<\/p>\n<p data-start=\"2797\" data-end=\"3041\">Dzelzs veicina norm\u0101lu ener\u0123ijas vielmai\u0146u, veicina norm\u0101lu sarkano asins\u0137ermen\u012b\u0161u un hemoglob\u012bna veido\u0161anos un veicina norm\u0101lu sk\u0101bek\u013ca transportu organism\u0101. Tas ar\u012b veicina norm\u0101lu im\u016bnsist\u0113mas darb\u012bbu un pal\u012bdz samazin\u0101t nogurumu un nesp\u0113ku.<\/p>\n<p data-start=\"3043\" data-end=\"3110\">Formula satur dzelzi un ir kapsulu veid\u0101 \u0113rtai ikdienas lieto\u0161anai.<\/p>\n<p data-start=\"3112\" data-end=\"3268\"><strong data-start=\"3112\" data-end=\"3130\">Ra\u017eots Eirop\u0101.<\/strong><br data-start=\"3130\" data-end=\"3133\" \/><strong data-start=\"3133\" data-end=\"3154\">Der\u012bguma termi\u0146\u0161:<\/strong> skat\u012bt uz iepakojuma<br data-start=\"3175\" data-end=\"3178\" \/><strong data-start=\"3178\" data-end=\"3194\">Uzglab\u0101\u0161ana:<\/strong> uzglab\u0101t cie\u0161i nosl\u0113gtu v\u0113s\u0101 un saus\u0101 viet\u0101<br data-start=\"3238\" data-end=\"3241\" \/><strong data-start=\"3241\" data-end=\"3253\">Tilpums:<\/strong> 100 kapsulas<\/p>\n","protected":false},"excerpt":{"rendered":"<p data-start=\"752\" data-end=\"783\">Uztura bag\u0101tin\u0101t\u0101js ar dzelzi<\/p>\n<h2 data-section-id=\"11hayku\" data-start=\"785\" data-end=\"836\"><strong data-start=\"789\" data-end=\"836\">\u012apa\u0161\u012bbas Life Extension &#8211; Iron Protein Plus<\/strong><\/h2>\n<p data-start=\"838\" data-end=\"968\">\u2714\ufe0f Satur dzelzi<br data-start=\"853\" data-end=\"856\" \/>\u2714\ufe0f 100 kapsulas iepakojum\u0101<br data-start=\"882\" data-end=\"885\" \/>\u2714\ufe0f Kapsulu forma \u0113rtai lieto\u0161anai<br data-start=\"918\" data-end=\"921\" \/>\u2714\ufe0f Piem\u0113rots ikdienas lieto\u0161anai<br data-start=\"953\" data-end=\"956\" \/>\u2714\ufe0f Bez \u0122MO<\/p>\n","protected":false},"featured_media":63554,"template":"","meta":[],"pwb-brand":[774],"product_brand":[],"product_cat":[768],"product_tag":[],"giftcard-category":[],"class_list":{"0":"post-77158","1":"product","2":"type-product","3":"status-publish","4":"has-post-thumbnail","6":"pwb-brand-life-extension","7":"product_cat-vitamini","9":"first","10":"instock","11":"taxable","12":"shipping-taxable","13":"purchasable","14":"product-type-simple"},"acf":[],"brands":[{"id":774,"name":"Life Extension","slug":"life-extension"}],"_links":{"self":[{"href":"https:\/\/skinstudio.ee\/lv\/wp-json\/wp\/v2\/product\/77158","targetHints":{"allow":["GET"]}}],"collection":[{"href":"https:\/\/skinstudio.ee\/lv\/wp-json\/wp\/v2\/product"}],"about":[{"href":"https:\/\/skinstudio.ee\/lv\/wp-json\/wp\/v2\/types\/product"}],"version-history":[{"count":2,"href":"https:\/\/skinstudio.ee\/lv\/wp-json\/wp\/v2\/product\/77158\/revisions"}],"predecessor-version":[{"id":87103,"href":"https:\/\/skinstudio.ee\/lv\/wp-json\/wp\/v2\/product\/77158\/revisions\/87103"}],"wp:featuredmedia":[{"embeddable":true,"href":"https:\/\/skinstudio.ee\/lv\/wp-json\/wp\/v2\/media\/63554"}],"wp:attachment":[{"href":"https:\/\/skinstudio.ee\/lv\/wp-json\/wp\/v2\/media?parent=77158"}],"wp:term":[{"taxonomy":"pwb-brand","embeddable":true,"href":"https:\/\/skinstudio.ee\/lv\/wp-json\/wp\/v2\/pwb-brand?post=77158"},{"taxonomy":"product_brand","embeddable":true,"href":"https:\/\/skinstudio.ee\/lv\/wp-json\/wp\/v2\/product_brand?post=77158"},{"taxonomy":"product_cat","embeddable":true,"href":"https:\/\/skinstudio.ee\/lv\/wp-json\/wp\/v2\/product_cat?post=77158"},{"taxonomy":"product_tag","embeddable":true,"href":"https:\/\/skinstudio.ee\/lv\/wp-json\/wp\/v2\/product_tag?post=77158"},{"taxonomy":"giftcard-category","embeddable":true,"href":"https:\/\/skinstudio.ee\/lv\/wp-json\/wp\/v2\/giftcard-category?post=77158"}],"curies":[{"name":"wp","href":"https:\/\/api.w.org\/{rel}","templated":true}]}}