{"id":77176,"date":"2023-05-24T17:57:38","date_gmt":"2023-05-24T17:57:38","guid":{"rendered":"https:\/\/skinstudio.ee\/?post_type=product&#038;p=77176"},"modified":"2026-04-07T12:29:46","modified_gmt":"2026-04-07T12:29:46","slug":"liquid-vitamin-d3-2000iu","status":"publish","type":"product","link":"https:\/\/skinstudio.ee\/lv\/catalog\/life-extension\/liquid-vitamin-d3-2000iu\/","title":{"rendered":"Liquid Vitamin D3 (2000IU)"},"content":{"rendered":"<div class=\"row item-row\">\n<div class=\"col-xs-24\">\n<p data-start=\"1497\" data-end=\"1605\"><strong data-start=\"1504\" data-end=\"1553\">Liquid Vitamin D3 (2000 IU) no Life Extension<\/strong> ir uztura bag\u0101tin\u0101t\u0101js ar D3 vitam\u012bnu \u0161\u0137idr\u0101 form\u0101.<\/p>\n<p data-start=\"1607\" data-end=\"1721\">Formula nodro\u0161ina 2000 IU D3 vitam\u012bna (holekalciferola) vien\u0101 pilien\u0101. Produkts ir \u0161\u0137idr\u0101 form\u0101 ar neitr\u0101lu gar\u0161u.<\/p>\n<p data-start=\"1723\" data-end=\"1781\">\u0160\u0137idr\u0101 forma nodro\u0161ina \u0113rtu lieto\u0161anu un prec\u012bzu doz\u0113\u0161anu.<\/p>\n<p data-start=\"1783\" data-end=\"1803\"><strong data-start=\"1783\" data-end=\"1801\">Ra\u017eots Eirop\u0101.<\/strong><\/p>\n<p data-start=\"1805\" data-end=\"1944\"><strong data-start=\"1805\" data-end=\"1824\">Ieteicams l\u012bdz:<\/strong> skat\u012bt uz iepakojuma<br data-start=\"1845\" data-end=\"1848\" \/><strong data-start=\"1848\" data-end=\"1874\">Uzglab\u0101\u0161anas apst\u0101k\u013ci:<\/strong> uzglab\u0101t cie\u0161i nosl\u0113gtu v\u0113s\u0101 un saus\u0101 viet\u0101<br data-start=\"1918\" data-end=\"1921\" \/><strong data-start=\"1921\" data-end=\"1933\">Tilpums:<\/strong> 29,57 ml<\/p>\n<\/div>\n<\/div>\n","protected":false},"excerpt":{"rendered":"<p data-start=\"1951\" data-end=\"2000\">Uztura bag\u0101tin\u0101t\u0101js ar D3 vitam\u012bnu \u0161\u0137idr\u0101 form\u0101<\/p>\n<h2 data-start=\"2002\" data-end=\"2058\"><strong data-start=\"2002\" data-end=\"2058\">\u012apa\u0161\u012bbas Life Extension &#8211; Liquid Vitamin D3 (2000IU)<\/strong><\/h2>\n<p data-start=\"2060\" data-end=\"2211\">\u2714\ufe0f 2000 IU D3 vitam\u012bna vien\u0101 pilien\u0101<br data-start=\"2096\" data-end=\"2099\" \/>\u2714\ufe0f \u0160\u0137idr\u0101 forma prec\u012bzai doz\u0113\u0161anai<br data-start=\"2133\" data-end=\"2136\" \/>\u2714\ufe0f Neitr\u0101la gar\u0161a<br data-start=\"2153\" data-end=\"2156\" \/>\u2714\ufe0f \u0112rta lieto\u0161ana ikdien\u0101<br data-start=\"2181\" data-end=\"2184\" \/>\u2714\ufe0f Bez glut\u0113na un bez \u0122MO<\/p>\n","protected":false},"featured_media":92018,"template":"","meta":[],"pwb-brand":[774],"product_brand":[],"product_cat":[768],"product_tag":[],"giftcard-category":[],"class_list":{"0":"post-77176","1":"product","2":"type-product","3":"status-publish","4":"has-post-thumbnail","6":"pwb-brand-life-extension","7":"product_cat-vitamini","9":"first","10":"instock","11":"taxable","12":"shipping-taxable","13":"purchasable","14":"product-type-simple"},"acf":[],"brands":[{"id":774,"name":"Life Extension","slug":"life-extension"}],"_links":{"self":[{"href":"https:\/\/skinstudio.ee\/lv\/wp-json\/wp\/v2\/product\/77176","targetHints":{"allow":["GET"]}}],"collection":[{"href":"https:\/\/skinstudio.ee\/lv\/wp-json\/wp\/v2\/product"}],"about":[{"href":"https:\/\/skinstudio.ee\/lv\/wp-json\/wp\/v2\/types\/product"}],"version-history":[{"count":2,"href":"https:\/\/skinstudio.ee\/lv\/wp-json\/wp\/v2\/product\/77176\/revisions"}],"predecessor-version":[{"id":88226,"href":"https:\/\/skinstudio.ee\/lv\/wp-json\/wp\/v2\/product\/77176\/revisions\/88226"}],"wp:featuredmedia":[{"embeddable":true,"href":"https:\/\/skinstudio.ee\/lv\/wp-json\/wp\/v2\/media\/92018"}],"wp:attachment":[{"href":"https:\/\/skinstudio.ee\/lv\/wp-json\/wp\/v2\/media?parent=77176"}],"wp:term":[{"taxonomy":"pwb-brand","embeddable":true,"href":"https:\/\/skinstudio.ee\/lv\/wp-json\/wp\/v2\/pwb-brand?post=77176"},{"taxonomy":"product_brand","embeddable":true,"href":"https:\/\/skinstudio.ee\/lv\/wp-json\/wp\/v2\/product_brand?post=77176"},{"taxonomy":"product_cat","embeddable":true,"href":"https:\/\/skinstudio.ee\/lv\/wp-json\/wp\/v2\/product_cat?post=77176"},{"taxonomy":"product_tag","embeddable":true,"href":"https:\/\/skinstudio.ee\/lv\/wp-json\/wp\/v2\/product_tag?post=77176"},{"taxonomy":"giftcard-category","embeddable":true,"href":"https:\/\/skinstudio.ee\/lv\/wp-json\/wp\/v2\/giftcard-category?post=77176"}],"curies":[{"name":"wp","href":"https:\/\/api.w.org\/{rel}","templated":true}]}}