{"id":77190,"date":"2023-05-24T17:57:30","date_gmt":"2023-05-24T17:57:30","guid":{"rendered":"https:\/\/skinstudio.ee\/?post_type=product&#038;p=77190"},"modified":"2026-04-07T12:31:54","modified_gmt":"2026-04-07T12:31:54","slug":"magnesium-citrate","status":"publish","type":"product","link":"https:\/\/skinstudio.ee\/lv\/catalog\/life-extension\/magnesium-citrate\/","title":{"rendered":"Magnesium (Citrate)"},"content":{"rendered":"<div class=\"row item-row\">\n<div class=\"col-xs-24\">\n<p data-start=\"1806\" data-end=\"1895\"><strong data-start=\"1806\" data-end=\"1847\">Magnesium (Citrate) no Life Extension<\/strong> &#8211; uztura bag\u0101tin\u0101t\u0101js ar magniju citr\u0101ta form\u0101.<\/p>\n<p data-start=\"1897\" data-end=\"2075\">Magnijs veicina norm\u0101lu nervu sist\u0113mas darb\u012bbu, norm\u0101lu musku\u013cu darb\u012bbu, norm\u0101lu kaulu un zobu st\u0101vokli, norm\u0101lu ener\u0123ijas vielmai\u0146u, k\u0101 ar\u012b pal\u012bdz samazin\u0101t nogurumu un nesp\u0113ku.<\/p>\n<p data-start=\"2077\" data-end=\"2159\">Formula satur magniju citr\u0101ta form\u0101 un ir kapsulu veid\u0101 \u0113rtai ikdienas lieto\u0161anai.<\/p>\n<p data-start=\"2161\" data-end=\"2317\"><strong data-start=\"2161\" data-end=\"2179\">Ra\u017eots Eirop\u0101.<\/strong><br data-start=\"2179\" data-end=\"2182\" \/><strong data-start=\"2182\" data-end=\"2203\">Der\u012bguma termi\u0146\u0161:<\/strong> skat\u012bt uz iepakojuma<br data-start=\"2224\" data-end=\"2227\" \/><strong data-start=\"2227\" data-end=\"2243\">Uzglab\u0101\u0161ana:<\/strong> uzglab\u0101t cie\u0161i nosl\u0113gtu v\u0113s\u0101 un saus\u0101 viet\u0101<br data-start=\"2287\" data-end=\"2290\" \/><strong data-start=\"2290\" data-end=\"2302\">Tilpums:<\/strong> 100 kapsulas<\/p>\n<\/div>\n<\/div>\n","protected":false},"excerpt":{"rendered":"<p data-start=\"2324\" data-end=\"2370\">Uztura bag\u0101tin\u0101t\u0101js ar magniju citr\u0101ta form\u0101<\/p>\n<h2 data-section-id=\"1jw4owa\" data-start=\"2372\" data-end=\"2425\"><strong data-start=\"2376\" data-end=\"2425\">\u012apa\u0161\u012bbas Life Extension &#8211; Magnesium (Citrate)<\/strong><\/h2>\n<p data-start=\"2427\" data-end=\"2566\">\u2714\ufe0f Magnijs citr\u0101ta form\u0101<br data-start=\"2451\" data-end=\"2454\" \/>\u2714\ufe0f 100 kapsulas iepakojum\u0101<br data-start=\"2480\" data-end=\"2483\" \/>\u2714\ufe0f Kapsulu forma \u0113rtai lieto\u0161anai<br data-start=\"2516\" data-end=\"2519\" \/>\u2714\ufe0f Piem\u0113rots ikdienas lieto\u0161anai<br data-start=\"2551\" data-end=\"2554\" \/>\u2714\ufe0f Bez \u0122MO<\/p>\n","protected":false},"featured_media":92013,"template":"","meta":[],"pwb-brand":[774],"product_brand":[],"product_cat":[768],"product_tag":[],"giftcard-category":[],"class_list":{"0":"post-77190","1":"product","2":"type-product","3":"status-publish","4":"has-post-thumbnail","6":"pwb-brand-life-extension","7":"product_cat-vitamini","9":"first","10":"instock","11":"taxable","12":"shipping-taxable","13":"purchasable","14":"product-type-simple"},"acf":[],"brands":[{"id":774,"name":"Life Extension","slug":"life-extension"}],"_links":{"self":[{"href":"https:\/\/skinstudio.ee\/lv\/wp-json\/wp\/v2\/product\/77190","targetHints":{"allow":["GET"]}}],"collection":[{"href":"https:\/\/skinstudio.ee\/lv\/wp-json\/wp\/v2\/product"}],"about":[{"href":"https:\/\/skinstudio.ee\/lv\/wp-json\/wp\/v2\/types\/product"}],"version-history":[{"count":3,"href":"https:\/\/skinstudio.ee\/lv\/wp-json\/wp\/v2\/product\/77190\/revisions"}],"predecessor-version":[{"id":87133,"href":"https:\/\/skinstudio.ee\/lv\/wp-json\/wp\/v2\/product\/77190\/revisions\/87133"}],"wp:featuredmedia":[{"embeddable":true,"href":"https:\/\/skinstudio.ee\/lv\/wp-json\/wp\/v2\/media\/92013"}],"wp:attachment":[{"href":"https:\/\/skinstudio.ee\/lv\/wp-json\/wp\/v2\/media?parent=77190"}],"wp:term":[{"taxonomy":"pwb-brand","embeddable":true,"href":"https:\/\/skinstudio.ee\/lv\/wp-json\/wp\/v2\/pwb-brand?post=77190"},{"taxonomy":"product_brand","embeddable":true,"href":"https:\/\/skinstudio.ee\/lv\/wp-json\/wp\/v2\/product_brand?post=77190"},{"taxonomy":"product_cat","embeddable":true,"href":"https:\/\/skinstudio.ee\/lv\/wp-json\/wp\/v2\/product_cat?post=77190"},{"taxonomy":"product_tag","embeddable":true,"href":"https:\/\/skinstudio.ee\/lv\/wp-json\/wp\/v2\/product_tag?post=77190"},{"taxonomy":"giftcard-category","embeddable":true,"href":"https:\/\/skinstudio.ee\/lv\/wp-json\/wp\/v2\/giftcard-category?post=77190"}],"curies":[{"name":"wp","href":"https:\/\/api.w.org\/{rel}","templated":true}]}}