{"id":77201,"date":"2023-05-24T17:57:11","date_gmt":"2023-05-24T17:57:11","guid":{"rendered":"https:\/\/skinstudio.ee\/?post_type=product&#038;p=77201"},"modified":"2026-04-07T12:37:19","modified_gmt":"2026-04-07T12:37:19","slug":"bioactive-complete-b-complex","status":"publish","type":"product","link":"https:\/\/skinstudio.ee\/lv\/catalog\/life-extension\/bioactive-complete-b-complex\/","title":{"rendered":"BioActive Complete B-Complex"},"content":{"rendered":"<p data-start=\"1724\" data-end=\"1826\"><strong data-start=\"1724\" data-end=\"1774\">BioActive Complete B-Complex no Life Extension<\/strong> &#8211; uztura bag\u0101tin\u0101t\u0101js ar B vitam\u012bniem un inozitolu.<\/p>\n<p data-start=\"1828\" data-end=\"1955\">B vitam\u012bni veicina norm\u0101lu ener\u0123ijas vielmai\u0146u, veicina norm\u0101lu nervu sist\u0113mas darb\u012bbu un pal\u012bdz samazin\u0101t nogurumu un nesp\u0113ku.<\/p>\n<p data-start=\"1957\" data-end=\"2042\">Formula satur B vitam\u012bnus un inozitolu un ir kapsulu veid\u0101 \u0113rtai ikdienas lieto\u0161anai.<\/p>\n<p data-start=\"2044\" data-end=\"2199\"><strong data-start=\"2044\" data-end=\"2062\">Ra\u017eots Eirop\u0101.<\/strong><br data-start=\"2062\" data-end=\"2065\" \/><strong data-start=\"2065\" data-end=\"2086\">Der\u012bguma termi\u0146\u0161:<\/strong> skat\u012bt uz iepakojuma<br data-start=\"2107\" data-end=\"2110\" \/><strong data-start=\"2110\" data-end=\"2126\">Uzglab\u0101\u0161ana:<\/strong> uzglab\u0101t cie\u0161i nosl\u0113gtu v\u0113s\u0101 un saus\u0101 viet\u0101<br data-start=\"2170\" data-end=\"2173\" \/><strong data-start=\"2173\" data-end=\"2185\">Tilpums:<\/strong> 60 kapsulas<\/p>\n","protected":false},"excerpt":{"rendered":"<p data-start=\"2206\" data-end=\"2243\">Uztura bag\u0101tin\u0101t\u0101js ar B vitam\u012bniem<\/p>\n<h2 data-section-id=\"hg5suz\" data-start=\"2245\" data-end=\"2307\"><strong data-start=\"2249\" data-end=\"2307\">\u012apa\u0161\u012bbas Life Extension &#8211; BioActive Complete B-Complex<\/strong><\/h2>\n<p data-start=\"2309\" data-end=\"2441\">\u2714\ufe0f Satur B vitam\u012bnus<br data-start=\"2329\" data-end=\"2332\" \/>\u2714\ufe0f Formula ar inozitolu<br data-start=\"2355\" data-end=\"2358\" \/>\u2714\ufe0f Kapsulu forma \u0113rtai lieto\u0161anai<br data-start=\"2391\" data-end=\"2394\" \/>\u2714\ufe0f Piem\u0113rots ikdienas lieto\u0161anai<br data-start=\"2426\" data-end=\"2429\" \/>\u2714\ufe0f Bez \u0122MO<\/p>\n","protected":false},"featured_media":77202,"template":"","meta":[],"pwb-brand":[774],"product_brand":[],"product_cat":[768],"product_tag":[],"giftcard-category":[],"class_list":{"0":"post-77201","1":"product","2":"type-product","3":"status-publish","4":"has-post-thumbnail","6":"pwb-brand-life-extension","7":"product_cat-vitamini","9":"first","10":"instock","11":"taxable","12":"shipping-taxable","13":"purchasable","14":"product-type-simple"},"acf":[],"brands":[{"id":774,"name":"Life Extension","slug":"life-extension"}],"_links":{"self":[{"href":"https:\/\/skinstudio.ee\/lv\/wp-json\/wp\/v2\/product\/77201","targetHints":{"allow":["GET"]}}],"collection":[{"href":"https:\/\/skinstudio.ee\/lv\/wp-json\/wp\/v2\/product"}],"about":[{"href":"https:\/\/skinstudio.ee\/lv\/wp-json\/wp\/v2\/types\/product"}],"version-history":[{"count":2,"href":"https:\/\/skinstudio.ee\/lv\/wp-json\/wp\/v2\/product\/77201\/revisions"}],"predecessor-version":[{"id":87096,"href":"https:\/\/skinstudio.ee\/lv\/wp-json\/wp\/v2\/product\/77201\/revisions\/87096"}],"wp:featuredmedia":[{"embeddable":true,"href":"https:\/\/skinstudio.ee\/lv\/wp-json\/wp\/v2\/media\/77202"}],"wp:attachment":[{"href":"https:\/\/skinstudio.ee\/lv\/wp-json\/wp\/v2\/media?parent=77201"}],"wp:term":[{"taxonomy":"pwb-brand","embeddable":true,"href":"https:\/\/skinstudio.ee\/lv\/wp-json\/wp\/v2\/pwb-brand?post=77201"},{"taxonomy":"product_brand","embeddable":true,"href":"https:\/\/skinstudio.ee\/lv\/wp-json\/wp\/v2\/product_brand?post=77201"},{"taxonomy":"product_cat","embeddable":true,"href":"https:\/\/skinstudio.ee\/lv\/wp-json\/wp\/v2\/product_cat?post=77201"},{"taxonomy":"product_tag","embeddable":true,"href":"https:\/\/skinstudio.ee\/lv\/wp-json\/wp\/v2\/product_tag?post=77201"},{"taxonomy":"giftcard-category","embeddable":true,"href":"https:\/\/skinstudio.ee\/lv\/wp-json\/wp\/v2\/giftcard-category?post=77201"}],"curies":[{"name":"wp","href":"https:\/\/api.w.org\/{rel}","templated":true}]}}