{"id":77209,"date":"2023-05-24T17:57:11","date_gmt":"2023-05-24T17:57:11","guid":{"rendered":"https:\/\/skinstudio.ee\/?post_type=product&#038;p=77209"},"modified":"2026-04-07T12:35:12","modified_gmt":"2026-04-07T12:35:12","slug":"prenatal-advantage","status":"publish","type":"product","link":"https:\/\/skinstudio.ee\/lv\/catalog\/life-extension\/prenatal-advantage\/","title":{"rendered":"Prenatal Advantage"},"content":{"rendered":"<p data-start=\"1991\" data-end=\"2114\"><strong data-start=\"1998\" data-end=\"2038\">Prenatal Advantage no Life Extension<\/strong> ir uztura bag\u0101tin\u0101t\u0101js ar vitam\u012bniem, miner\u0101lviel\u0101m un papildu uzturviel\u0101m.<\/p>\n<p data-start=\"2116\" data-end=\"2270\">Formula satur vitam\u012bnus A, B grupas, C, D3 un K, k\u0101 ar\u012b miner\u0101lvielas, tostarp dzelzi, cinku, varu un sel\u0113nu. Papildus sast\u0101v\u0101 ir DHA no a\u013c\u0123\u0113m un lute\u012bns.<\/p>\n<p data-start=\"2272\" data-end=\"2445\">Sast\u0101v\u0101 izmantotas bioakt\u012bv\u0101s uzturvielu formas, tostarp 5-MTHF (fol\u0101ts), metilkobalam\u012bns (vitam\u012bns B12) un piridoks\u0101la-5\u2032-fosf\u0101ts (vitam\u012bns B6). Komplekss ir kapsulu form\u0101.<\/p>\n<p data-start=\"2447\" data-end=\"2467\"><strong data-start=\"2447\" data-end=\"2465\">Ra\u017eots Eirop\u0101.<\/strong><\/p>\n<p data-start=\"2469\" data-end=\"2612\"><strong data-start=\"2469\" data-end=\"2488\">Ieteicams l\u012bdz:<\/strong> skat\u012bt uz iepakojuma<br data-start=\"2509\" data-end=\"2512\" \/><strong data-start=\"2512\" data-end=\"2538\">Uzglab\u0101\u0161anas apst\u0101k\u013ci:<\/strong> uzglab\u0101t cie\u0161i nosl\u0113gtu v\u0113s\u0101 un saus\u0101 viet\u0101<br data-start=\"2582\" data-end=\"2585\" \/><strong data-start=\"2585\" data-end=\"2597\">Tilpums:<\/strong> 120 kapsulas<\/p>\n","protected":false},"excerpt":{"rendered":"<p data-start=\"2619\" data-end=\"2693\">Uztura bag\u0101tin\u0101t\u0101js ar vitam\u012bniem un miner\u0101lviel\u0101m gr\u016btniec\u012bbas periodam<\/p>\n<h2 data-start=\"2695\" data-end=\"2743\"><strong data-start=\"2695\" data-end=\"2743\">\u012apa\u0161\u012bbas Life Extension &#8211; Prenatal Advantage<\/strong><\/h2>\n<p data-start=\"2745\" data-end=\"2952\">\u2714\ufe0f Vitam\u012bnu A, B, C, D3 un K komplekss<br data-start=\"2783\" data-end=\"2786\" \/>\u2714\ufe0f Miner\u0101lvielas, tostarp dzelzs, cinks, var\u0161 un sel\u0113ns<br data-start=\"2841\" data-end=\"2844\" \/>\u2714\ufe0f DHA no a\u013c\u0123\u0113m un lute\u012bns sast\u0101v\u0101<br data-start=\"2878\" data-end=\"2881\" \/>\u2714\ufe0f Bioakt\u012bv\u0101s fol\u0101ta un B vitam\u012bnu formas<br data-start=\"2922\" data-end=\"2925\" \/>\u2714\ufe0f Bez glut\u0113na un bez \u0122MO<\/p>\n","protected":false},"featured_media":77210,"template":"","meta":[],"pwb-brand":[774],"product_brand":[],"product_cat":[768],"product_tag":[],"giftcard-category":[],"class_list":{"0":"post-77209","1":"product","2":"type-product","3":"status-publish","4":"has-post-thumbnail","6":"pwb-brand-life-extension","7":"product_cat-vitamini","9":"first","10":"instock","11":"taxable","12":"shipping-taxable","13":"purchasable","14":"product-type-simple"},"acf":[],"brands":[{"id":774,"name":"Life Extension","slug":"life-extension"}],"_links":{"self":[{"href":"https:\/\/skinstudio.ee\/lv\/wp-json\/wp\/v2\/product\/77209","targetHints":{"allow":["GET"]}}],"collection":[{"href":"https:\/\/skinstudio.ee\/lv\/wp-json\/wp\/v2\/product"}],"about":[{"href":"https:\/\/skinstudio.ee\/lv\/wp-json\/wp\/v2\/types\/product"}],"version-history":[{"count":2,"href":"https:\/\/skinstudio.ee\/lv\/wp-json\/wp\/v2\/product\/77209\/revisions"}],"predecessor-version":[{"id":88185,"href":"https:\/\/skinstudio.ee\/lv\/wp-json\/wp\/v2\/product\/77209\/revisions\/88185"}],"wp:featuredmedia":[{"embeddable":true,"href":"https:\/\/skinstudio.ee\/lv\/wp-json\/wp\/v2\/media\/77210"}],"wp:attachment":[{"href":"https:\/\/skinstudio.ee\/lv\/wp-json\/wp\/v2\/media?parent=77209"}],"wp:term":[{"taxonomy":"pwb-brand","embeddable":true,"href":"https:\/\/skinstudio.ee\/lv\/wp-json\/wp\/v2\/pwb-brand?post=77209"},{"taxonomy":"product_brand","embeddable":true,"href":"https:\/\/skinstudio.ee\/lv\/wp-json\/wp\/v2\/product_brand?post=77209"},{"taxonomy":"product_cat","embeddable":true,"href":"https:\/\/skinstudio.ee\/lv\/wp-json\/wp\/v2\/product_cat?post=77209"},{"taxonomy":"product_tag","embeddable":true,"href":"https:\/\/skinstudio.ee\/lv\/wp-json\/wp\/v2\/product_tag?post=77209"},{"taxonomy":"giftcard-category","embeddable":true,"href":"https:\/\/skinstudio.ee\/lv\/wp-json\/wp\/v2\/giftcard-category?post=77209"}],"curies":[{"name":"wp","href":"https:\/\/api.w.org\/{rel}","templated":true}]}}